{"id":47815,"date":"2026-03-30T22:05:49","date_gmt":"2026-03-30T21:05:49","guid":{"rendered":"https:\/\/bigbuy.tupique.com\/produto\/smartphone-samsung-sm-a536b-65-exynos-1280-6-gb-ram-128-gb-white\/"},"modified":"2026-05-11T19:55:26","modified_gmt":"2026-05-11T17:55:26","slug":"smartphone-samsung-sm-a536b-65-exynos-1280-6-gb-ram-128-gb-white","status":"publish","type":"product","link":"https:\/\/bigbuy.tupique.com\/en\/produto\/smartphone-samsung-sm-a536b-65-exynos-1280-6-gb-ram-128-gb-white\/","title":{"rendered":"Smartphone Samsung SM-A536B 6,5&#8243; Exynos 1280 6 GB RAM 128 GB Blanc"},"content":{"rendered":"<p>Si vous \u00eates passionn\u00e9 d&#8217;<b>informatique et d&#8217;\u00e9lectronique<\/b>, si vous \u00eates \u00e0 la pointe de la technologie et qu&#8217;aucun d\u00e9tail ne vous \u00e9chappe, achetez <b>Smartphone Samsung SM-A536B 6,5&#8243; Exynos 1280 6 GB RAM 128 GB Blanc<\/b> au meilleur prix.<\/p>\n<ul>\n<li>Compatible: Samsung Bixby<\/li>\n<li>Capacit\u00e9 de la batterie: 5000 mAh<\/li>\n<li>Cartes M\u00e9moire Compatibles: MicroSD (TransFlash)<\/li>\n<li>Fr\u00e9quence: 120 Hz<\/li>\n<li>Non inclut: Adaptateur AC<\/li>\n<li>Type de flash: LED<\/li>\n<li>Acc\u00e9l\u00e9rom\u00e8tre: Oui<\/li>\n<li>Type d&#8217;\u00e9cran: SAMOLED<\/li>\n<li>Stabilisateur d&#8217;image: Oui<\/li>\n<li>Glonass: Oui<\/li>\n<li>Technologie: Corning Gorilla Glass<\/li>\n<li>Haut-parleur: Oui<\/li>\n<li>Caract\u00e9ristiques:\n<ul>\n<li>Lecteur d&#8217;empreintes<\/li>\n<li>\u00c9cran plat<\/li>\n<li>Chargement rapide<\/li>\n<li>Boussole \u00e9lectronique<\/li>\n<li>Haut-parleur<\/li>\n<li>St\u00e9r\u00e9o<\/li>\n<li>Vibration<\/li>\n<li>R\u00e9sistant \u00e0 l&#8217;eau<\/li>\n<\/ul>\n<\/li>\n<li>Rapport d&#8217;aspect: 20:9<\/li>\n<li>Noyaux:\n<ul>\n<li>8 Noyaux<\/li>\n<li>8<\/li>\n<\/ul>\n<\/li>\n<li>M\u00e9moire RAM: 6 GB RAM<\/li>\n<li>Connectivit\u00e9:\n<ul>\n<li>Wi-Fi 5 GHz<\/li>\n<li>4G<\/li>\n<li>Wi-Fi<\/li>\n<li>Bluetooth<\/li>\n<li>GPS<\/li>\n<li>nano SIM<\/li>\n<li>BeiDou<\/li>\n<li>5G<\/li>\n<li>NFC<\/li>\n<li>Bluetooth 5.1<\/li>\n<li>Galileo<\/li>\n<\/ul>\n<\/li>\n<li>Syst\u00e8me d&#8217;exploitation: Android 12<\/li>\n<li>vitesse: 2,4 GHz<\/li>\n<li>Brille: 420 cd\/m\u00b2<\/li>\n<li>R\u00e9solution: 407 PPP<\/li>\n<li>Cam\u00e9ra\/Appareil Photo: 64 Mp<\/li>\n<li>Gyroscope: Oui<\/li>\n<li>Ecran tactile: Oui<\/li>\n<li>Zoom Num\u00e9rique: 10x<\/li>\n<li>Connexions:\n<ul>\n<li>USB 2.0<\/li>\n<li>USB-C<\/li>\n<\/ul>\n<\/li>\n<li>Couleur: Blanc<\/li>\n<li>Facteur de forme: Bar<\/li>\n<li>Ecran: 6,5&#8243;<\/li>\n<li>GPS: Oui<\/li>\n<li>Classification IP: IP67<\/li>\n<li>Capteurs: Magn\u00e9tom\u00e8tre<\/li>\n<li>Diagonale de l&#8217;\u00e9cran (cm): 16,5 cm<\/li>\n<li>Produit \u00e0 brancher: Oui<\/li>\n<li>Type: Smartphone<\/li>\n<li>Type de prise: Prise EU<\/li>\n<li>Fonctions: Vibration<\/li>\n<li>Autonomie approx.: 18 heures<\/li>\n<li>M\u00e9moire interne: 128 GB<\/li>\n<\/ul>","protected":false},"excerpt":{"rendered":"<p>Si vous \u00eates passionn\u00e9 d&#8217;informatique et d&#8217;\u00e9lectronique, si vous \u00eates \u00e0 la pointe de la technologie et qu&#8217;aucun d\u00e9tail ne vous \u00e9chappe, achetez Smartphone Samsung SM-A536B 6,5&#8243; Exynos 1280 6 GB RAM 128 GB Blanc au meilleur prix. Compatible: Samsung Bixby Capacit\u00e9 de la batterie: 5000 mAh Cartes M\u00e9moire Compatibles: MicroSD (TransFlash) Fr\u00e9quence: 120 Hz [&hellip;]<\/p>\n","protected":false},"featured_media":47812,"comment_status":"open","ping_status":"closed","template":"","meta":[],"product_brand":[183],"product_cat":[575,65,960],"product_tag":[213,566,106],"class_list":{"0":"post-47815","1":"product","2":"type-product","3":"status-publish","4":"has-post-thumbnail","6":"product_brand-brandp_576","7":"product_cat-electronique-telephonie-et-tablettes","8":"product_cat-informatique-electronique","9":"product_cat-telephones-portables","10":"product_tag-tag_933","11":"product_tag-tag_547","12":"product_tag-tag_1295","14":"first","15":"instock","16":"taxable","17":"shipping-taxable","18":"purchasable","19":"product-type-simple"},"_links":{"self":[{"href":"https:\/\/bigbuy.tupique.com\/en\/wp-json\/wp\/v2\/product\/47815","targetHints":{"allow":["GET"]}}],"collection":[{"href":"https:\/\/bigbuy.tupique.com\/en\/wp-json\/wp\/v2\/product"}],"about":[{"href":"https:\/\/bigbuy.tupique.com\/en\/wp-json\/wp\/v2\/types\/product"}],"replies":[{"embeddable":true,"href":"https:\/\/bigbuy.tupique.com\/en\/wp-json\/wp\/v2\/comments?post=47815"}],"wp:featuredmedia":[{"embeddable":true,"href":"https:\/\/bigbuy.tupique.com\/en\/wp-json\/wp\/v2\/media\/47812"}],"wp:attachment":[{"href":"https:\/\/bigbuy.tupique.com\/en\/wp-json\/wp\/v2\/media?parent=47815"}],"wp:term":[{"taxonomy":"product_brand","embeddable":true,"href":"https:\/\/bigbuy.tupique.com\/en\/wp-json\/wp\/v2\/product_brand?post=47815"},{"taxonomy":"product_cat","embeddable":true,"href":"https:\/\/bigbuy.tupique.com\/en\/wp-json\/wp\/v2\/product_cat?post=47815"},{"taxonomy":"product_tag","embeddable":true,"href":"https:\/\/bigbuy.tupique.com\/en\/wp-json\/wp\/v2\/product_tag?post=47815"}],"curies":[{"name":"wp","href":"https:\/\/api.w.org\/{rel}","templated":true}]}}