{"id":47639,"date":"2026-03-30T21:50:35","date_gmt":"2026-03-30T20:50:35","guid":{"rendered":"https:\/\/bigbuy.tupique.com\/produto\/usb-hub-lenovo-40ba0265eu-black\/"},"modified":"2026-05-11T20:00:42","modified_gmt":"2026-05-11T18:00:42","slug":"usb-hub-lenovo-40ba0265eu-black","status":"publish","type":"product","link":"https:\/\/bigbuy.tupique.com\/en\/produto\/usb-hub-lenovo-40ba0265eu-black\/","title":{"rendered":"Hub USB Lenovo 40BA0265EU Noir"},"content":{"rendered":"<p>Si vous \u00eates \u00e0 la recherche de nouvelles tendances sur le march\u00e9, nous vous pr\u00e9sentons <b>Hub USB Lenovo 40BA0265EU Noir<\/b> !<\/p>\n<ul>\n<li>Type:\n<ul>\n<li>Hub USB<\/li>\n<li>Avec fil<\/li>\n<\/ul>\n<\/li>\n<li>Couleur: Noir<\/li>\n<li>Connexions:\n<ul>\n<li>HDMI<\/li>\n<li>RJ45<\/li>\n<li>USB-C 3.2 Gen 1 (3.1 Gen 1) x 2<\/li>\n<li>USB 3.2 x 3<\/li>\n<\/ul>\n<\/li>\n<li>R\u00e9solution: 8K Ultra HD<\/li>\n<li>Bloc d\u2019Alimentation: Courant alternatif<\/li>\n<li>Fr\u00e9quence: 60 Hz<\/li>\n<\/ul>","protected":false},"excerpt":{"rendered":"<p>Si vous \u00eates \u00e0 la recherche de nouvelles tendances sur le march\u00e9, nous vous pr\u00e9sentons Hub USB Lenovo 40BA0265EU Noir ! Type: Hub USB Avec fil Couleur: Noir Connexions: HDMI RJ45 USB-C 3.2 Gen 1 (3.1 Gen 1) x 2 USB 3.2 x 3 R\u00e9solution: 8K Ultra HD Bloc d\u2019Alimentation: Courant alternatif Fr\u00e9quence: 60 Hz<\/p>","protected":false},"featured_media":47615,"comment_status":"open","ping_status":"closed","template":"","meta":[],"product_brand":[661],"product_cat":[611,65,584],"product_tag":[106],"class_list":{"0":"post-47639","1":"product","2":"type-product","3":"status-publish","4":"has-post-thumbnail","6":"product_brand-brandp_558","7":"product_cat-hub-usb","8":"product_cat-informatique-electronique","9":"product_cat-informatique-reseaux-et-composants","10":"product_tag-tag_1295","12":"first","13":"instock","14":"taxable","15":"shipping-taxable","16":"purchasable","17":"product-type-simple"},"_links":{"self":[{"href":"https:\/\/bigbuy.tupique.com\/en\/wp-json\/wp\/v2\/product\/47639","targetHints":{"allow":["GET"]}}],"collection":[{"href":"https:\/\/bigbuy.tupique.com\/en\/wp-json\/wp\/v2\/product"}],"about":[{"href":"https:\/\/bigbuy.tupique.com\/en\/wp-json\/wp\/v2\/types\/product"}],"replies":[{"embeddable":true,"href":"https:\/\/bigbuy.tupique.com\/en\/wp-json\/wp\/v2\/comments?post=47639"}],"wp:featuredmedia":[{"embeddable":true,"href":"https:\/\/bigbuy.tupique.com\/en\/wp-json\/wp\/v2\/media\/47615"}],"wp:attachment":[{"href":"https:\/\/bigbuy.tupique.com\/en\/wp-json\/wp\/v2\/media?parent=47639"}],"wp:term":[{"taxonomy":"product_brand","embeddable":true,"href":"https:\/\/bigbuy.tupique.com\/en\/wp-json\/wp\/v2\/product_brand?post=47639"},{"taxonomy":"product_cat","embeddable":true,"href":"https:\/\/bigbuy.tupique.com\/en\/wp-json\/wp\/v2\/product_cat?post=47639"},{"taxonomy":"product_tag","embeddable":true,"href":"https:\/\/bigbuy.tupique.com\/en\/wp-json\/wp\/v2\/product_tag?post=47639"}],"curies":[{"name":"wp","href":"https:\/\/api.w.org\/{rel}","templated":true}]}}