{"id":47489,"date":"2026-03-30T21:37:48","date_gmt":"2026-03-30T20:37:48","guid":{"rendered":"https:\/\/bigbuy.tupique.com\/produto\/smartwatch-apple-watch-se-black-157-40-mm\/"},"modified":"2026-05-11T19:55:52","modified_gmt":"2026-05-11T17:55:52","slug":"smartwatch-apple-watch-se-black-157-40-mm","status":"publish","type":"product","link":"https:\/\/bigbuy.tupique.com\/en\/produto\/smartwatch-apple-watch-se-black-157-40-mm\/","title":{"rendered":"Montre intelligente Apple Watch SE Noir 1,57&#8243; 40 mm"},"content":{"rendered":"<p>Si vous \u00eates passionn\u00e9 d&#8217;<b>informatique et d&#8217;\u00e9lectronique<\/b>, si vous \u00eates \u00e0 la pointe de la technologie et qu&#8217;aucun d\u00e9tail ne vous \u00e9chappe, achetez <b>Montre intelligente Apple Watch SE Noir 1,57&#8243; 40 mm<\/b> au meilleur prix.<\/p>\n<ul>\n<li>Type de prise: Prise EU<\/li>\n<li>Type de montre: Montre intelligente<\/li>\n<li>Produit \u00e0 brancher: Oui<\/li>\n<li>Autonomie approx.: 18 heures<\/li>\n<li>Capacit\u00e9 de la batterie: 296 mAh<\/li>\n<li>Ecran:\n<ul>\n<li>1,78&#8243;<\/li>\n<li>1,57&#8243;<\/li>\n<\/ul>\n<\/li>\n<li>Taille: 40 mm<\/li>\n<li>Connectivit\u00e9:\n<ul>\n<li>4G<\/li>\n<li>3G<\/li>\n<li>Bluetooth<\/li>\n<li>Wi-Fi<\/li>\n<li>GPS<\/li>\n<li>NFC<\/li>\n<li>Bluetooth 5.0<\/li>\n<li>Glonass<\/li>\n<li>Galileo<\/li>\n<\/ul>\n<\/li>\n<li>Couleur:\n<ul>\n<li>Gris<\/li>\n<li>Noir<\/li>\n<\/ul>\n<\/li>\n<li>Bloc d\u2019Alimentation: r\u00e9seau \u00e9lectrique<\/li>\n<li>M\u00e9moire interne: 32 GB<\/li>\n<li>Syst\u00e8me d&#8217;exploitation: iOS<\/li>\n<li>Processeur: Dual Core<\/li>\n<li>Mati\u00e8re: Aluminium<\/li>\n<li>Caract\u00e9ristiques:\n<ul>\n<li>Acc\u00e9l\u00e9rom\u00e8tre<\/li>\n<li>Haut-parleurs int\u00e9gr\u00e9s<\/li>\n<li>Ecran tactile<\/li>\n<li>Capteur de lumi\u00e8re ambiante<\/li>\n<li>Gyroscope<\/li>\n<li>Altim\u00e8tre<\/li>\n<li>Alarme<\/li>\n<li>Microphone int\u00e9gr\u00e9<\/li>\n<li>Capteur optique<\/li>\n<li>Moniteur de Sommeil<\/li>\n<li>SMS<\/li>\n<li>Connexion au r\u00e9seau mobile<\/li>\n<li>Charge magn\u00e9tique<\/li>\n<li>\u00c9cran avec coins arrondis<\/li>\n<\/ul>\n<\/li>\n<li>Connexions:\n<ul>\n<li>USB-C<\/li>\n<li>4G<\/li>\n<\/ul>\n<\/li>\n<li>Type de batterie:\n<ul>\n<li>Int\u00e9gr\u00e9e<\/li>\n<li>Litio Ion<\/li>\n<\/ul>\n<\/li>\n<li>Compatible: Siri<\/li>\n<li>Caisse: 40 mm<\/li>\n<li>Forme: Rectangulaire<\/li>\n<li>Cam\u00e9ra\/Appareil Photo: Non<\/li>\n<li>Chargeur sans fil: Oui<\/li>\n<li>Brille: 1000 cd\/m\u00b2<\/li>\n<li>Radio FM: Non<\/li>\n<li>R\u00e9sistant \u00e0 l&#8217;eau: 50 m<\/li>\n<li>Technologie: OLED<\/li>\n<li>Fonctions: Moniteur de fr\u00e9quence cardiaque<\/li>\n<li>Connexion USB: Non<\/li>\n<li>Sangle: Amovible<\/li>\n<li>R\u00e9solution: 324 x 394 px<\/li>\n<\/ul>","protected":false},"excerpt":{"rendered":"<p><span class=\"unit-info\">7324.7500 &euro; \/ 1 m<\/span><\/p>","protected":false},"featured_media":47487,"comment_status":"open","ping_status":"closed","template":"","meta":[],"product_brand":[979],"product_cat":[575,65,748],"product_tag":[103,566,106],"class_list":{"0":"post-47489","1":"product","2":"type-product","3":"status-publish","4":"has-post-thumbnail","6":"product_brand-brandp_533","7":"product_cat-electronique-telephonie-et-tablettes","8":"product_cat-informatique-electronique","9":"product_cat-smartwatches","10":"product_tag-tag_1261","11":"product_tag-tag_547","12":"product_tag-tag_1295","14":"first","15":"instock","16":"taxable","17":"shipping-taxable","18":"purchasable","19":"product-type-simple"},"_links":{"self":[{"href":"https:\/\/bigbuy.tupique.com\/en\/wp-json\/wp\/v2\/product\/47489","targetHints":{"allow":["GET"]}}],"collection":[{"href":"https:\/\/bigbuy.tupique.com\/en\/wp-json\/wp\/v2\/product"}],"about":[{"href":"https:\/\/bigbuy.tupique.com\/en\/wp-json\/wp\/v2\/types\/product"}],"replies":[{"embeddable":true,"href":"https:\/\/bigbuy.tupique.com\/en\/wp-json\/wp\/v2\/comments?post=47489"}],"wp:featuredmedia":[{"embeddable":true,"href":"https:\/\/bigbuy.tupique.com\/en\/wp-json\/wp\/v2\/media\/47487"}],"wp:attachment":[{"href":"https:\/\/bigbuy.tupique.com\/en\/wp-json\/wp\/v2\/media?parent=47489"}],"wp:term":[{"taxonomy":"product_brand","embeddable":true,"href":"https:\/\/bigbuy.tupique.com\/en\/wp-json\/wp\/v2\/product_brand?post=47489"},{"taxonomy":"product_cat","embeddable":true,"href":"https:\/\/bigbuy.tupique.com\/en\/wp-json\/wp\/v2\/product_cat?post=47489"},{"taxonomy":"product_tag","embeddable":true,"href":"https:\/\/bigbuy.tupique.com\/en\/wp-json\/wp\/v2\/product_tag?post=47489"}],"curies":[{"name":"wp","href":"https:\/\/api.w.org\/{rel}","templated":true}]}}