{"id":47325,"date":"2026-03-30T21:30:43","date_gmt":"2026-03-30T20:30:43","guid":{"rendered":"https:\/\/bigbuy.tupique.com\/produto\/wireless-headphones-beats-beats-studio-pro-beige\/"},"modified":"2026-04-15T07:04:03","modified_gmt":"2026-04-15T06:04:03","slug":"wireless-headphones-beats-beats-studio-pro-beige","status":"publish","type":"product","link":"https:\/\/bigbuy.tupique.com\/en\/produto\/wireless-headphones-beats-beats-studio-pro-beige\/","title":{"rendered":"Casques Sans Fil Beats Beats Studio Pro Beige"},"content":{"rendered":"<p>Si vous \u00eates passionn\u00e9 d&#8217;<b>informatique et d&#8217;\u00e9lectronique<\/b>, si vous \u00eates \u00e0 la pointe de la technologie et qu&#8217;aucun d\u00e9tail ne vous \u00e9chappe, achetez <b>Casques Sans Fil Beats Beats Studio Pro Beige<\/b> au meilleur prix.<\/p>\n<ul>\n<li>Type:\n<ul>\n<li>Casques Sans Fil<\/li>\n<li>Casques avec Microphone<\/li>\n<\/ul>\n<\/li>\n<li>Type de prise: Prise EU<\/li>\n<li>Produit \u00e0 brancher: Oui<\/li>\n<li>Caract\u00e9ristiques:\n<ul>\n<li>Sans fil<\/li>\n<li>Pliable<\/li>\n<li>Microphone int\u00e9gr\u00e9<\/li>\n<li>Garantie<\/li>\n<li>C\u00e2ble amovible<\/li>\n<li>Guide d&#8217;installation inclus<\/li>\n<li>Batterie int\u00e9gr\u00e9e<\/li>\n<\/ul>\n<\/li>\n<li>Bloc d\u2019Alimentation: r\u00e9seau \u00e9lectrique<\/li>\n<li>Couleur:\n<ul>\n<li>Beige<\/li>\n<li>Sable<\/li>\n<\/ul>\n<\/li>\n<li>Connexions:\n<ul>\n<li>USB-C<\/li>\n<li>USB<\/li>\n<li>Jack 3.5 mm<\/li>\n<\/ul>\n<\/li>\n<li>Connectivit\u00e9:\n<ul>\n<li>Bluetooth<\/li>\n<li>Sans fil<\/li>\n<li>Bluetooth 5.3<\/li>\n<\/ul>\n<\/li>\n<li>Type de casque:\n<ul>\n<li>Circonf\u00e9rence externe<\/li>\n<li>Externe supra-aural<\/li>\n<\/ul>\n<\/li>\n<li>Contr\u00f4le: Boutons<\/li>\n<li>Driver: 40 mm<\/li>\n<li>Contr\u00f4leur de volume: Num\u00e9rique<\/li>\n<li>\u00c2ge recommand\u00e9: Adultes<\/li>\n<li>Casque: Binaural<\/li>\n<li>Compatible: Apple<\/li>\n<li>Utilisation recommand\u00e9e: Appels et musique<\/li>\n<li>Inclut: Housse de transport<\/li>\n<li>Type de batterie: Litio Ion<\/li>\n<li>Autonomie approx.: 40 heures<\/li>\n<\/ul>","protected":false},"excerpt":{"rendered":"<p>Si vous \u00eates passionn\u00e9 d&#8217;informatique et d&#8217;\u00e9lectronique, si vous \u00eates \u00e0 la pointe de la technologie et qu&#8217;aucun d\u00e9tail ne vous \u00e9chappe, achetez Casques Sans Fil Beats Beats Studio Pro Beige au meilleur prix. Type: Casques Sans Fil Casques avec Microphone Type de prise: Prise EU Produit \u00e0 brancher: Oui Caract\u00e9ristiques: Sans fil Pliable Microphone [&hellip;]<\/p>\n","protected":false},"featured_media":47320,"comment_status":"open","ping_status":"closed","template":"","meta":[],"product_brand":[1410],"product_cat":[65,581,594],"product_tag":[213,566,106],"class_list":{"0":"post-47325","1":"product","2":"type-product","3":"status-publish","4":"has-post-thumbnail","6":"product_brand-brandp_4845","7":"product_cat-informatique-electronique","8":"product_cat-informatique-peripheriques-et-consommables","9":"product_cat-micros-et-ecouteurs","10":"product_tag-tag_933","11":"product_tag-tag_547","12":"product_tag-tag_1295","14":"first","15":"instock","16":"taxable","17":"shipping-taxable","18":"purchasable","19":"product-type-simple"},"_links":{"self":[{"href":"https:\/\/bigbuy.tupique.com\/en\/wp-json\/wp\/v2\/product\/47325","targetHints":{"allow":["GET"]}}],"collection":[{"href":"https:\/\/bigbuy.tupique.com\/en\/wp-json\/wp\/v2\/product"}],"about":[{"href":"https:\/\/bigbuy.tupique.com\/en\/wp-json\/wp\/v2\/types\/product"}],"replies":[{"embeddable":true,"href":"https:\/\/bigbuy.tupique.com\/en\/wp-json\/wp\/v2\/comments?post=47325"}],"wp:featuredmedia":[{"embeddable":true,"href":"https:\/\/bigbuy.tupique.com\/en\/wp-json\/wp\/v2\/media\/47320"}],"wp:attachment":[{"href":"https:\/\/bigbuy.tupique.com\/en\/wp-json\/wp\/v2\/media?parent=47325"}],"wp:term":[{"taxonomy":"product_brand","embeddable":true,"href":"https:\/\/bigbuy.tupique.com\/en\/wp-json\/wp\/v2\/product_brand?post=47325"},{"taxonomy":"product_cat","embeddable":true,"href":"https:\/\/bigbuy.tupique.com\/en\/wp-json\/wp\/v2\/product_cat?post=47325"},{"taxonomy":"product_tag","embeddable":true,"href":"https:\/\/bigbuy.tupique.com\/en\/wp-json\/wp\/v2\/product_tag?post=47325"}],"curies":[{"name":"wp","href":"https:\/\/api.w.org\/{rel}","templated":true}]}}