{"id":47277,"date":"2026-03-30T21:19:21","date_gmt":"2026-03-30T20:19:21","guid":{"rendered":"https:\/\/bigbuy.tupique.com\/produto\/smartwatch-apple-watch-series-11-gps-cellular-grey-177-42-mm-43-mm\/"},"modified":"2026-05-11T19:55:52","modified_gmt":"2026-05-11T17:55:52","slug":"smartwatch-apple-watch-series-11-gps-cellular-grey-177-42-mm-43-mm","status":"publish","type":"product","link":"https:\/\/bigbuy.tupique.com\/en\/produto\/smartwatch-apple-watch-series-11-gps-cellular-grey-177-42-mm-43-mm\/","title":{"rendered":"Montre intelligente Apple Watch Series 11 GPS + Cellular Gris 1,77&#8243; 42 mm 43 mm"},"content":{"rendered":"<p>Si vous \u00eates passionn\u00e9 d&#8217;<b>informatique et d&#8217;\u00e9lectronique<\/b>, si vous \u00eates \u00e0 la pointe de la technologie et qu&#8217;aucun d\u00e9tail ne vous \u00e9chappe, achetez <b>Montre intelligente Apple Watch Series 11 GPS + Cellular Gris 1,77&#8243; 42 mm 43 mm<\/b> au meilleur prix.<\/p>\n<p>L\u2019<b>Apple Watch<\/b> est une <b>smartwatch<\/b> avanc\u00e9e qui associe technologie et design dans un appareil compact et fonctionnel, con\u00e7u pour vous accompagner tout au long de la journ\u00e9e. Son <b>\u00e9cran de 1,77&#8243;<\/b> offre une visibilit\u00e9 claire et lumineuse, id\u00e9ale pour consulter les notifications, suivre l\u2019activit\u00e9 physique ou contr\u00f4ler en temps r\u00e9el vos constantes vitales. La finition en <b>gris<\/b> conf\u00e8re \u00e0 la montre un aspect \u00e9l\u00e9gant et polyvalent, adapt\u00e9 aussi bien \u00e0 un usage quotidien qu\u2019aux occasions sportives ou formelles. Elle int\u00e8gre <b>64 Go de stockage<\/b>, permettant de conserver applications, musique et donn\u00e9es d\u2019entra\u00eenement sans contrainte. Dot\u00e9e d\u2019un <b>processeur Dual Core<\/b>, elle assure une r\u00e9activit\u00e9 rapide et efficace lors du passage entre les applications et l\u2019ex\u00e9cution de fonctions avanc\u00e9es, offrant une exp\u00e9rience fluide et optimisant la consommation d\u2019\u00e9nergie. Cette smartwatch fonctionne avec une <b>connexion \u00e9lectrique pour la recharge<\/b>, facilitant la charge quotidienne et garantissant que l\u2019appareil soit toujours pr\u00eat \u00e0 l\u2019emploi. Sa compatibilit\u00e9 avec les derni\u00e8res fonctions de sant\u00e9, d\u2019activit\u00e9 et de connectivit\u00e9 renforce son utilit\u00e9 au quotidien, profitant de l\u2019\u00e9cosyst\u00e8me Apple pour offrir une exp\u00e9rience coordonn\u00e9e avec les autres appareils de la marque. Ainsi, l\u2019Apple Watch grise est une option fiable et sophistiqu\u00e9e pour ceux qui souhaitent surveiller leur sant\u00e9 et rester connect\u00e9s depuis leur poignet avec pr\u00e9cision et style.<\/p>\n<ul>\n<li>Type de montre: Montre intelligente<\/li>\n<li>Produit \u00e0 brancher: Oui<\/li>\n<li>Bloc d\u2019Alimentation: r\u00e9seau \u00e9lectrique<\/li>\n<li>Type de prise: Prise EU<\/li>\n<li>Couleur: Gris<\/li>\n<li>M\u00e9moire interne: 64 GB<\/li>\n<li>Processeur: Dual Core<\/li>\n<li>Ecran: 1,77&#8243;<\/li>\n<li>Dimensions approx.: 4,2 x 3,6 x 1 cm<\/li>\n<li>Mati\u00e8re: Titane<\/li>\n<li>Connectivit\u00e9:\n<ul>\n<li>GPS<\/li>\n<li>5G<\/li>\n<\/ul>\n<\/li>\n<li>Caisse: 42 mm<\/li>\n<li>Mat\u00e9riau du bracelet: Silicone<\/li>\n<li>Couleur du bracelet: Gris<\/li>\n<li>Taille:\n<ul>\n<li>S\/M<\/li>\n<li>42 mm<\/li>\n<\/ul>\n<\/li>\n<li>Technologie: GPS<\/li>\n<li>Genre: Adultes unisexes<\/li>\n<li>GPS: Oui<\/li>\n<li>Imperm\u00e9abilit\u00e9: 5 atm<\/li>\n<li>Bracelet: S-L<\/li>\n<li>Autonomie approx.: 24 heures<\/li>\n<li>Bracelet \u00e0 montre: Silicone<\/li>\n<li>Diam\u00e8tre du bo\u00eetier: 43 mm<\/li>\n<li>Couleur du cadran: Gris<\/li>\n<li>Compatible: Apple<\/li>\n<li>Syst\u00e8me d&#8217;exploitation: watchOS 7<\/li>\n<li>Type de batterie: Litio Ion<\/li>\n<li>Sport: Natation<\/li>\n<\/ul>","protected":false},"excerpt":{"rendered":"<p><span class=\"unit-info\">22618.8095 &euro; \/ 1 m<\/span><\/p>","protected":false},"featured_media":47275,"comment_status":"open","ping_status":"closed","template":"","meta":[],"product_brand":[979],"product_cat":[575,65,748],"product_tag":[103,566,106],"class_list":{"0":"post-47277","1":"product","2":"type-product","3":"status-publish","4":"has-post-thumbnail","6":"product_brand-brandp_533","7":"product_cat-electronique-telephonie-et-tablettes","8":"product_cat-informatique-electronique","9":"product_cat-smartwatches","10":"product_tag-tag_1261","11":"product_tag-tag_547","12":"product_tag-tag_1295","14":"first","15":"instock","16":"taxable","17":"shipping-taxable","18":"purchasable","19":"product-type-simple"},"_links":{"self":[{"href":"https:\/\/bigbuy.tupique.com\/en\/wp-json\/wp\/v2\/product\/47277","targetHints":{"allow":["GET"]}}],"collection":[{"href":"https:\/\/bigbuy.tupique.com\/en\/wp-json\/wp\/v2\/product"}],"about":[{"href":"https:\/\/bigbuy.tupique.com\/en\/wp-json\/wp\/v2\/types\/product"}],"replies":[{"embeddable":true,"href":"https:\/\/bigbuy.tupique.com\/en\/wp-json\/wp\/v2\/comments?post=47277"}],"wp:featuredmedia":[{"embeddable":true,"href":"https:\/\/bigbuy.tupique.com\/en\/wp-json\/wp\/v2\/media\/47275"}],"wp:attachment":[{"href":"https:\/\/bigbuy.tupique.com\/en\/wp-json\/wp\/v2\/media?parent=47277"}],"wp:term":[{"taxonomy":"product_brand","embeddable":true,"href":"https:\/\/bigbuy.tupique.com\/en\/wp-json\/wp\/v2\/product_brand?post=47277"},{"taxonomy":"product_cat","embeddable":true,"href":"https:\/\/bigbuy.tupique.com\/en\/wp-json\/wp\/v2\/product_cat?post=47277"},{"taxonomy":"product_tag","embeddable":true,"href":"https:\/\/bigbuy.tupique.com\/en\/wp-json\/wp\/v2\/product_tag?post=47277"}],"curies":[{"name":"wp","href":"https:\/\/api.w.org\/{rel}","templated":true}]}}