{"id":47149,"date":"2026-03-30T21:13:49","date_gmt":"2026-03-30T20:13:49","guid":{"rendered":"https:\/\/bigbuy.tupique.com\/produto\/ladies-watch-versace-v-essential-o-36-mm\/"},"modified":"2026-04-15T07:03:49","modified_gmt":"2026-04-15T06:03:49","slug":"ladies-watch-versace-v-essential-o-36-mm","status":"publish","type":"product","link":"https:\/\/bigbuy.tupique.com\/en\/produto\/ladies-watch-versace-v-essential-o-36-mm\/","title":{"rendered":"Montre Femme Versace V-ESSENTIAL (\u00d8 36 mm)"},"content":{"rendered":"<p>Si vous aimez suivre les derni\u00e8res tendances en mati\u00e8re de mode et accessoires, achetez <b>Montre Femme Versace V-ESSENTIAL (\u00d8 36 mm)<\/b> au meilleur prix.<\/p>\n<ul>\n<li>Liens suppl\u00e9mentaires: Non<\/li>\n<li>Type de montre: Montre-bracelet<\/li>\n<li>Genre: Femme<\/li>\n<li>Mat\u00e9riau du bracelet: Cuir<\/li>\n<li>Imperm\u00e9abilit\u00e9: 5 atm<\/li>\n<li>Verre: Saphir<\/li>\n<li>Type de mouvement: Quartz<\/li>\n<li>Diam\u00e8tre du bo\u00eetier de la montre: \u00d8 36 mm<\/li>\n<li>Caract\u00e9ristiques: R\u00e9sistant \u00e0 l&#8217;eau<\/li>\n<li>Materiau du bo\u00eetier: Acier inoxydable<\/li>\n<li>Forme: Rond<\/li>\n<li>Type de fermeture: Boucle<\/li>\n<li>Design: Femme<\/li>\n<li>diam\u00e8tre approx.: 36 mm<\/li>\n<\/ul>","protected":false},"excerpt":{"rendered":"<p>Si vous aimez suivre les derni\u00e8res tendances en mati\u00e8re de mode et accessoires, achetez Montre Femme Versace V-ESSENTIAL (\u00d8 36 mm) au meilleur prix. Liens suppl\u00e9mentaires: Non Type de montre: Montre-bracelet Genre: Femme Mat\u00e9riau du bracelet: Cuir Imperm\u00e9abilit\u00e9: 5 atm Verre: Saphir Type de mouvement: Quartz Diam\u00e8tre du bo\u00eetier de la montre: \u00d8 36 mm [&hellip;]<\/p>\n","protected":false},"featured_media":47147,"comment_status":"open","ping_status":"closed","template":"","meta":[],"product_brand":[626],"product_cat":[544,546,545],"product_tag":[103,542,543],"class_list":{"0":"post-47149","1":"product","2":"type-product","3":"status-publish","4":"has-post-thumbnail","6":"product_brand-brandp_504","7":"product_cat-mode-accessoires","8":"product_cat-montres-femme","9":"product_cat-montres-bracelets","10":"product_tag-tag_1261","11":"product_tag-tag_1274","12":"product_tag-tag_61","14":"first","15":"instock","16":"taxable","17":"shipping-taxable","18":"purchasable","19":"product-type-simple"},"_links":{"self":[{"href":"https:\/\/bigbuy.tupique.com\/en\/wp-json\/wp\/v2\/product\/47149","targetHints":{"allow":["GET"]}}],"collection":[{"href":"https:\/\/bigbuy.tupique.com\/en\/wp-json\/wp\/v2\/product"}],"about":[{"href":"https:\/\/bigbuy.tupique.com\/en\/wp-json\/wp\/v2\/types\/product"}],"replies":[{"embeddable":true,"href":"https:\/\/bigbuy.tupique.com\/en\/wp-json\/wp\/v2\/comments?post=47149"}],"wp:featuredmedia":[{"embeddable":true,"href":"https:\/\/bigbuy.tupique.com\/en\/wp-json\/wp\/v2\/media\/47147"}],"wp:attachment":[{"href":"https:\/\/bigbuy.tupique.com\/en\/wp-json\/wp\/v2\/media?parent=47149"}],"wp:term":[{"taxonomy":"product_brand","embeddable":true,"href":"https:\/\/bigbuy.tupique.com\/en\/wp-json\/wp\/v2\/product_brand?post=47149"},{"taxonomy":"product_cat","embeddable":true,"href":"https:\/\/bigbuy.tupique.com\/en\/wp-json\/wp\/v2\/product_cat?post=47149"},{"taxonomy":"product_tag","embeddable":true,"href":"https:\/\/bigbuy.tupique.com\/en\/wp-json\/wp\/v2\/product_tag?post=47149"}],"curies":[{"name":"wp","href":"https:\/\/api.w.org\/{rel}","templated":true}]}}