{"id":47015,"date":"2026-03-30T21:01:44","date_gmt":"2026-03-30T20:01:44","guid":{"rendered":"https:\/\/bigbuy.tupique.com\/produto\/smartphone-xiaomi-poco-f8-ultra-69-octa-core-16-gb-ram-512-gb-black\/"},"modified":"2026-04-30T22:21:37","modified_gmt":"2026-04-30T21:21:37","slug":"smartphone-xiaomi-poco-f8-ultra-69-octa-core-16-gb-ram-512-gb-black","status":"publish","type":"product","link":"https:\/\/bigbuy.tupique.com\/en\/produto\/smartphone-xiaomi-poco-f8-ultra-69-octa-core-16-gb-ram-512-gb-black\/","title":{"rendered":"Smartphone Xiaomi POCO F8 Ultra 6,9&#8243; Octa Core 16 GB RAM 512 GB Noir"},"content":{"rendered":"<p>Si vous \u00eates passionn\u00e9 d&#8217;<b>informatique et d&#8217;\u00e9lectronique<\/b>, si vous \u00eates \u00e0 la pointe de la technologie et qu&#8217;aucun d\u00e9tail ne vous \u00e9chappe, achetez <b>Smartphone Xiaomi POCO F8 Ultra 6,9&#8243; Octa Core 16 GB RAM 512 GB Noir<\/b> au meilleur prix.<\/p>\n<ul>\n<li>Type:\n<ul>\n<li>Smartphone<\/li>\n<li>D\u00e9clenchement de l&#8217;appareil photo<\/li>\n<\/ul>\n<\/li>\n<li>Produit \u00e0 brancher: Oui<\/li>\n<li>Diagonale de l&#8217;\u00e9cran (cm): 17,5 cm<\/li>\n<li>Type de prise: Prise EU<\/li>\n<li>Capacit\u00e9 de la batterie:\n<ul>\n<li>7000 mAh<\/li>\n<li>6500 mAh<\/li>\n<\/ul>\n<\/li>\n<li>Bloc d\u2019Alimentation:\n<ul>\n<li>r\u00e9seau \u00e9lectrique<\/li>\n<li>USB<\/li>\n<\/ul>\n<\/li>\n<li>Technologie:\n<ul>\n<li>AMOLED<\/li>\n<li>LED<\/li>\n<li>Mime<\/li>\n<li>Glonass<\/li>\n<li>Bluetooth aptX low Latency<\/li>\n<\/ul>\n<\/li>\n<li>Ecran: 6,9&#8243;<\/li>\n<li>Syst\u00e8me d&#8217;exploitation: Android<\/li>\n<li>puissance: 100 W<\/li>\n<li>Connectivit\u00e9:\n<ul>\n<li>Wi-Fi<\/li>\n<li>NFC<\/li>\n<li>Bluetooth<\/li>\n<li>Miracast<\/li>\n<li>BeiDou<\/li>\n<li>5G<\/li>\n<li>WCDMA<\/li>\n<\/ul>\n<\/li>\n<li>Cam\u00e9ra\/Appareil Photo:\n<ul>\n<li>50 Mp<\/li>\n<li>Frontal<\/li>\n<li>Triple<\/li>\n<li>32 Mp<\/li>\n<\/ul>\n<\/li>\n<li>Connexions:\n<ul>\n<li>USB-C<\/li>\n<li>Dual SIM<\/li>\n<\/ul>\n<\/li>\n<li>Processeur: Octa Core<\/li>\n<li>M\u00e9moire RAM: 16 GB RAM<\/li>\n<li>M\u00e9moire interne: 512 GB<\/li>\n<li>Couleur: Noir<\/li>\n<li>Caract\u00e9ristiques:\n<ul>\n<li>GPS<\/li>\n<li>Capteur de lumi\u00e8re ambiante<\/li>\n<li>MMS<\/li>\n<li>R\u00e9sistant \u00e0 l&#8217;eau et \u00e0 la poussi\u00e8re<\/li>\n<li>Appel vid\u00e9o<\/li>\n<li>HDR<\/li>\n<li>Autofocus<\/li>\n<li>Garantie<\/li>\n<li>Guide d&#8217;installation inclus<\/li>\n<li>Google Play<\/li>\n<li>Chargement rapide et fiable<\/li>\n<li>SMS<\/li>\n<li>Chargeur sans fil<\/li>\n<li>Syst\u00e8me de reconnaissance faciale<\/li>\n<li>Lecteur d&#8217;empreintes<\/li>\n<li>Capteur de proximit\u00e9<\/li>\n<\/ul>\n<\/li>\n<li>Classification \u00e9nerg\u00e9tique: A<\/li>\n<li>Capteurs:\n<ul>\n<li>Acc\u00e9l\u00e9rom\u00e8tre<\/li>\n<li>Gyroscope<\/li>\n<\/ul>\n<\/li>\n<li>Design: Courbe<\/li>\n<li>Inclut:\n<ul>\n<li>Capteur infrarouge<\/li>\n<li>\u00c9tui de protection<\/li>\n<\/ul>\n<\/li>\n<li>Fonctions: ECO<\/li>\n<li>Non Inclus: Adaptateur AC<\/li>\n<li>Fr\u00e9quence:\n<ul>\n<li>120 Hz<\/li>\n<li>3,6 GHz<\/li>\n<\/ul>\n<\/li>\n<li>Noyaux: 8 Noyaux<\/li>\n<li>vitesse: 4.6 GHz<\/li>\n<li>Famille de processeurs: Qualcomm Snapdragon<\/li>\n<li>R\u00e9solution (px): 7680 x 4320 px<\/li>\n<\/ul>","protected":false},"excerpt":{"rendered":"<p>Si vous \u00eates passionn\u00e9 d&#8217;informatique et d&#8217;\u00e9lectronique, si vous \u00eates \u00e0 la pointe de la technologie et qu&#8217;aucun d\u00e9tail ne vous \u00e9chappe, achetez Smartphone Xiaomi POCO F8 Ultra 6,9&#8243; Octa Core 16 GB RAM 512 GB Noir au meilleur prix. Type: Smartphone D\u00e9clenchement de l&#8217;appareil photo Produit \u00e0 brancher: Oui Diagonale de l&#8217;\u00e9cran (cm): 17,5 [&hellip;]<\/p>\n","protected":false},"featured_media":47006,"comment_status":"open","ping_status":"closed","template":"","meta":[],"product_brand":[525],"product_cat":[575,65,960],"product_tag":[213,566,106],"class_list":{"0":"post-47015","1":"product","2":"type-product","3":"status-publish","4":"has-post-thumbnail","6":"product_brand-brandp_1269","7":"product_cat-electronique-telephonie-et-tablettes","8":"product_cat-informatique-electronique","9":"product_cat-telephones-portables","10":"product_tag-tag_933","11":"product_tag-tag_547","12":"product_tag-tag_1295","14":"first","15":"instock","16":"taxable","17":"shipping-taxable","18":"purchasable","19":"product-type-simple"},"_links":{"self":[{"href":"https:\/\/bigbuy.tupique.com\/en\/wp-json\/wp\/v2\/product\/47015","targetHints":{"allow":["GET"]}}],"collection":[{"href":"https:\/\/bigbuy.tupique.com\/en\/wp-json\/wp\/v2\/product"}],"about":[{"href":"https:\/\/bigbuy.tupique.com\/en\/wp-json\/wp\/v2\/types\/product"}],"replies":[{"embeddable":true,"href":"https:\/\/bigbuy.tupique.com\/en\/wp-json\/wp\/v2\/comments?post=47015"}],"wp:featuredmedia":[{"embeddable":true,"href":"https:\/\/bigbuy.tupique.com\/en\/wp-json\/wp\/v2\/media\/47006"}],"wp:attachment":[{"href":"https:\/\/bigbuy.tupique.com\/en\/wp-json\/wp\/v2\/media?parent=47015"}],"wp:term":[{"taxonomy":"product_brand","embeddable":true,"href":"https:\/\/bigbuy.tupique.com\/en\/wp-json\/wp\/v2\/product_brand?post=47015"},{"taxonomy":"product_cat","embeddable":true,"href":"https:\/\/bigbuy.tupique.com\/en\/wp-json\/wp\/v2\/product_cat?post=47015"},{"taxonomy":"product_tag","embeddable":true,"href":"https:\/\/bigbuy.tupique.com\/en\/wp-json\/wp\/v2\/product_tag?post=47015"}],"curies":[{"name":"wp","href":"https:\/\/api.w.org\/{rel}","templated":true}]}}