{"id":46929,"date":"2026-03-30T20:49:45","date_gmt":"2026-03-30T19:49:45","guid":{"rendered":"https:\/\/bigbuy.tupique.com\/produto\/management-software-schneider-electric-gp-pro-ex\/"},"modified":"2026-04-15T07:03:40","modified_gmt":"2026-04-15T06:03:40","slug":"management-software-schneider-electric-gp-pro-ex","status":"publish","type":"product","link":"https:\/\/bigbuy.tupique.com\/en\/produto\/management-software-schneider-electric-gp-pro-ex\/","title":{"rendered":"Logiciel de Gestion Schneider Electric GP-PRO EX"},"content":{"rendered":"<p>Si vous \u00eates passionn\u00e9 d&#8217;<b>informatique et d&#8217;\u00e9lectronique<\/b>, si vous \u00eates \u00e0 la pointe de la technologie et qu&#8217;aucun d\u00e9tail ne vous \u00e9chappe, achetez <b>Logiciel de Gestion Schneider Electric GP-PRO EX<\/b> au meilleur prix.<\/p>\n<ul>\n<li>Plate-forme: PC<\/li>\n<\/ul>","protected":false},"excerpt":{"rendered":"<p>Si vous \u00eates passionn\u00e9 d&#8217;informatique et d&#8217;\u00e9lectronique, si vous \u00eates \u00e0 la pointe de la technologie et qu&#8217;aucun d\u00e9tail ne vous \u00e9chappe, achetez Logiciel de Gestion Schneider Electric GP-PRO EX au meilleur prix. Plate-forme: PC<\/p>","protected":false},"featured_media":46928,"comment_status":"open","ping_status":"closed","template":"","meta":[],"product_brand":[1383],"product_cat":[783,65,581],"product_tag":[106],"class_list":{"0":"post-46929","1":"product","2":"type-product","3":"status-publish","4":"has-post-thumbnail","6":"product_brand-brandp_5783","7":"product_cat-accessoires-d-informatique","8":"product_cat-informatique-electronique","9":"product_cat-informatique-peripheriques-et-consommables","10":"product_tag-tag_1295","12":"first","13":"instock","14":"taxable","15":"shipping-taxable","16":"purchasable","17":"product-type-simple"},"_links":{"self":[{"href":"https:\/\/bigbuy.tupique.com\/en\/wp-json\/wp\/v2\/product\/46929","targetHints":{"allow":["GET"]}}],"collection":[{"href":"https:\/\/bigbuy.tupique.com\/en\/wp-json\/wp\/v2\/product"}],"about":[{"href":"https:\/\/bigbuy.tupique.com\/en\/wp-json\/wp\/v2\/types\/product"}],"replies":[{"embeddable":true,"href":"https:\/\/bigbuy.tupique.com\/en\/wp-json\/wp\/v2\/comments?post=46929"}],"wp:featuredmedia":[{"embeddable":true,"href":"https:\/\/bigbuy.tupique.com\/en\/wp-json\/wp\/v2\/media\/46928"}],"wp:attachment":[{"href":"https:\/\/bigbuy.tupique.com\/en\/wp-json\/wp\/v2\/media?parent=46929"}],"wp:term":[{"taxonomy":"product_brand","embeddable":true,"href":"https:\/\/bigbuy.tupique.com\/en\/wp-json\/wp\/v2\/product_brand?post=46929"},{"taxonomy":"product_cat","embeddable":true,"href":"https:\/\/bigbuy.tupique.com\/en\/wp-json\/wp\/v2\/product_cat?post=46929"},{"taxonomy":"product_tag","embeddable":true,"href":"https:\/\/bigbuy.tupique.com\/en\/wp-json\/wp\/v2\/product_tag?post=46929"}],"curies":[{"name":"wp","href":"https:\/\/api.w.org\/{rel}","templated":true}]}}