{"id":46821,"date":"2026-03-30T20:46:17","date_gmt":"2026-03-30T19:46:17","guid":{"rendered":"https:\/\/bigbuy.tupique.com\/produto\/multifunction-printer-canon-6169c022\/"},"modified":"2026-04-15T07:03:32","modified_gmt":"2026-04-15T06:03:32","slug":"multifunction-printer-canon-6169c022","status":"publish","type":"product","link":"https:\/\/bigbuy.tupique.com\/en\/produto\/multifunction-printer-canon-6169c022\/","title":{"rendered":"Imprimante Multifonction Canon 6169C022"},"content":{"rendered":"<p>Si vous \u00eates \u00e0 la recherche de nouvelles tendances sur le march\u00e9, nous vous pr\u00e9sentons <b>Imprimante Multifonction Canon 6169C022<\/b> !<\/p>\n<p>La <b>imprimante multifonction Canon mod\u00e8le 6169C022AA<\/b> est un appareil polyvalent con\u00e7u pour r\u00e9pondre aux besoins d\u2019impression, de num\u00e9risation et de copie aussi bien \u00e0 domicile qu\u2019en milieu professionnel. Cet \u00e9quipement int\u00e8gre des fonctions essentielles facilitant la gestion documentaire, alliant efficacit\u00e9 et qualit\u00e9 en un seul appareil. Sa nature de <b>imprimante multifonction<\/b> permet d\u2019optimiser l\u2019espace et les ressources, \u00e9vitant la n\u00e9cessit\u00e9 d\u2019avoir des appareils s\u00e9par\u00e9s pour chaque t\u00e2che. Bien que les d\u00e9tails techniques sp\u00e9cifiques ne soient pas pr\u00e9cis\u00e9s, Canon est reconnu pour proposer des solutions avec des technologies garantissant une impression nette et durable, ainsi qu\u2019une num\u00e9risation pr\u00e9cise et rapide, id\u00e9ales pour g\u00e9rer documents, photos et travaux quotidiens. De plus, ces mod\u00e8les int\u00e8grent g\u00e9n\u00e9ralement une interface utilisateur simple et une connectivit\u00e9 adapt\u00e9e pour s\u2019int\u00e9grer facilement \u00e0 diff\u00e9rents syst\u00e8mes et flux de travail. La robustesse et la fiabilit\u00e9 de Canon, ainsi que sa r\u00e9putation dans le secteur, assurent un produit stable pour un usage continu contribuant \u00e0 la productivit\u00e9 quotidienne. Cette imprimante multifonction repr\u00e9sente une option \u00e9quilibr\u00e9e pour ceux qui recherchent un appareil complet avec la garantie et le soutien d\u2019une marque leader en technologie d\u2019impression.<\/p>\n<ul>\n<li>Type de prise: Prise EU<\/li>\n<li>Type:\n<ul>\n<li>Imprimante Multifonction<\/li>\n<li>Couleur<\/li>\n<li>Tout en un<\/li>\n<li>Scanner plat de bureau<\/li>\n<\/ul>\n<\/li>\n<li>Produit \u00e0 brancher: Oui<\/li>\n<li>Inclut:\n<ul>\n<li>Fax<\/li>\n<li>Cartouche<\/li>\n<\/ul>\n<\/li>\n<li>Bloc d\u2019Alimentation:\n<ul>\n<li>r\u00e9seau \u00e9lectrique<\/li>\n<li>Cordon d&#8217;alimentation CA<\/li>\n<\/ul>\n<\/li>\n<li>Couleur:\n<ul>\n<li>Blanc<\/li>\n<li>Noir<\/li>\n<\/ul>\n<\/li>\n<li>Caract\u00e9ristiques:\n<ul>\n<li>\u00c9cran integr\u00e9<\/li>\n<li>\u00c9cran couleur<\/li>\n<li>\u00c9cran LCD<\/li>\n<li>Impression recto verso<\/li>\n<li>Commande tactile<\/li>\n<\/ul>\n<\/li>\n<li>Connexions:\n<ul>\n<li>Ethernet LAN<\/li>\n<li>USB B<\/li>\n<li>USB<\/li>\n<li>USB B x 1<\/li>\n<\/ul>\n<\/li>\n<li>R\u00e9solution d&#8217;image maximale: 3600 x 1200 DPI<\/li>\n<li>Technologie:\n<ul>\n<li>LCD<\/li>\n<li>Injection d&#8217;encre<\/li>\n<\/ul>\n<\/li>\n<li>Connectivit\u00e9:\n<ul>\n<li>Wi-Fi<\/li>\n<li>Ethernet LAN<\/li>\n<\/ul>\n<\/li>\n<li>vitesse: 10 ppm<\/li>\n<li>Impression couleur: Oui<\/li>\n<li>Scanner: 1200 x 2400 dpi<\/li>\n<li>Capacit\u00e9: 250 Volets<\/li>\n<li>Compatible: Android, iOS<\/li>\n<li>Papier:\n<ul>\n<li>A4<\/li>\n<li>B5<\/li>\n<\/ul>\n<\/li>\n<li>Tension: 100 &#8211; 240 V<\/li>\n<li>Fr\u00e9quence d&#8217;entr\u00e9e AC: 50-60 Hz<\/li>\n<li>Plateau: 1<\/li>\n<li>Plage d&#8217;humidit\u00e9 de travail: 10 % &#8211; 90 %<\/li>\n<li>Utilisation recommand\u00e9e: Maison<\/li>\n<li>Fonctions: Imprimer<\/li>\n<li>M\u00e9t\u00e9o: 9 s<\/li>\n<li>Diagonale de l&#8217;\u00e9cran (cm):\n<ul>\n<li>12,7 cm<\/li>\n<li>6,9 cm<\/li>\n<\/ul>\n<\/li>\n<\/ul>","protected":false},"excerpt":{"rendered":"<p>Si vous \u00eates \u00e0 la recherche de nouvelles tendances sur le march\u00e9, nous vous pr\u00e9sentons Imprimante Multifonction Canon 6169C022 ! La imprimante multifonction Canon mod\u00e8le 6169C022AA est un appareil polyvalent con\u00e7u pour r\u00e9pondre aux besoins d\u2019impression, de num\u00e9risation et de copie aussi bien \u00e0 domicile qu\u2019en milieu professionnel. Cet \u00e9quipement int\u00e8gre des fonctions essentielles facilitant [&hellip;]<\/p>\n","protected":false},"featured_media":46810,"comment_status":"open","ping_status":"closed","template":"","meta":[],"product_brand":[637],"product_cat":[592,65,581],"product_tag":[213,106],"class_list":{"0":"post-46821","1":"product","2":"type-product","3":"status-publish","4":"has-post-thumbnail","6":"product_brand-brandp_539","7":"product_cat-imprimantes","8":"product_cat-informatique-electronique","9":"product_cat-informatique-peripheriques-et-consommables","10":"product_tag-tag_933","11":"product_tag-tag_1295","13":"first","14":"instock","15":"taxable","16":"shipping-taxable","17":"purchasable","18":"product-type-simple"},"_links":{"self":[{"href":"https:\/\/bigbuy.tupique.com\/en\/wp-json\/wp\/v2\/product\/46821","targetHints":{"allow":["GET"]}}],"collection":[{"href":"https:\/\/bigbuy.tupique.com\/en\/wp-json\/wp\/v2\/product"}],"about":[{"href":"https:\/\/bigbuy.tupique.com\/en\/wp-json\/wp\/v2\/types\/product"}],"replies":[{"embeddable":true,"href":"https:\/\/bigbuy.tupique.com\/en\/wp-json\/wp\/v2\/comments?post=46821"}],"wp:featuredmedia":[{"embeddable":true,"href":"https:\/\/bigbuy.tupique.com\/en\/wp-json\/wp\/v2\/media\/46810"}],"wp:attachment":[{"href":"https:\/\/bigbuy.tupique.com\/en\/wp-json\/wp\/v2\/media?parent=46821"}],"wp:term":[{"taxonomy":"product_brand","embeddable":true,"href":"https:\/\/bigbuy.tupique.com\/en\/wp-json\/wp\/v2\/product_brand?post=46821"},{"taxonomy":"product_cat","embeddable":true,"href":"https:\/\/bigbuy.tupique.com\/en\/wp-json\/wp\/v2\/product_cat?post=46821"},{"taxonomy":"product_tag","embeddable":true,"href":"https:\/\/bigbuy.tupique.com\/en\/wp-json\/wp\/v2\/product_tag?post=46821"}],"curies":[{"name":"wp","href":"https:\/\/api.w.org\/{rel}","templated":true}]}}