{"id":46687,"date":"2026-03-30T20:30:32","date_gmt":"2026-03-30T19:30:32","guid":{"rendered":"https:\/\/bigbuy.tupique.com\/produto\/switch-axis-d8248\/"},"modified":"2026-04-15T07:03:15","modified_gmt":"2026-04-15T06:03:15","slug":"switch-axis-d8248","status":"publish","type":"product","link":"https:\/\/bigbuy.tupique.com\/en\/produto\/switch-axis-d8248\/","title":{"rendered":"Switch Axis D8248"},"content":{"rendered":"<p>Si vous \u00eates \u00e0 la recherche de nouvelles tendances sur le march\u00e9, nous vous pr\u00e9sentons <b>Switch Axis D8248<\/b> !<\/p>\n<ul>\n<li>Produit \u00e0 brancher: Oui<\/li>\n<li>Type: Switch<\/li>\n<li>Type de prise: Prise EU<\/li>\n<li>Bloc d\u2019Alimentation: r\u00e9seau \u00e9lectrique<\/li>\n<li>Couleur: Noir<\/li>\n<li>Connexions:\n<ul>\n<li>RJ45 x 48<\/li>\n<li>SFP+<\/li>\n<li>PoE<\/li>\n<\/ul>\n<\/li>\n<li>puissance: 90 W<\/li>\n<li>Tension: 110 &#8211; 240 V<\/li>\n<li>Fr\u00e9quence: 50-60 Hz<\/li>\n<li>Mati\u00e8re:\n<ul>\n<li>Acier<\/li>\n<li>M\u00e9tal<\/li>\n<\/ul>\n<\/li>\n<li>Connectivit\u00e9:\n<ul>\n<li>Ethernet<\/li>\n<li>Gigabit Ethernet<\/li>\n<li>Ethernet LAN<\/li>\n<li>Ethernet LAN 10\/100\/1000 Mbit<\/li>\n<li>PoE<\/li>\n<li>LAN 10\/100\/1000<\/li>\n<li>Spf<\/li>\n<\/ul>\n<\/li>\n<li>Ports: 48<\/li>\n<li>Transmission de donn\u00e9es: 10, 100, 1000 Mbit\/s<\/li>\n<li>consommation d&#8217;\u00e9nergie: 90,81 W<\/li>\n<\/ul>","protected":false},"excerpt":{"rendered":"<p>Si vous \u00eates \u00e0 la recherche de nouvelles tendances sur le march\u00e9, nous vous pr\u00e9sentons Switch Axis D8248 ! Produit \u00e0 brancher: Oui Type: Switch Type de prise: Prise EU Bloc d\u2019Alimentation: r\u00e9seau \u00e9lectrique Couleur: Noir Connexions: RJ45 x 48 SFP+ PoE puissance: 90 W Tension: 110 &#8211; 240 V Fr\u00e9quence: 50-60 Hz Mati\u00e8re: Acier [&hellip;]<\/p>\n","protected":false},"featured_media":46686,"comment_status":"open","ping_status":"closed","template":"","meta":[],"product_brand":[645],"product_cat":[65,584,585],"product_tag":[106],"class_list":{"0":"post-46687","1":"product","2":"type-product","3":"status-publish","4":"has-post-thumbnail","6":"product_brand-brandp_4776","7":"product_cat-informatique-electronique","8":"product_cat-informatique-reseaux-et-composants","9":"product_cat-switch","10":"product_tag-tag_1295","12":"first","13":"instock","14":"taxable","15":"shipping-taxable","16":"purchasable","17":"product-type-simple"},"_links":{"self":[{"href":"https:\/\/bigbuy.tupique.com\/en\/wp-json\/wp\/v2\/product\/46687","targetHints":{"allow":["GET"]}}],"collection":[{"href":"https:\/\/bigbuy.tupique.com\/en\/wp-json\/wp\/v2\/product"}],"about":[{"href":"https:\/\/bigbuy.tupique.com\/en\/wp-json\/wp\/v2\/types\/product"}],"replies":[{"embeddable":true,"href":"https:\/\/bigbuy.tupique.com\/en\/wp-json\/wp\/v2\/comments?post=46687"}],"wp:featuredmedia":[{"embeddable":true,"href":"https:\/\/bigbuy.tupique.com\/en\/wp-json\/wp\/v2\/media\/46686"}],"wp:attachment":[{"href":"https:\/\/bigbuy.tupique.com\/en\/wp-json\/wp\/v2\/media?parent=46687"}],"wp:term":[{"taxonomy":"product_brand","embeddable":true,"href":"https:\/\/bigbuy.tupique.com\/en\/wp-json\/wp\/v2\/product_brand?post=46687"},{"taxonomy":"product_cat","embeddable":true,"href":"https:\/\/bigbuy.tupique.com\/en\/wp-json\/wp\/v2\/product_cat?post=46687"},{"taxonomy":"product_tag","embeddable":true,"href":"https:\/\/bigbuy.tupique.com\/en\/wp-json\/wp\/v2\/product_tag?post=46687"}],"curies":[{"name":"wp","href":"https:\/\/api.w.org\/{rel}","templated":true}]}}