{"id":46622,"date":"2026-03-30T20:28:24","date_gmt":"2026-03-30T19:28:24","guid":{"rendered":"https:\/\/bigbuy.tupique.com\/produto\/smartphone-nothing-a10400167-bundle-12-gb-ram-256-gb-white-grey\/"},"modified":"2026-04-15T07:03:10","modified_gmt":"2026-04-15T06:03:10","slug":"smartphone-nothing-a10400167-bundle-12-gb-ram-256-gb-white-grey","status":"publish","type":"product","link":"https:\/\/bigbuy.tupique.com\/en\/produto\/smartphone-nothing-a10400167-bundle-12-gb-ram-256-gb-white-grey\/","title":{"rendered":"Smartphone Nothing A10400167-BUNDLE 12 GB RAM 256 GB Blanc Gris"},"content":{"rendered":"<p>Si vous \u00eates \u00e0 la recherche de nouvelles tendances sur le march\u00e9, nous vous pr\u00e9sentons <b>Smartphone Nothing A10400167-BUNDLE 12 GB RAM 256 GB Blanc Gris<\/b> !<\/p>\n<ul>\n<li>Produit \u00e0 brancher: Oui<\/li>\n<li>Type: Smartphone<\/li>\n<li>Type de prise: Prise EU<\/li>\n<li>Bloc d\u2019Alimentation: r\u00e9seau \u00e9lectrique<\/li>\n<li>Couleur:\n<ul>\n<li>Blanc<\/li>\n<li>Gris<\/li>\n<\/ul>\n<\/li>\n<li>Caract\u00e9ristiques:\n<ul>\n<li>GPS<\/li>\n<li>M\u00e9moire extensible<\/li>\n<li>\u00c9cran couleur<\/li>\n<li>\u00c9cran LCD<\/li>\n<li>Ecran tactile<\/li>\n<li>Reconnaissance faciale<\/li>\n<li>Cam\u00e9ra\/Appareil Photo<\/li>\n<li>Haut-parleur<\/li>\n<li>Capteur d&#8217;empreintes digitales<\/li>\n<li>Dual SIM<\/li>\n<li>Wi-Fi<\/li>\n<li>Batterie rechargeable<\/li>\n<li>Chargement rapide<\/li>\n<\/ul>\n<\/li>\n<li>Connexions:\n<ul>\n<li>USB-C<\/li>\n<li>nano SIM<\/li>\n<\/ul>\n<\/li>\n<li>Connectivit\u00e9:\n<ul>\n<li>Bluetooth<\/li>\n<li>Wi-Fi<\/li>\n<li>GPS<\/li>\n<li>NFC<\/li>\n<li>5G<\/li>\n<\/ul>\n<\/li>\n<li>Syst\u00e8me d&#8217;exploitation: Android<\/li>\n<li>M\u00e9moire RAM: 12 GB RAM<\/li>\n<li>SIM: Dual SIM<\/li>\n<li>Capacit\u00e9 de la batterie: 5000 mAh<\/li>\n<li>M\u00e9moire interne: 256 GB<\/li>\n<li>Noyaux: 8 Noyaux<\/li>\n<li>Diagonale de l&#8217;\u00e9cran (cm): 17,1 cm<\/li>\n<\/ul>","protected":false},"excerpt":{"rendered":"<p>Si vous \u00eates \u00e0 la recherche de nouvelles tendances sur le march\u00e9, nous vous pr\u00e9sentons Smartphone Nothing A10400167-BUNDLE 12 GB RAM 256 GB Blanc Gris ! Produit \u00e0 brancher: Oui Type: Smartphone Type de prise: Prise EU Bloc d\u2019Alimentation: r\u00e9seau \u00e9lectrique Couleur: Blanc Gris Caract\u00e9ristiques: GPS M\u00e9moire extensible \u00c9cran couleur \u00c9cran LCD Ecran tactile Reconnaissance [&hellip;]<\/p>\n","protected":false},"featured_media":46621,"comment_status":"open","ping_status":"closed","template":"","meta":[],"product_brand":[1339],"product_cat":[575,65,960],"product_tag":[213,566,106],"class_list":{"0":"post-46622","1":"product","2":"type-product","3":"status-publish","4":"has-post-thumbnail","6":"product_brand-brandp_6768","7":"product_cat-electronique-telephonie-et-tablettes","8":"product_cat-informatique-electronique","9":"product_cat-telephones-portables","10":"product_tag-tag_933","11":"product_tag-tag_547","12":"product_tag-tag_1295","14":"first","15":"instock","16":"taxable","17":"shipping-taxable","18":"purchasable","19":"product-type-simple"},"_links":{"self":[{"href":"https:\/\/bigbuy.tupique.com\/en\/wp-json\/wp\/v2\/product\/46622","targetHints":{"allow":["GET"]}}],"collection":[{"href":"https:\/\/bigbuy.tupique.com\/en\/wp-json\/wp\/v2\/product"}],"about":[{"href":"https:\/\/bigbuy.tupique.com\/en\/wp-json\/wp\/v2\/types\/product"}],"replies":[{"embeddable":true,"href":"https:\/\/bigbuy.tupique.com\/en\/wp-json\/wp\/v2\/comments?post=46622"}],"wp:featuredmedia":[{"embeddable":true,"href":"https:\/\/bigbuy.tupique.com\/en\/wp-json\/wp\/v2\/media\/46621"}],"wp:attachment":[{"href":"https:\/\/bigbuy.tupique.com\/en\/wp-json\/wp\/v2\/media?parent=46622"}],"wp:term":[{"taxonomy":"product_brand","embeddable":true,"href":"https:\/\/bigbuy.tupique.com\/en\/wp-json\/wp\/v2\/product_brand?post=46622"},{"taxonomy":"product_cat","embeddable":true,"href":"https:\/\/bigbuy.tupique.com\/en\/wp-json\/wp\/v2\/product_cat?post=46622"},{"taxonomy":"product_tag","embeddable":true,"href":"https:\/\/bigbuy.tupique.com\/en\/wp-json\/wp\/v2\/product_tag?post=46622"}],"curies":[{"name":"wp","href":"https:\/\/api.w.org\/{rel}","templated":true}]}}