{"id":46615,"date":"2026-03-30T20:28:11","date_gmt":"2026-03-30T19:28:11","guid":{"rendered":"https:\/\/bigbuy.tupique.com\/produto\/videowall-monitor-lg-43pk640s0lb-aeuq-43-ultra-hd\/"},"modified":"2026-05-11T20:00:39","modified_gmt":"2026-05-11T18:00:39","slug":"videowall-monitor-lg-43pk640s0lb-aeuq-43-ultra-hd","status":"publish","type":"product","link":"https:\/\/bigbuy.tupique.com\/en\/produto\/videowall-monitor-lg-43pk640s0lb-aeuq-43-ultra-hd\/","title":{"rendered":"Moniteur Videowall LG 43PK640S0LB.AEUQ 43&#8243; Ultra HD"},"content":{"rendered":"<p>Si vous \u00eates \u00e0 la recherche de nouvelles tendances sur le march\u00e9, nous vous pr\u00e9sentons <b>Moniteur Videowall LG 43PK640S0LB.AEUQ 43&#8243; Ultra HD<\/b> !<\/p>\n<ul>\n<li>Type: Moniteur Videowall<\/li>\n<li>Ecran: 43&#8243;<\/li>\n<li>R\u00e9solution:\n<ul>\n<li>4K Ultra HD<\/li>\n<li>Ultra HD<\/li>\n<\/ul>\n<\/li>\n<li>Couleur: Noir<\/li>\n<li>Connexions:\n<ul>\n<li>HDMI<\/li>\n<li>USB<\/li>\n<li>Ethernet (RJ-45)<\/li>\n<\/ul>\n<\/li>\n<li>Rapport d&#8217;aspect: 16:9<\/li>\n<li>Format: 16:9<\/li>\n<li>Classification \u00e9nerg\u00e9tique: G<\/li>\n<li>Montage: Montage mural<\/li>\n<li>Technologie: LED<\/li>\n<li>Fr\u00e9quence: 50 &#8211; 60 Hz<\/li>\n<li>VESA: 20 x 20 cm<\/li>\n<li>consommation d&#8217;\u00e9nergie: 36 W<\/li>\n<li>Type de prise: Prise EU<\/li>\n<li>Utilisation recommand\u00e9e: Entreprise et commerce<\/li>\n<li>R\u00e9solution (px): 3840 x 2160 px<\/li>\n<li>Diagonale de l&#8217;\u00e9cran (cm): 109,2 cm<\/li>\n<li>Caract\u00e9ristiques: \u00c9cran plat<\/li>\n<\/ul>","protected":false},"excerpt":{"rendered":"<p>Si vous \u00eates \u00e0 la recherche de nouvelles tendances sur le march\u00e9, nous vous pr\u00e9sentons Moniteur Videowall LG 43PK640S0LB.AEUQ 43&#8243; Ultra HD ! Type: Moniteur Videowall Ecran: 43&#8243; R\u00e9solution: 4K Ultra HD Ultra HD Couleur: Noir Connexions: HDMI USB Ethernet (RJ-45) Rapport d&#8217;aspect: 16:9 Format: 16:9 Classification \u00e9nerg\u00e9tique: G Montage: Montage mural Technologie: LED Fr\u00e9quence: [&hellip;]<\/p>\n","protected":false},"featured_media":46614,"comment_status":"open","ping_status":"closed","template":"","meta":[],"product_brand":[662],"product_cat":[65,581,616],"product_tag":[213,106],"class_list":{"0":"post-46615","1":"product","2":"type-product","3":"status-publish","4":"has-post-thumbnail","6":"product_brand-brandp_559","7":"product_cat-informatique-electronique","8":"product_cat-informatique-peripheriques-et-consommables","9":"product_cat-moniteurs","10":"product_tag-tag_933","11":"product_tag-tag_1295","13":"first","14":"instock","15":"taxable","16":"shipping-taxable","17":"purchasable","18":"product-type-simple"},"_links":{"self":[{"href":"https:\/\/bigbuy.tupique.com\/en\/wp-json\/wp\/v2\/product\/46615","targetHints":{"allow":["GET"]}}],"collection":[{"href":"https:\/\/bigbuy.tupique.com\/en\/wp-json\/wp\/v2\/product"}],"about":[{"href":"https:\/\/bigbuy.tupique.com\/en\/wp-json\/wp\/v2\/types\/product"}],"replies":[{"embeddable":true,"href":"https:\/\/bigbuy.tupique.com\/en\/wp-json\/wp\/v2\/comments?post=46615"}],"wp:featuredmedia":[{"embeddable":true,"href":"https:\/\/bigbuy.tupique.com\/en\/wp-json\/wp\/v2\/media\/46614"}],"wp:attachment":[{"href":"https:\/\/bigbuy.tupique.com\/en\/wp-json\/wp\/v2\/media?parent=46615"}],"wp:term":[{"taxonomy":"product_brand","embeddable":true,"href":"https:\/\/bigbuy.tupique.com\/en\/wp-json\/wp\/v2\/product_brand?post=46615"},{"taxonomy":"product_cat","embeddable":true,"href":"https:\/\/bigbuy.tupique.com\/en\/wp-json\/wp\/v2\/product_cat?post=46615"},{"taxonomy":"product_tag","embeddable":true,"href":"https:\/\/bigbuy.tupique.com\/en\/wp-json\/wp\/v2\/product_tag?post=46615"}],"curies":[{"name":"wp","href":"https:\/\/api.w.org\/{rel}","templated":true}]}}