{"id":46613,"date":"2026-03-30T20:28:09","date_gmt":"2026-03-30T19:28:09","guid":{"rendered":"https:\/\/bigbuy.tupique.com\/produto\/videowall-monitor-dahua-43in-capacitive-touch-4k-ultra-hd\/"},"modified":"2026-04-15T07:03:08","modified_gmt":"2026-04-15T06:03:08","slug":"videowall-monitor-dahua-43in-capacitive-touch-4k-ultra-hd","status":"publish","type":"product","link":"https:\/\/bigbuy.tupique.com\/en\/produto\/videowall-monitor-dahua-43in-capacitive-touch-4k-ultra-hd\/","title":{"rendered":"Moniteur Videowall Dahua 43IN CAPACITIVE TOUCH 4K Ultra HD"},"content":{"rendered":"<p>Si vous \u00eates passionn\u00e9 d&#8217;<b>informatique et d&#8217;\u00e9lectronique<\/b>, si vous \u00eates \u00e0 la pointe de la technologie et qu&#8217;aucun d\u00e9tail ne vous \u00e9chappe, achetez <b>Moniteur Videowall Dahua 43IN CAPACITIVE TOUCH 4K Ultra HD<\/b> au meilleur prix.<\/p>\n<ul>\n<li>Type: Moniteur Videowall<\/li>\n<li>Classification \u00e9nerg\u00e9tique: G<\/li>\n<li>Ecran: 43&#8243;<\/li>\n<li>Couleur: Noir<\/li>\n<li>Caract\u00e9ristiques:\n<ul>\n<li>Ecran tactile<\/li>\n<li>\u00c9cran plat<\/li>\n<\/ul>\n<\/li>\n<li>Connexions:\n<ul>\n<li>HDMI<\/li>\n<li>USB<\/li>\n<\/ul>\n<\/li>\n<li>Rapport d&#8217;aspect: 16:9<\/li>\n<li>Format: 16:9<\/li>\n<li>Montage: Montage mural<\/li>\n<li>Fr\u00e9quence: 50 &#8211; 60 Hz<\/li>\n<li>VESA: 20 x 20 cm<\/li>\n<li>Technologie: Tactile<\/li>\n<li>R\u00e9solution: 4K Ultra HD<\/li>\n<li>Type de prise: Prise EU<\/li>\n<li>Utilisation recommand\u00e9e: Entreprise et commerce<\/li>\n<li>R\u00e9solution (px): 3840 x 2160 px<\/li>\n<li>Diagonale de l&#8217;\u00e9cran (cm): 109,2 cm<\/li>\n<\/ul>","protected":false},"excerpt":{"rendered":"<p>Si vous \u00eates passionn\u00e9 d&#8217;informatique et d&#8217;\u00e9lectronique, si vous \u00eates \u00e0 la pointe de la technologie et qu&#8217;aucun d\u00e9tail ne vous \u00e9chappe, achetez Moniteur Videowall Dahua 43IN CAPACITIVE TOUCH 4K Ultra HD au meilleur prix. Type: Moniteur Videowall Classification \u00e9nerg\u00e9tique: G Ecran: 43&#8243; Couleur: Noir Caract\u00e9ristiques: Ecran tactile \u00c9cran plat Connexions: HDMI USB Rapport d&#8217;aspect: [&hellip;]<\/p>\n","protected":false},"featured_media":46611,"comment_status":"open","ping_status":"closed","template":"","meta":[],"product_brand":[1293],"product_cat":[65,581,616],"product_tag":[213,106],"class_list":{"0":"post-46613","1":"product","2":"type-product","3":"status-publish","4":"has-post-thumbnail","6":"product_brand-brandp_4794","7":"product_cat-informatique-electronique","8":"product_cat-informatique-peripheriques-et-consommables","9":"product_cat-moniteurs","10":"product_tag-tag_933","11":"product_tag-tag_1295","13":"first","14":"instock","15":"taxable","16":"shipping-taxable","17":"purchasable","18":"product-type-simple"},"_links":{"self":[{"href":"https:\/\/bigbuy.tupique.com\/en\/wp-json\/wp\/v2\/product\/46613","targetHints":{"allow":["GET"]}}],"collection":[{"href":"https:\/\/bigbuy.tupique.com\/en\/wp-json\/wp\/v2\/product"}],"about":[{"href":"https:\/\/bigbuy.tupique.com\/en\/wp-json\/wp\/v2\/types\/product"}],"replies":[{"embeddable":true,"href":"https:\/\/bigbuy.tupique.com\/en\/wp-json\/wp\/v2\/comments?post=46613"}],"wp:featuredmedia":[{"embeddable":true,"href":"https:\/\/bigbuy.tupique.com\/en\/wp-json\/wp\/v2\/media\/46611"}],"wp:attachment":[{"href":"https:\/\/bigbuy.tupique.com\/en\/wp-json\/wp\/v2\/media?parent=46613"}],"wp:term":[{"taxonomy":"product_brand","embeddable":true,"href":"https:\/\/bigbuy.tupique.com\/en\/wp-json\/wp\/v2\/product_brand?post=46613"},{"taxonomy":"product_cat","embeddable":true,"href":"https:\/\/bigbuy.tupique.com\/en\/wp-json\/wp\/v2\/product_cat?post=46613"},{"taxonomy":"product_tag","embeddable":true,"href":"https:\/\/bigbuy.tupique.com\/en\/wp-json\/wp\/v2\/product_tag?post=46613"}],"curies":[{"name":"wp","href":"https:\/\/api.w.org\/{rel}","templated":true}]}}