{"id":46610,"date":"2026-03-30T20:28:02","date_gmt":"2026-03-30T19:28:02","guid":{"rendered":"https:\/\/bigbuy.tupique.com\/produto\/nas-network-storage-ugreen-85660-black\/"},"modified":"2026-04-15T07:03:08","modified_gmt":"2026-04-15T06:03:08","slug":"nas-network-storage-ugreen-85660-black","status":"publish","type":"product","link":"https:\/\/bigbuy.tupique.com\/en\/produto\/nas-network-storage-ugreen-85660-black\/","title":{"rendered":"Stockage en R\u00e9seau NAS Ugreen 85660 Noir"},"content":{"rendered":"<p>Si vous \u00eates \u00e0 la recherche de nouvelles tendances sur le march\u00e9, nous vous pr\u00e9sentons <b>Stockage en R\u00e9seau NAS Ugreen 85660 Noir<\/b> !<\/p>\n<ul>\n<li>Type de prise: Prise EU<\/li>\n<li>Produit \u00e0 brancher: Oui<\/li>\n<li>Bloc d\u2019Alimentation: r\u00e9seau \u00e9lectrique<\/li>\n<li>Couleur: Noir<\/li>\n<li>Connexions:\n<ul>\n<li>HDMI<\/li>\n<li>USB<\/li>\n<li>RJ45<\/li>\n<\/ul>\n<\/li>\n<li>Connectivit\u00e9:\n<ul>\n<li>Wi-Fi<\/li>\n<li>Gigabit Ethernet<\/li>\n<li>Ethernet LAN<\/li>\n<\/ul>\n<\/li>\n<li>Tension: 100-240 V<\/li>\n<li>Facteur de forme: Caisse<\/li>\n<\/ul>","protected":false},"excerpt":{"rendered":"<p>Si vous \u00eates \u00e0 la recherche de nouvelles tendances sur le march\u00e9, nous vous pr\u00e9sentons Stockage en R\u00e9seau NAS Ugreen 85660 Noir ! Type de prise: Prise EU Produit \u00e0 brancher: Oui Bloc d\u2019Alimentation: r\u00e9seau \u00e9lectrique Couleur: Noir Connexions: HDMI USB RJ45 Connectivit\u00e9: Wi-Fi Gigabit Ethernet Ethernet LAN Tension: 100-240 V Facteur de forme: Caisse<\/p>","protected":false},"featured_media":46608,"comment_status":"open","ping_status":"closed","template":"","meta":[],"product_brand":[1346],"product_cat":[588,65,584],"product_tag":[106],"class_list":{"0":"post-46610","1":"product","2":"type-product","3":"status-publish","4":"has-post-thumbnail","6":"product_brand-brandp_5614","7":"product_cat-disques-durs","8":"product_cat-informatique-electronique","9":"product_cat-informatique-reseaux-et-composants","10":"product_tag-tag_1295","12":"first","13":"instock","14":"taxable","15":"shipping-taxable","16":"purchasable","17":"product-type-simple"},"_links":{"self":[{"href":"https:\/\/bigbuy.tupique.com\/en\/wp-json\/wp\/v2\/product\/46610","targetHints":{"allow":["GET"]}}],"collection":[{"href":"https:\/\/bigbuy.tupique.com\/en\/wp-json\/wp\/v2\/product"}],"about":[{"href":"https:\/\/bigbuy.tupique.com\/en\/wp-json\/wp\/v2\/types\/product"}],"replies":[{"embeddable":true,"href":"https:\/\/bigbuy.tupique.com\/en\/wp-json\/wp\/v2\/comments?post=46610"}],"wp:featuredmedia":[{"embeddable":true,"href":"https:\/\/bigbuy.tupique.com\/en\/wp-json\/wp\/v2\/media\/46608"}],"wp:attachment":[{"href":"https:\/\/bigbuy.tupique.com\/en\/wp-json\/wp\/v2\/media?parent=46610"}],"wp:term":[{"taxonomy":"product_brand","embeddable":true,"href":"https:\/\/bigbuy.tupique.com\/en\/wp-json\/wp\/v2\/product_brand?post=46610"},{"taxonomy":"product_cat","embeddable":true,"href":"https:\/\/bigbuy.tupique.com\/en\/wp-json\/wp\/v2\/product_cat?post=46610"},{"taxonomy":"product_tag","embeddable":true,"href":"https:\/\/bigbuy.tupique.com\/en\/wp-json\/wp\/v2\/product_tag?post=46610"}],"curies":[{"name":"wp","href":"https:\/\/api.w.org\/{rel}","templated":true}]}}