{"id":46454,"date":"2026-03-30T20:11:42","date_gmt":"2026-03-30T19:11:42","guid":{"rendered":"https:\/\/bigbuy.tupique.com\/produto\/router-sonicwall-03-ssc-6952-ethernet-lan-10-100-1000\/"},"modified":"2026-04-15T07:02:59","modified_gmt":"2026-04-15T06:02:59","slug":"router-sonicwall-03-ssc-6952-ethernet-lan-10-100-1000","status":"publish","type":"product","link":"https:\/\/bigbuy.tupique.com\/en\/produto\/router-sonicwall-03-ssc-6952-ethernet-lan-10-100-1000\/","title":{"rendered":"Router SonicWall 03-SSC-6952 Ethernet LAN 10\/100\/1000"},"content":{"rendered":"<p>Si vous \u00eates passionn\u00e9 d&#8217;<b>informatique et d&#8217;\u00e9lectronique<\/b>, si vous \u00eates \u00e0 la pointe de la technologie et qu&#8217;aucun d\u00e9tail ne vous \u00e9chappe, achetez <b>Router SonicWall 03-SSC-6952 Ethernet LAN 10\/100\/1000<\/b> au meilleur prix.<\/p>\n<p>Le <b>03-SSC-6952 de SonicWall<\/b> est un <b>routeur<\/b> professionnel con\u00e7u pour offrir une connectivit\u00e9 fiable et s\u00e9curis\u00e9e dans les environnements r\u00e9seau o\u00f9 la performance et la stabilit\u00e9 sont essentielles. Ce mod\u00e8le int\u00e8gre des <b>ports Ethernet LAN 10\/100\/1000<\/b>, permettant des connexions haut d\u00e9bit indispensables aux entreprises ayant des besoins importants en trafic de donn\u00e9es et en transferts efficaces entre appareils. Il fonctionne en double bande, prenant en charge les <b>fr\u00e9quences 2,4 GHz et 5 GHz<\/b>, assurant ainsi une couverture sans fil robuste et la capacit\u00e9 de s\u2019adapter \u00e0 diff\u00e9rents besoins de bande passante, tout en minimisant les interf\u00e9rences et en optimisant l\u2019utilisation pour les applications classiques comme pour les environnements plus exigeants. Le design comprend une <b>prise EU<\/b>, garantissant la compatibilit\u00e9 avec l\u2019infrastructure \u00e9lectrique europ\u00e9enne, et il est pens\u00e9 pour s\u2019int\u00e9grer facilement dans les r\u00e9seaux d\u2019entreprise, que ce soit pour une mise \u00e0 niveau ou une extension de syst\u00e8mes existants. SonicWall se distingue par l\u2019int\u00e9gration de mesures de s\u00e9curit\u00e9 avanc\u00e9es dans ses solutions de connectivit\u00e9, ce qui permet \u00e0 ce routeur d\u2019offrir une base s\u00fbre pour la gestion des donn\u00e9es sensibles et des actifs professionnels, prot\u00e9geant efficacement le r\u00e9seau contre les menaces externes. Ce produit constitue un choix robuste et performant pour les entreprises recherchant un acc\u00e8s r\u00e9seau stable, des transferts rapides et la tranquillit\u00e9 d\u2019une architecture ax\u00e9e sur la s\u00e9curit\u00e9 et l\u2019\u00e9volution future.<\/p>\n<ul>\n<li>Type de prise: Prise EU<\/li>\n<li>Type: Router<\/li>\n<li>Produit \u00e0 brancher: Oui<\/li>\n<li>Connectivit\u00e9:\n<ul>\n<li>Ethernet LAN<\/li>\n<li>Ethernet LAN 10\/100\/1000<\/li>\n<\/ul>\n<\/li>\n<li>Bloc d\u2019Alimentation: r\u00e9seau \u00e9lectrique<\/li>\n<li>Fr\u00e9quence: 2,4 GHz &#8211; 5 GHz<\/li>\n<li>Connexions: Ethernet LAN 10\/100\/1000<\/li>\n<\/ul>","protected":false},"excerpt":{"rendered":"<p>Si vous \u00eates passionn\u00e9 d&#8217;informatique et d&#8217;\u00e9lectronique, si vous \u00eates \u00e0 la pointe de la technologie et qu&#8217;aucun d\u00e9tail ne vous \u00e9chappe, achetez Router SonicWall 03-SSC-6952 Ethernet LAN 10\/100\/1000 au meilleur prix. Le 03-SSC-6952 de SonicWall est un routeur professionnel con\u00e7u pour offrir une connectivit\u00e9 fiable et s\u00e9curis\u00e9e dans les environnements r\u00e9seau o\u00f9 la performance [&hellip;]<\/p>\n","protected":false},"featured_media":46453,"comment_status":"open","ping_status":"closed","template":"","meta":[],"product_brand":[658],"product_cat":[65,584,612],"product_tag":[106],"class_list":{"0":"post-46454","1":"product","2":"type-product","3":"status-publish","4":"has-post-thumbnail","6":"product_brand-brandp_4781","7":"product_cat-informatique-electronique","8":"product_cat-informatique-reseaux-et-composants","9":"product_cat-routeurs-et-modems","10":"product_tag-tag_1295","12":"first","13":"instock","14":"taxable","15":"shipping-taxable","16":"purchasable","17":"product-type-simple"},"_links":{"self":[{"href":"https:\/\/bigbuy.tupique.com\/en\/wp-json\/wp\/v2\/product\/46454","targetHints":{"allow":["GET"]}}],"collection":[{"href":"https:\/\/bigbuy.tupique.com\/en\/wp-json\/wp\/v2\/product"}],"about":[{"href":"https:\/\/bigbuy.tupique.com\/en\/wp-json\/wp\/v2\/types\/product"}],"replies":[{"embeddable":true,"href":"https:\/\/bigbuy.tupique.com\/en\/wp-json\/wp\/v2\/comments?post=46454"}],"wp:featuredmedia":[{"embeddable":true,"href":"https:\/\/bigbuy.tupique.com\/en\/wp-json\/wp\/v2\/media\/46453"}],"wp:attachment":[{"href":"https:\/\/bigbuy.tupique.com\/en\/wp-json\/wp\/v2\/media?parent=46454"}],"wp:term":[{"taxonomy":"product_brand","embeddable":true,"href":"https:\/\/bigbuy.tupique.com\/en\/wp-json\/wp\/v2\/product_brand?post=46454"},{"taxonomy":"product_cat","embeddable":true,"href":"https:\/\/bigbuy.tupique.com\/en\/wp-json\/wp\/v2\/product_cat?post=46454"},{"taxonomy":"product_tag","embeddable":true,"href":"https:\/\/bigbuy.tupique.com\/en\/wp-json\/wp\/v2\/product_tag?post=46454"}],"curies":[{"name":"wp","href":"https:\/\/api.w.org\/{rel}","templated":true}]}}