{"id":46452,"date":"2026-03-30T20:11:39","date_gmt":"2026-03-30T19:11:39","guid":{"rendered":"https:\/\/bigbuy.tupique.com\/produto\/router-levis-03-ssc-7013-rj45-x-4-ethernet-lan-10-100-1000\/"},"modified":"2026-04-15T07:02:59","modified_gmt":"2026-04-15T06:02:59","slug":"router-levis-03-ssc-7013-rj45-x-4-ethernet-lan-10-100-1000","status":"publish","type":"product","link":"https:\/\/bigbuy.tupique.com\/en\/produto\/router-levis-03-ssc-7013-rj45-x-4-ethernet-lan-10-100-1000\/","title":{"rendered":"Router Levi&#8217;s 03-SSC-7013 RJ45 x 4 Ethernet LAN 10\/100\/1000"},"content":{"rendered":"<p>Si vous \u00eates \u00e0 la recherche de nouvelles tendances sur le march\u00e9, nous vous pr\u00e9sentons <b>Router Levi&#8217;s 03-SSC-7013 RJ45 x 4 Ethernet LAN 10\/100\/1000<\/b> !<\/p>\n<ul>\n<li>Type de prise: Prise EU<\/li>\n<li>Type: Router<\/li>\n<li>Produit \u00e0 brancher: Oui<\/li>\n<li>Connexions:\n<ul>\n<li>RJ45<\/li>\n<li>RJ45 x 4<\/li>\n<\/ul>\n<\/li>\n<li>Connectivit\u00e9:\n<ul>\n<li>Ethernet LAN<\/li>\n<li>Ethernet LAN 10\/100\/1000<\/li>\n<\/ul>\n<\/li>\n<li>Bloc d\u2019Alimentation: r\u00e9seau \u00e9lectrique<\/li>\n<li>Ports: 8<\/li>\n<li>Fr\u00e9quence: 2,4 GHz &#8211; 5 GHz<\/li>\n<\/ul>","protected":false},"excerpt":{"rendered":"<p>Si vous \u00eates \u00e0 la recherche de nouvelles tendances sur le march\u00e9, nous vous pr\u00e9sentons Router Levi&#8217;s 03-SSC-7013 RJ45 x 4 Ethernet LAN 10\/100\/1000 ! Type de prise: Prise EU Type: Router Produit \u00e0 brancher: Oui Connexions: RJ45 RJ45 x 4 Connectivit\u00e9: Ethernet LAN Ethernet LAN 10\/100\/1000 Bloc d\u2019Alimentation: r\u00e9seau \u00e9lectrique Ports: 8 Fr\u00e9quence: 2,4 [&hellip;]<\/p>\n","protected":false},"featured_media":46451,"comment_status":"open","ping_status":"closed","template":"","meta":[],"product_brand":[1405],"product_cat":[65,584,612],"product_tag":[106],"class_list":{"0":"post-46452","1":"product","2":"type-product","3":"status-publish","4":"has-post-thumbnail","6":"product_brand-brandp_2175","7":"product_cat-informatique-electronique","8":"product_cat-informatique-reseaux-et-composants","9":"product_cat-routeurs-et-modems","10":"product_tag-tag_1295","12":"first","13":"instock","14":"taxable","15":"shipping-taxable","16":"purchasable","17":"product-type-simple"},"_links":{"self":[{"href":"https:\/\/bigbuy.tupique.com\/en\/wp-json\/wp\/v2\/product\/46452","targetHints":{"allow":["GET"]}}],"collection":[{"href":"https:\/\/bigbuy.tupique.com\/en\/wp-json\/wp\/v2\/product"}],"about":[{"href":"https:\/\/bigbuy.tupique.com\/en\/wp-json\/wp\/v2\/types\/product"}],"replies":[{"embeddable":true,"href":"https:\/\/bigbuy.tupique.com\/en\/wp-json\/wp\/v2\/comments?post=46452"}],"wp:featuredmedia":[{"embeddable":true,"href":"https:\/\/bigbuy.tupique.com\/en\/wp-json\/wp\/v2\/media\/46451"}],"wp:attachment":[{"href":"https:\/\/bigbuy.tupique.com\/en\/wp-json\/wp\/v2\/media?parent=46452"}],"wp:term":[{"taxonomy":"product_brand","embeddable":true,"href":"https:\/\/bigbuy.tupique.com\/en\/wp-json\/wp\/v2\/product_brand?post=46452"},{"taxonomy":"product_cat","embeddable":true,"href":"https:\/\/bigbuy.tupique.com\/en\/wp-json\/wp\/v2\/product_cat?post=46452"},{"taxonomy":"product_tag","embeddable":true,"href":"https:\/\/bigbuy.tupique.com\/en\/wp-json\/wp\/v2\/product_tag?post=46452"}],"curies":[{"name":"wp","href":"https:\/\/api.w.org\/{rel}","templated":true}]}}