{"id":45944,"date":"2026-03-30T19:41:10","date_gmt":"2026-03-30T18:41:10","guid":{"rendered":"https:\/\/bigbuy.tupique.com\/produto\/scanner-epson-b11b273401\/"},"modified":"2026-04-15T07:02:41","modified_gmt":"2026-04-15T06:02:41","slug":"scanner-epson-b11b273401","status":"publish","type":"product","link":"https:\/\/bigbuy.tupique.com\/en\/produto\/scanner-epson-b11b273401\/","title":{"rendered":"Scanner Epson B11B273401"},"content":{"rendered":"<p>Si vous \u00eates \u00e0 la recherche de nouvelles tendances sur le march\u00e9, nous vous pr\u00e9sentons <b>Scanner Epson B11B273401<\/b> !<\/p>\n<ul>\n<li>Type: Scanner<\/li>\n<li>Produit \u00e0 brancher: Oui<\/li>\n<li>Type de prise: Prise EU<\/li>\n<li>Bloc d\u2019Alimentation:\n<ul>\n<li>r\u00e9seau \u00e9lectrique<\/li>\n<li>CA<\/li>\n<\/ul>\n<\/li>\n<li>Couleur:\n<ul>\n<li>Blanc<\/li>\n<li>Noir<\/li>\n<\/ul>\n<\/li>\n<li>Connexions:\n<ul>\n<li>USB 2.0<\/li>\n<li>USB<\/li>\n<\/ul>\n<\/li>\n<li>Capteur: CIS<\/li>\n<li>Tension d&#8217;entr\u00e9e AC: 100 &#8211; 240 V<\/li>\n<li>\u00c9cran integr\u00e9: Non<\/li>\n<li>Scanner: 1200 x 1200 dpi<\/li>\n<li>Entr\u00e9e AC: 100-240 V<\/li>\n<li>Papier:\n<ul>\n<li>A4<\/li>\n<li>B5<\/li>\n<\/ul>\n<\/li>\n<li>Caract\u00e9ristiques: Scanner Double Face<\/li>\n<\/ul>","protected":false},"excerpt":{"rendered":"<p>Si vous \u00eates \u00e0 la recherche de nouvelles tendances sur le march\u00e9, nous vous pr\u00e9sentons Scanner Epson B11B273401 ! Type: Scanner Produit \u00e0 brancher: Oui Type de prise: Prise EU Bloc d\u2019Alimentation: r\u00e9seau \u00e9lectrique CA Couleur: Blanc Noir Connexions: USB 2.0 USB Capteur: CIS Tension d&#8217;entr\u00e9e AC: 100 &#8211; 240 V \u00c9cran integr\u00e9: Non Scanner: [&hellip;]<\/p>\n","protected":false},"featured_media":45940,"comment_status":"open","ping_status":"closed","template":"","meta":[],"product_brand":[632],"product_cat":[65,581,587],"product_tag":[213,106],"class_list":{"0":"post-45944","1":"product","2":"type-product","3":"status-publish","4":"has-post-thumbnail","6":"product_brand-brandp_547","7":"product_cat-informatique-electronique","8":"product_cat-informatique-peripheriques-et-consommables","9":"product_cat-scanners","10":"product_tag-tag_933","11":"product_tag-tag_1295","13":"first","14":"instock","15":"taxable","16":"shipping-taxable","17":"purchasable","18":"product-type-simple"},"_links":{"self":[{"href":"https:\/\/bigbuy.tupique.com\/en\/wp-json\/wp\/v2\/product\/45944","targetHints":{"allow":["GET"]}}],"collection":[{"href":"https:\/\/bigbuy.tupique.com\/en\/wp-json\/wp\/v2\/product"}],"about":[{"href":"https:\/\/bigbuy.tupique.com\/en\/wp-json\/wp\/v2\/types\/product"}],"replies":[{"embeddable":true,"href":"https:\/\/bigbuy.tupique.com\/en\/wp-json\/wp\/v2\/comments?post=45944"}],"wp:featuredmedia":[{"embeddable":true,"href":"https:\/\/bigbuy.tupique.com\/en\/wp-json\/wp\/v2\/media\/45940"}],"wp:attachment":[{"href":"https:\/\/bigbuy.tupique.com\/en\/wp-json\/wp\/v2\/media?parent=45944"}],"wp:term":[{"taxonomy":"product_brand","embeddable":true,"href":"https:\/\/bigbuy.tupique.com\/en\/wp-json\/wp\/v2\/product_brand?post=45944"},{"taxonomy":"product_cat","embeddable":true,"href":"https:\/\/bigbuy.tupique.com\/en\/wp-json\/wp\/v2\/product_cat?post=45944"},{"taxonomy":"product_tag","embeddable":true,"href":"https:\/\/bigbuy.tupique.com\/en\/wp-json\/wp\/v2\/product_tag?post=45944"}],"curies":[{"name":"wp","href":"https:\/\/api.w.org\/{rel}","templated":true}]}}