{"id":45849,"date":"2026-03-30T19:32:13","date_gmt":"2026-03-30T18:32:13","guid":{"rendered":"https:\/\/bigbuy.tupique.com\/produto\/switch-cisco-cbs220-48p-4x-eu\/"},"modified":"2026-05-11T19:58:37","modified_gmt":"2026-05-11T17:58:37","slug":"switch-cisco-cbs220-48p-4x-eu","status":"publish","type":"product","link":"https:\/\/bigbuy.tupique.com\/en\/produto\/switch-cisco-cbs220-48p-4x-eu\/","title":{"rendered":"Switch CISCO CBS220-48P-4X-EU"},"content":{"rendered":"<p>Si vous \u00eates passionn\u00e9 d&#8217;<b>informatique et d&#8217;\u00e9lectronique<\/b>, si vous \u00eates \u00e0 la pointe de la technologie et qu&#8217;aucun d\u00e9tail ne vous \u00e9chappe, achetez <b>Switch CISCO CBS220-48P-4X-EU<\/b> au meilleur prix.<\/p>\n<ul>\n<li>Connexions:\n<ul>\n<li>RJ45<\/li>\n<li>RJ45 x 48<\/li>\n<li>Ethernet LAN<\/li>\n<\/ul>\n<\/li>\n<li>Produit \u00e0 brancher: Oui<\/li>\n<li>Type de prise: Prise EU<\/li>\n<li>Type: Switch<\/li>\n<li>Bloc d\u2019Alimentation: r\u00e9seau \u00e9lectrique<\/li>\n<li>Couleur: Blanc<\/li>\n<li>Fr\u00e9quence:\n<ul>\n<li>50-60 Hz<\/li>\n<li>50 &#8211; 60 Hz<\/li>\n<\/ul>\n<\/li>\n<li>Support: Multisupport<\/li>\n<li>N\u00b0 de rainures: 4<\/li>\n<li>Ports: 48<\/li>\n<li>Caract\u00e9ristiques: T\u00e9moin de fonctionnement LED<\/li>\n<li>Largeur: 44 cm<\/li>\n<li>Plage d&#8217;humidit\u00e9 de travail: 10 % &#8211; 90 %<\/li>\n<li>Temp\u00e9rature approximative: &#8211; 20\u00baC \/ 70\u00b0C<\/li>\n<li>S\u00e9curit\u00e9: IGMP<\/li>\n<\/ul>","protected":false},"excerpt":{"rendered":"<p>Si vous \u00eates passionn\u00e9 d&#8217;informatique et d&#8217;\u00e9lectronique, si vous \u00eates \u00e0 la pointe de la technologie et qu&#8217;aucun d\u00e9tail ne vous \u00e9chappe, achetez Switch CISCO CBS220-48P-4X-EU au meilleur prix. Connexions: RJ45 RJ45 x 48 Ethernet LAN Produit \u00e0 brancher: Oui Type de prise: Prise EU Type: Switch Bloc d\u2019Alimentation: r\u00e9seau \u00e9lectrique Couleur: Blanc Fr\u00e9quence: 50-60 [&hellip;]<\/p>\n","protected":false},"featured_media":45841,"comment_status":"open","ping_status":"closed","template":"","meta":[],"product_brand":[656],"product_cat":[65,584,585],"product_tag":[106],"class_list":{"0":"post-45849","1":"product","2":"type-product","3":"status-publish","4":"has-post-thumbnail","6":"product_brand-brandp_1036","7":"product_cat-informatique-electronique","8":"product_cat-informatique-reseaux-et-composants","9":"product_cat-switch","10":"product_tag-tag_1295","12":"first","13":"instock","14":"taxable","15":"shipping-taxable","16":"purchasable","17":"product-type-simple"},"_links":{"self":[{"href":"https:\/\/bigbuy.tupique.com\/en\/wp-json\/wp\/v2\/product\/45849","targetHints":{"allow":["GET"]}}],"collection":[{"href":"https:\/\/bigbuy.tupique.com\/en\/wp-json\/wp\/v2\/product"}],"about":[{"href":"https:\/\/bigbuy.tupique.com\/en\/wp-json\/wp\/v2\/types\/product"}],"replies":[{"embeddable":true,"href":"https:\/\/bigbuy.tupique.com\/en\/wp-json\/wp\/v2\/comments?post=45849"}],"wp:featuredmedia":[{"embeddable":true,"href":"https:\/\/bigbuy.tupique.com\/en\/wp-json\/wp\/v2\/media\/45841"}],"wp:attachment":[{"href":"https:\/\/bigbuy.tupique.com\/en\/wp-json\/wp\/v2\/media?parent=45849"}],"wp:term":[{"taxonomy":"product_brand","embeddable":true,"href":"https:\/\/bigbuy.tupique.com\/en\/wp-json\/wp\/v2\/product_brand?post=45849"},{"taxonomy":"product_cat","embeddable":true,"href":"https:\/\/bigbuy.tupique.com\/en\/wp-json\/wp\/v2\/product_cat?post=45849"},{"taxonomy":"product_tag","embeddable":true,"href":"https:\/\/bigbuy.tupique.com\/en\/wp-json\/wp\/v2\/product_tag?post=45849"}],"curies":[{"name":"wp","href":"https:\/\/api.w.org\/{rel}","templated":true}]}}