{"id":45753,"date":"2026-03-30T19:28:29","date_gmt":"2026-03-30T18:28:29","guid":{"rendered":"https:\/\/bigbuy.tupique.com\/produto\/videowall-monitor-lg-43ul5q-e-aeuq-4k-ultra-hd-43\/"},"modified":"2026-04-16T10:15:09","modified_gmt":"2026-04-16T09:15:09","slug":"videowall-monitor-lg-43ul5q-e-aeuq-4k-ultra-hd-43","status":"publish","type":"product","link":"https:\/\/bigbuy.tupique.com\/en\/produto\/videowall-monitor-lg-43ul5q-e-aeuq-4k-ultra-hd-43\/","title":{"rendered":"Moniteur Videowall LG 43UL5Q-E.AEUQ 4K Ultra HD 43&#8243;"},"content":{"rendered":"<p>Si vous \u00eates \u00e0 la recherche de nouvelles tendances sur le march\u00e9, nous vous pr\u00e9sentons <b>Moniteur Videowall LG 43UL5Q-E.AEUQ 4K Ultra HD 43&#8243;<\/b> !<\/p>\n<ul>\n<li>Type: Moniteur Videowall<\/li>\n<li>Classification \u00e9nerg\u00e9tique: G<\/li>\n<li>Couleur: Noir<\/li>\n<li>Temps de r\u00e9ponse: 8 ms<\/li>\n<li>Ecran tactile: Non<\/li>\n<li>Tension:\n<ul>\n<li>100-240 V<\/li>\n<li>100 &#8211; 240 V<\/li>\n<\/ul>\n<\/li>\n<li>Ecran: 43&#8243;<\/li>\n<li>M\u00e9moire interne: 8 GB<\/li>\n<li>R\u00e9solution: 4K Ultra HD<\/li>\n<li>Connectivit\u00e9:\n<ul>\n<li>Wi-Fi<\/li>\n<li>Ethernet LAN<\/li>\n<\/ul>\n<\/li>\n<li>Rapport d&#8217;aspect: 16:9<\/li>\n<li>Connexions:\n<ul>\n<li>HDMI<\/li>\n<li>USB<\/li>\n<li>RJ45<\/li>\n<li>Ethernet LAN<\/li>\n<li>RS232C x 1<\/li>\n<li>PC Audio-in x 1<\/li>\n<li>HDMI 1.4<\/li>\n<\/ul>\n<\/li>\n<li>R\u00e9solution (px): 3840 x 2160 px<\/li>\n<li>Technologie: LED<\/li>\n<li>Fr\u00e9quence:\n<ul>\n<li>50-60 Hz<\/li>\n<li>60 Hz<\/li>\n<\/ul>\n<\/li>\n<li>Caract\u00e9ristiques:\n<ul>\n<li>Haut-parleurs int\u00e9gr\u00e9s<\/li>\n<li>2 Haut-parleurs<\/li>\n<\/ul>\n<\/li>\n<li>Format: 16:9<\/li>\n<li>puissance: 20 W<\/li>\n<li>Rapport de contraste: 1200:1<\/li>\n<li>Capteurs: Gyroscope<\/li>\n<li>Inclut: T\u00e9l\u00e9commande<\/li>\n<li>VESA: 20 x 20 cm<\/li>\n<li>consommation d&#8217;\u00e9nergie: 40 W<\/li>\n<li>Fr\u00e9quence d&#8217;entr\u00e9e AC: 50-60 Hz<\/li>\n<li>Type de prise: Prise EU<\/li>\n<li>Flux lumineux: 350 lm<\/li>\n<li>Angle: 178\u00ba<\/li>\n<li>Montage: VESA<\/li>\n<li>Utilisation recommand\u00e9e: Entreprise et commerce<\/li>\n<li>Diagonale de l&#8217;\u00e9cran (cm): 109,2 cm<\/li>\n<\/ul>","protected":false},"excerpt":{"rendered":"<p>Si vous \u00eates \u00e0 la recherche de nouvelles tendances sur le march\u00e9, nous vous pr\u00e9sentons Moniteur Videowall LG 43UL5Q-E.AEUQ 4K Ultra HD 43&#8243; ! Type: Moniteur Videowall Classification \u00e9nerg\u00e9tique: G Couleur: Noir Temps de r\u00e9ponse: 8 ms Ecran tactile: Non Tension: 100-240 V 100 &#8211; 240 V Ecran: 43&#8243; M\u00e9moire interne: 8 GB R\u00e9solution: 4K [&hellip;]<\/p>\n","protected":false},"featured_media":45750,"comment_status":"open","ping_status":"closed","template":"","meta":[],"product_brand":[662],"product_cat":[65,581,616],"product_tag":[213,106],"class_list":{"0":"post-45753","1":"product","2":"type-product","3":"status-publish","4":"has-post-thumbnail","6":"product_brand-brandp_559","7":"product_cat-informatique-electronique","8":"product_cat-informatique-peripheriques-et-consommables","9":"product_cat-moniteurs","10":"product_tag-tag_933","11":"product_tag-tag_1295","13":"first","14":"instock","15":"taxable","16":"shipping-taxable","17":"purchasable","18":"product-type-simple"},"_links":{"self":[{"href":"https:\/\/bigbuy.tupique.com\/en\/wp-json\/wp\/v2\/product\/45753","targetHints":{"allow":["GET"]}}],"collection":[{"href":"https:\/\/bigbuy.tupique.com\/en\/wp-json\/wp\/v2\/product"}],"about":[{"href":"https:\/\/bigbuy.tupique.com\/en\/wp-json\/wp\/v2\/types\/product"}],"replies":[{"embeddable":true,"href":"https:\/\/bigbuy.tupique.com\/en\/wp-json\/wp\/v2\/comments?post=45753"}],"wp:featuredmedia":[{"embeddable":true,"href":"https:\/\/bigbuy.tupique.com\/en\/wp-json\/wp\/v2\/media\/45750"}],"wp:attachment":[{"href":"https:\/\/bigbuy.tupique.com\/en\/wp-json\/wp\/v2\/media?parent=45753"}],"wp:term":[{"taxonomy":"product_brand","embeddable":true,"href":"https:\/\/bigbuy.tupique.com\/en\/wp-json\/wp\/v2\/product_brand?post=45753"},{"taxonomy":"product_cat","embeddable":true,"href":"https:\/\/bigbuy.tupique.com\/en\/wp-json\/wp\/v2\/product_cat?post=45753"},{"taxonomy":"product_tag","embeddable":true,"href":"https:\/\/bigbuy.tupique.com\/en\/wp-json\/wp\/v2\/product_tag?post=45753"}],"curies":[{"name":"wp","href":"https:\/\/api.w.org\/{rel}","templated":true}]}}