{"id":45535,"date":"2026-03-30T19:04:31","date_gmt":"2026-03-30T18:04:31","guid":{"rendered":"https:\/\/bigbuy.tupique.com\/produto\/photogrpahic-printer-brother-mfcj6960dwre1\/"},"modified":"2026-04-15T07:02:25","modified_gmt":"2026-04-15T06:02:25","slug":"photogrpahic-printer-brother-mfcj6960dwre1","status":"publish","type":"product","link":"https:\/\/bigbuy.tupique.com\/en\/produto\/photogrpahic-printer-brother-mfcj6960dwre1\/","title":{"rendered":"Imprimante photo Brother MFCJ6960DWRE1"},"content":{"rendered":"<p>Si vous \u00eates \u00e0 la recherche de nouvelles tendances sur le march\u00e9, nous vous pr\u00e9sentons <b>Imprimante photo Brother MFCJ6960DWRE1<\/b> !<\/p>\n<ul>\n<li>Type:\n<ul>\n<li>Imprimante photo<\/li>\n<li>Couleur<\/li>\n<\/ul>\n<\/li>\n<li>Produit \u00e0 brancher: Oui<\/li>\n<li>Bloc d\u2019Alimentation:\n<ul>\n<li>r\u00e9seau \u00e9lectrique<\/li>\n<li>Cordon d&#8217;alimentation CA<\/li>\n<\/ul>\n<\/li>\n<li>Couleur:\n<ul>\n<li>Blanc<\/li>\n<li>Noir<\/li>\n<\/ul>\n<\/li>\n<li>Caract\u00e9ristiques:\n<ul>\n<li>\u00c9cran integr\u00e9<\/li>\n<li>\u00c9cran couleur<\/li>\n<li>Garantie<\/li>\n<li>Guide d&#8217;installation inclus<\/li>\n<li>Impression recto verso<\/li>\n<li>Commande tactile<\/li>\n<\/ul>\n<\/li>\n<li>R\u00e9solution d&#8217;image maximale: 1200 x 4800 dpi<\/li>\n<li>Technologie: Injection d&#8217;encre<\/li>\n<li>Taille: A3<\/li>\n<li>Connexions:\n<ul>\n<li>USB<\/li>\n<li>USB-A<\/li>\n<\/ul>\n<\/li>\n<li>Connectivit\u00e9:\n<ul>\n<li>Wi-Fi<\/li>\n<li>Ethernet LAN<\/li>\n<\/ul>\n<\/li>\n<li>Format: PDF<\/li>\n<li>Syst\u00e8me d&#8217;exploitation: Windows 10<\/li>\n<li>vitesse:\n<ul>\n<li>16 ppm<\/li>\n<li>30 ppm<\/li>\n<li>31 ppm<\/li>\n<li>10\/100\/1000 Mbps<\/li>\n<\/ul>\n<\/li>\n<li>Impression couleur: Oui<\/li>\n<li>Scanner: 1200 x 2400 dpi<\/li>\n<li>Capacit\u00e9:\n<ul>\n<li>650 Volets<\/li>\n<li>250 Volets<\/li>\n<\/ul>\n<\/li>\n<li>Ecran: 3,5&#8243;<\/li>\n<li>Compatible: Mac OS<\/li>\n<li>Fr\u00e9quence d&#8217;entr\u00e9e AC: 50-60 Hz<\/li>\n<li>Tension: 220-240 V<\/li>\n<li>Largeur: 48 cm<\/li>\n<li>Pr\u00e9cision (humidit\u00e9 relative): 20 % &#8211; 80 %<\/li>\n<li>Papier: C5<\/li>\n<li>Fonctions: Imprimer<\/li>\n<li>Inclut:\n<ul>\n<li>Manuel de l&#8217;utilisateur<\/li>\n<li>Cartouche<\/li>\n<\/ul>\n<\/li>\n<li>Utilisation recommand\u00e9e: Entreprise et commerce<\/li>\n<\/ul>","protected":false},"excerpt":{"rendered":"<p>Si vous \u00eates \u00e0 la recherche de nouvelles tendances sur le march\u00e9, nous vous pr\u00e9sentons Imprimante photo Brother MFCJ6960DWRE1 ! Type: Imprimante photo Couleur Produit \u00e0 brancher: Oui Bloc d\u2019Alimentation: r\u00e9seau \u00e9lectrique Cordon d&#8217;alimentation CA Couleur: Blanc Noir Caract\u00e9ristiques: \u00c9cran integr\u00e9 \u00c9cran couleur Garantie Guide d&#8217;installation inclus Impression recto verso Commande tactile R\u00e9solution d&#8217;image maximale: [&hellip;]<\/p>\n","protected":false},"featured_media":45530,"comment_status":"open","ping_status":"closed","template":"","meta":[],"product_brand":[669],"product_cat":[592,65,581],"product_tag":[213,106],"class_list":{"0":"post-45535","1":"product","2":"type-product","3":"status-publish","4":"has-post-thumbnail","6":"product_brand-brandp_538","7":"product_cat-imprimantes","8":"product_cat-informatique-electronique","9":"product_cat-informatique-peripheriques-et-consommables","10":"product_tag-tag_933","11":"product_tag-tag_1295","13":"first","14":"instock","15":"taxable","16":"shipping-taxable","17":"purchasable","18":"product-type-simple"},"_links":{"self":[{"href":"https:\/\/bigbuy.tupique.com\/en\/wp-json\/wp\/v2\/product\/45535","targetHints":{"allow":["GET"]}}],"collection":[{"href":"https:\/\/bigbuy.tupique.com\/en\/wp-json\/wp\/v2\/product"}],"about":[{"href":"https:\/\/bigbuy.tupique.com\/en\/wp-json\/wp\/v2\/types\/product"}],"replies":[{"embeddable":true,"href":"https:\/\/bigbuy.tupique.com\/en\/wp-json\/wp\/v2\/comments?post=45535"}],"wp:featuredmedia":[{"embeddable":true,"href":"https:\/\/bigbuy.tupique.com\/en\/wp-json\/wp\/v2\/media\/45530"}],"wp:attachment":[{"href":"https:\/\/bigbuy.tupique.com\/en\/wp-json\/wp\/v2\/media?parent=45535"}],"wp:term":[{"taxonomy":"product_brand","embeddable":true,"href":"https:\/\/bigbuy.tupique.com\/en\/wp-json\/wp\/v2\/product_brand?post=45535"},{"taxonomy":"product_cat","embeddable":true,"href":"https:\/\/bigbuy.tupique.com\/en\/wp-json\/wp\/v2\/product_cat?post=45535"},{"taxonomy":"product_tag","embeddable":true,"href":"https:\/\/bigbuy.tupique.com\/en\/wp-json\/wp\/v2\/product_tag?post=45535"}],"curies":[{"name":"wp","href":"https:\/\/api.w.org\/{rel}","templated":true}]}}