{"id":45501,"date":"2026-03-30T19:03:11","date_gmt":"2026-03-30T18:03:11","guid":{"rendered":"https:\/\/bigbuy.tupique.com\/produto\/usb-hub-hp-thunderbolt-4-ultra-de-280-w-g6-grey-280-w\/"},"modified":"2026-05-11T20:00:32","modified_gmt":"2026-05-11T18:00:32","slug":"usb-hub-hp-thunderbolt-4-ultra-de-280-w-g6-grey-280-w","status":"publish","type":"product","link":"https:\/\/bigbuy.tupique.com\/en\/produto\/usb-hub-hp-thunderbolt-4-ultra-de-280-w-g6-grey-280-w\/","title":{"rendered":"Hub USB HP Thunderbolt 4 Ultra de 280 W G6 Gris 280 W"},"content":{"rendered":"<p>Si vous \u00eates \u00e0 la recherche de nouvelles tendances sur le march\u00e9, nous vous pr\u00e9sentons <b>Hub USB HP Thunderbolt 4 Ultra de 280 W G6 Gris 280 W<\/b> !<\/p>\n<ul>\n<li>Ports: 3<\/li>\n<li>Type:\n<ul>\n<li>Hub USB<\/li>\n<li>Avec fil<\/li>\n<\/ul>\n<\/li>\n<li>Syst\u00e8me d&#8217;exploitation:\n<ul>\n<li>Windows 10<\/li>\n<li>Windows 11<\/li>\n<li>macOS<\/li>\n<\/ul>\n<\/li>\n<li>Fr\u00e9quence: 360 Hz<\/li>\n<li>Couleur: Gris<\/li>\n<li>Connexions:\n<ul>\n<li>HDMI<\/li>\n<li>RJ45<\/li>\n<li>USB x 2<\/li>\n<li>DisplayPort<\/li>\n<li>Thunderbolt 4 x 1<\/li>\n<li>USB 3.2 x 3<\/li>\n<li>USB<\/li>\n<li>USB 2.0<\/li>\n<li>DisplayPort x 2<\/li>\n<li>HDMI 2.1 x 1<\/li>\n<li>DisplayPort 1.4<\/li>\n<li>USB-A 3.2<\/li>\n<\/ul>\n<\/li>\n<li>R\u00e9solution: 8K Ultra HD<\/li>\n<li>Bloc d\u2019Alimentation:\n<ul>\n<li>C\u00e2ble<\/li>\n<li>Cordon d&#8217;alimentation CA<\/li>\n<li>Avec fil<\/li>\n<\/ul>\n<\/li>\n<li>Mati\u00e8re: Plastique<\/li>\n<li>Caract\u00e9ristiques: Garantie<\/li>\n<li>Compatible: macOS<\/li>\n<li>Connectivit\u00e9: Ethernet LAN<\/li>\n<li>puissance: 280 W<\/li>\n<li>Plage d&#8217;humidit\u00e9 de travail: 10 % &#8211; 90 %<\/li>\n<li>vitesse:\n<ul>\n<li>1000 Mbps<\/li>\n<li>10\/100\/1000\/2500 Mbps<\/li>\n<\/ul>\n<\/li>\n<li>Type de batterie:\n<ul>\n<li>Litio Ion<\/li>\n<li>Batterie au lithium rechargeable<\/li>\n<\/ul>\n<\/li>\n<li>Utilisation recommand\u00e9e: Professionnel<\/li>\n<li>Largeur: 12,1 cm<\/li>\n<\/ul>","protected":false},"excerpt":{"rendered":"<p>Si vous \u00eates \u00e0 la recherche de nouvelles tendances sur le march\u00e9, nous vous pr\u00e9sentons Hub USB HP Thunderbolt 4 Ultra de 280 W G6 Gris 280 W ! Ports: 3 Type: Hub USB Avec fil Syst\u00e8me d&#8217;exploitation: Windows 10 Windows 11 macOS Fr\u00e9quence: 360 Hz Couleur: Gris Connexions: HDMI RJ45 USB x 2 DisplayPort [&hellip;]<\/p>\n","protected":false},"featured_media":45471,"comment_status":"open","ping_status":"closed","template":"","meta":[],"product_brand":[630],"product_cat":[611,65,584],"product_tag":[106],"class_list":{"0":"post-45501","1":"product","2":"type-product","3":"status-publish","4":"has-post-thumbnail","6":"product_brand-brandp_909","7":"product_cat-hub-usb","8":"product_cat-informatique-electronique","9":"product_cat-informatique-reseaux-et-composants","10":"product_tag-tag_1295","12":"first","13":"instock","14":"taxable","15":"shipping-taxable","16":"purchasable","17":"product-type-simple"},"_links":{"self":[{"href":"https:\/\/bigbuy.tupique.com\/en\/wp-json\/wp\/v2\/product\/45501","targetHints":{"allow":["GET"]}}],"collection":[{"href":"https:\/\/bigbuy.tupique.com\/en\/wp-json\/wp\/v2\/product"}],"about":[{"href":"https:\/\/bigbuy.tupique.com\/en\/wp-json\/wp\/v2\/types\/product"}],"replies":[{"embeddable":true,"href":"https:\/\/bigbuy.tupique.com\/en\/wp-json\/wp\/v2\/comments?post=45501"}],"wp:featuredmedia":[{"embeddable":true,"href":"https:\/\/bigbuy.tupique.com\/en\/wp-json\/wp\/v2\/media\/45471"}],"wp:attachment":[{"href":"https:\/\/bigbuy.tupique.com\/en\/wp-json\/wp\/v2\/media?parent=45501"}],"wp:term":[{"taxonomy":"product_brand","embeddable":true,"href":"https:\/\/bigbuy.tupique.com\/en\/wp-json\/wp\/v2\/product_brand?post=45501"},{"taxonomy":"product_cat","embeddable":true,"href":"https:\/\/bigbuy.tupique.com\/en\/wp-json\/wp\/v2\/product_cat?post=45501"},{"taxonomy":"product_tag","embeddable":true,"href":"https:\/\/bigbuy.tupique.com\/en\/wp-json\/wp\/v2\/product_tag?post=45501"}],"curies":[{"name":"wp","href":"https:\/\/api.w.org\/{rel}","templated":true}]}}