{"id":45442,"date":"2026-03-30T19:00:37","date_gmt":"2026-03-30T18:00:37","guid":{"rendered":"https:\/\/bigbuy.tupique.com\/produto\/wi-fi-repeater-fritz-20003128\/"},"modified":"2026-05-11T20:00:36","modified_gmt":"2026-05-11T18:00:36","slug":"wi-fi-repeater-fritz-20003128","status":"publish","type":"product","link":"https:\/\/bigbuy.tupique.com\/en\/produto\/wi-fi-repeater-fritz-20003128\/","title":{"rendered":"R\u00e9p\u00e9teur Wifi Fritz! 20003128"},"content":{"rendered":"<p>Si vous \u00eates passionn\u00e9 d&#8217;<b>informatique et d&#8217;\u00e9lectronique<\/b>, si vous \u00eates \u00e0 la pointe de la technologie et qu&#8217;aucun d\u00e9tail ne vous \u00e9chappe, achetez <b>R\u00e9p\u00e9teur Wifi Fritz! 20003128<\/b> au meilleur prix.<\/p>\n<ul>\n<li>Produit \u00e0 brancher: Oui<\/li>\n<li>Unit\u00e9s: 2 Unit\u00e9s<\/li>\n<li>Type de prise: Prise EU<\/li>\n<li>Type: R\u00e9p\u00e9teur Wifi<\/li>\n<li>Bloc d\u2019Alimentation: r\u00e9seau \u00e9lectrique<\/li>\n<li>Couleur: Blanc<\/li>\n<li>Connectivit\u00e9: Wi-Fi<\/li>\n<\/ul>","protected":false},"excerpt":{"rendered":"<p><span class=\"unit-info\">141.9950 &euro; \/ 1 unit<\/span><\/p>","protected":false},"featured_media":45432,"comment_status":"open","ping_status":"closed","template":"","meta":[],"product_brand":[654],"product_cat":[65,584,964],"product_tag":[210,106],"class_list":{"0":"post-45442","1":"product","2":"type-product","3":"status-publish","4":"has-post-thumbnail","6":"product_brand-brandp_2453","7":"product_cat-informatique-electronique","8":"product_cat-informatique-reseaux-et-composants","9":"product_cat-reseaux-wi-fi","10":"product_tag-tag_25","11":"product_tag-tag_1295","13":"first","14":"instock","15":"taxable","16":"shipping-taxable","17":"purchasable","18":"product-type-simple"},"_links":{"self":[{"href":"https:\/\/bigbuy.tupique.com\/en\/wp-json\/wp\/v2\/product\/45442","targetHints":{"allow":["GET"]}}],"collection":[{"href":"https:\/\/bigbuy.tupique.com\/en\/wp-json\/wp\/v2\/product"}],"about":[{"href":"https:\/\/bigbuy.tupique.com\/en\/wp-json\/wp\/v2\/types\/product"}],"replies":[{"embeddable":true,"href":"https:\/\/bigbuy.tupique.com\/en\/wp-json\/wp\/v2\/comments?post=45442"}],"wp:featuredmedia":[{"embeddable":true,"href":"https:\/\/bigbuy.tupique.com\/en\/wp-json\/wp\/v2\/media\/45432"}],"wp:attachment":[{"href":"https:\/\/bigbuy.tupique.com\/en\/wp-json\/wp\/v2\/media?parent=45442"}],"wp:term":[{"taxonomy":"product_brand","embeddable":true,"href":"https:\/\/bigbuy.tupique.com\/en\/wp-json\/wp\/v2\/product_brand?post=45442"},{"taxonomy":"product_cat","embeddable":true,"href":"https:\/\/bigbuy.tupique.com\/en\/wp-json\/wp\/v2\/product_cat?post=45442"},{"taxonomy":"product_tag","embeddable":true,"href":"https:\/\/bigbuy.tupique.com\/en\/wp-json\/wp\/v2\/product_tag?post=45442"}],"curies":[{"name":"wp","href":"https:\/\/api.w.org\/{rel}","templated":true}]}}