{"id":45265,"date":"2026-03-30T18:48:21","date_gmt":"2026-03-30T17:48:21","guid":{"rendered":"https:\/\/bigbuy.tupique.com\/produto\/motherboard-msi-lga-1851-intel-z890\/"},"modified":"2026-04-16T19:10:15","modified_gmt":"2026-04-16T18:10:15","slug":"motherboard-msi-lga-1851-intel-z890","status":"publish","type":"product","link":"https:\/\/bigbuy.tupique.com\/en\/produto\/motherboard-msi-lga-1851-intel-z890\/","title":{"rendered":"Carte M\u00e8re MSI LGA 1851 Intel Z890"},"content":{"rendered":"<p>Si vous \u00eates passionn\u00e9 d&#8217;<b>informatique et d&#8217;\u00e9lectronique<\/b>, si vous \u00eates \u00e0 la pointe de la technologie et qu&#8217;aucun d\u00e9tail ne vous \u00e9chappe, achetez <b>Carte M\u00e8re MSI LGA 1851 Intel Z890<\/b> au meilleur prix.<\/p>\n<p>La <b>MSI PRO Z890-P WIFI<\/b> est une <b>carte m\u00e8re<\/b> con\u00e7ue pour maximiser les performances dans des configurations PC haut de gamme, int\u00e9grant le <b>chipset Intel Z890<\/b> et le moderne <b>socket LGA 1851<\/b>, compatible avec les derniers processeurs Intel pour assurer puissance et efficacit\u00e9 optimales. Son <b>format ATX<\/b> facilite l\u2019int\u00e9gration dans la plupart des bo\u00eetiers standards, tandis que sa couleur argent\u00e9e offre une finition \u00e9l\u00e9gante et professionnelle. Elle est sp\u00e9cialement pens\u00e9e pour les environnements utilisant <b>Windows 11<\/b>, garantissant compatibilit\u00e9 et support des technologies r\u00e9centes. Parmi ses connexions, on trouve une sortie <b>HDMI<\/b> pour brancher facilement des \u00e9crans externes, et sa connectivit\u00e9 sans fil inclut le <b>Wi-Fi 7<\/b>, assurant des transferts de donn\u00e9es \u00e0 des vitesses bien sup\u00e9rieures aux g\u00e9n\u00e9rations pr\u00e9c\u00e9dentes et une exp\u00e9rience r\u00e9seau stable et rapide. En compl\u00e9ment, elle dispose d\u2019une connexion <b>LAN 5G<\/b> puissante, id\u00e9ale pour le gaming, le streaming et les travaux professionnels exigeant une large bande passante. Cette carte m\u00e8re int\u00e8gre aussi le support du <b>Thunderbolt 4<\/b>, permettant des connexions rapides et polyvalentes avec des p\u00e9riph\u00e9riques externes et des moniteurs haute r\u00e9solution. Son architecture prend en charge l\u2019interface <b>PCIe 5.0<\/b>, offrant une bande passante am\u00e9lior\u00e9e pour cartes graphiques et SSD, assurant compatibilit\u00e9 avec les composants de derni\u00e8re g\u00e9n\u00e9ration et pr\u00eate pour les futures mises \u00e0 jour. C\u00f4t\u00e9 design, la <b>PRO Z890-P WIFI<\/b> est \u00e9quip\u00e9e de syst\u00e8mes de protection contre la surchauffe garantissant un fonctionnement s\u00fbr et stable m\u00eame sous forte charge, ainsi que d\u2019un \u00e9cran int\u00e9gr\u00e9 facilitant la surveillance directe de l\u2019\u00e9tat du syst\u00e8me sans logiciel suppl\u00e9mentaire. La connectivit\u00e9 USB est abondante et polyvalente, \u00e9largissant les possibilit\u00e9s pour p\u00e9riph\u00e9riques et appareils externes. Dans l\u2019ensemble, ce produit MSI repr\u00e9sente une solution fiable et technologiquement avanc\u00e9e pour les utilisateurs souhaitant construire ou mettre \u00e0 jour un PC avec des composants performants et des connexions de derni\u00e8re g\u00e9n\u00e9ration.<\/p>\n<ul>\n<li>Type: Carte M\u00e8re<\/li>\n<li>USB 2.0: Oui<\/li>\n<li>DisplayPort: Oui<\/li>\n<li>Compatible:\n<ul>\n<li>Windows 11<\/li>\n<li>HDD\/SSD<\/li>\n<li>PC<\/li>\n<\/ul>\n<\/li>\n<li>Connectivit\u00e9:\n<ul>\n<li>WI-FI 7<\/li>\n<li>Bluetooth 5.4<\/li>\n<li>5 Gigabit Ethernet<\/li>\n<li>Bluetooth<\/li>\n<li>Wi-Fi<\/li>\n<\/ul>\n<\/li>\n<li>Connexions:\n<ul>\n<li>DIMM x 4<\/li>\n<li>USB 3.2 x 2<\/li>\n<li>Thunderbolt x 1<\/li>\n<li>HDMI x 1<\/li>\n<li>USB 2.0 x 4<\/li>\n<li>Ethernet LAN<\/li>\n<li>SATA x 4<\/li>\n<li>HDMI 2.1 x 1<\/li>\n<li>USB-C 3.2 x 1<\/li>\n<li>DIMM<\/li>\n<li>DisplayPort x 1<\/li>\n<li>USB 3.2 x 1<\/li>\n<li>RJ45 x 1<\/li>\n<li>PCI Express (x16) x 3<\/li>\n<\/ul>\n<\/li>\n<li>M\u00e9moire RAM maximale: 256 GB<\/li>\n<li>Long: 30,5 cm<\/li>\n<li>Bluetooth: Oui<\/li>\n<li>Otros:\n<ul>\n<li>HDMI<\/li>\n<li>Wi-Fi<\/li>\n<li>USB 2.0<\/li>\n<li>USB 3.2<\/li>\n<li>DisplayPort<\/li>\n<\/ul>\n<\/li>\n<li>Couleur: Noir<\/li>\n<li>Caract\u00e9ristiques:\n<ul>\n<li>USB<\/li>\n<li>Wi-Fi<\/li>\n<li>protection contre la surchauffe<\/li>\n<li>\u00c9cran integr\u00e9<\/li>\n<li>Protection contre les courts-circuits<\/li>\n<li>M\u00e9moire<\/li>\n<li>Protection contre les surtensions<\/li>\n<\/ul>\n<\/li>\n<li>Facteur de forme: ATX<\/li>\n<li>Nombre d&#8217;emplacements m\u00e9moire: 4<\/li>\n<li>Haut-parleurs: 7.1<\/li>\n<li>Processeur: Intel<\/li>\n<li>Connecteurs: SATA x 4<\/li>\n<li>Son: Realtek ALC897<\/li>\n<li>vitesse: 6 Gbps<\/li>\n<li>M\u00e9moire RAM: DDR5-SDRAM<\/li>\n<li>M\u00e9moire interne: 256 GB<\/li>\n<li>Type de m\u00e9moire: DDR5<\/li>\n<li>Famille de processeurs: Intel<\/li>\n<li>Chipset: Intel Z890<\/li>\n<li>Socket: LGA 1851<\/li>\n<\/ul>","protected":false},"excerpt":{"rendered":"<p>Si vous \u00eates passionn\u00e9 d&#8217;informatique et d&#8217;\u00e9lectronique, si vous \u00eates \u00e0 la pointe de la technologie et qu&#8217;aucun d\u00e9tail ne vous \u00e9chappe, achetez Carte M\u00e8re MSI LGA 1851 Intel Z890 au meilleur prix. La MSI PRO Z890-P WIFI est une carte m\u00e8re con\u00e7ue pour maximiser les performances dans des configurations PC haut de gamme, int\u00e9grant [&hellip;]<\/p>\n","protected":false},"featured_media":45229,"comment_status":"open","ping_status":"closed","template":"","meta":[],"product_brand":[975],"product_cat":[736,65,584],"product_tag":[59,106],"class_list":{"0":"post-45265","1":"product","2":"type-product","3":"status-publish","4":"has-post-thumbnail","6":"product_brand-brandp_565","7":"product_cat-cartes-meres","8":"product_cat-informatique-electronique","9":"product_cat-informatique-reseaux-et-composants","10":"product_tag-tag_1304","11":"product_tag-tag_1295","13":"first","14":"instock","15":"taxable","16":"shipping-taxable","17":"purchasable","18":"product-type-simple"},"_links":{"self":[{"href":"https:\/\/bigbuy.tupique.com\/en\/wp-json\/wp\/v2\/product\/45265","targetHints":{"allow":["GET"]}}],"collection":[{"href":"https:\/\/bigbuy.tupique.com\/en\/wp-json\/wp\/v2\/product"}],"about":[{"href":"https:\/\/bigbuy.tupique.com\/en\/wp-json\/wp\/v2\/types\/product"}],"replies":[{"embeddable":true,"href":"https:\/\/bigbuy.tupique.com\/en\/wp-json\/wp\/v2\/comments?post=45265"}],"wp:featuredmedia":[{"embeddable":true,"href":"https:\/\/bigbuy.tupique.com\/en\/wp-json\/wp\/v2\/media\/45229"}],"wp:attachment":[{"href":"https:\/\/bigbuy.tupique.com\/en\/wp-json\/wp\/v2\/media?parent=45265"}],"wp:term":[{"taxonomy":"product_brand","embeddable":true,"href":"https:\/\/bigbuy.tupique.com\/en\/wp-json\/wp\/v2\/product_brand?post=45265"},{"taxonomy":"product_cat","embeddable":true,"href":"https:\/\/bigbuy.tupique.com\/en\/wp-json\/wp\/v2\/product_cat?post=45265"},{"taxonomy":"product_tag","embeddable":true,"href":"https:\/\/bigbuy.tupique.com\/en\/wp-json\/wp\/v2\/product_tag?post=45265"}],"curies":[{"name":"wp","href":"https:\/\/api.w.org\/{rel}","templated":true}]}}