{"id":45165,"date":"2026-03-30T18:38:50","date_gmt":"2026-03-30T17:38:50","guid":{"rendered":"https:\/\/bigbuy.tupique.com\/produto\/motherboard-gigabyte-lga-1851-4\/"},"modified":"2026-04-16T18:05:38","modified_gmt":"2026-04-16T17:05:38","slug":"motherboard-gigabyte-lga-1851-4","status":"publish","type":"product","link":"https:\/\/bigbuy.tupique.com\/en\/produto\/motherboard-gigabyte-lga-1851-4\/","title":{"rendered":"Carte M\u00e8re Gigabyte LGA 1851"},"content":{"rendered":"<p>Si vous \u00eates \u00e0 la recherche de nouvelles tendances sur le march\u00e9, nous vous pr\u00e9sentons <b>Carte M\u00e8re Gigabyte LGA 1851<\/b> !<\/p>\n<p>La <b>carte m\u00e8re Gigabyte<\/b> avec <b>chipset Intel B860<\/b> offre une solution robuste et fiable con\u00e7ue pour monter des syst\u00e8mes de bureau compatibles avec les processeurs socket <b>LGA 1851<\/b>, proposant une plateforme moderne et optimis\u00e9e pour le mat\u00e9riel Intel de derni\u00e8re g\u00e9n\u00e9ration. Son <b>format ATX<\/b> assure une large compatibilit\u00e9 avec les bo\u00eetiers standards, facilitant la construction ou la mise \u00e0 jour de PC avec un espace suffisant pour une bonne ventilation et expansion. Parmi ses options de connectivit\u00e9, elle inclut une sortie <b>HDMI<\/b> pour connecter facilement des moniteurs ou t\u00e9l\u00e9viseurs en num\u00e9rique, adapt\u00e9e aux configurations multim\u00e9dia, ainsi que des ports USB 2.0 pour brancher des p\u00e9riph\u00e9riques basiques comme claviers, souris ou dispositifs de stockage externes. Elle s\u2019adresse aux utilisateurs recherchant une base fiable et fonctionnelle pour des syst\u00e8mes PC standards, apportant la stabilit\u00e9 et la qualit\u00e9 propres \u00e0 la marque Gigabyte. En r\u00e9sum\u00e9, cette carte m\u00e8re est un composant essentiel pour ceux qui ont besoin d\u2019une plateforme \u00e9quilibr\u00e9e combinant compatibilit\u00e9, connectivit\u00e9 essentielle et standards industriels, id\u00e9ale pour un usage domestique ou professionnel avec des processeurs compatibles socket LGA 1851 sous chipset Intel B860.<\/p>\n<ul>\n<li>Type:\n<ul>\n<li>Carte M\u00e8re<\/li>\n<li>Protection pour t\u00e9l\u00e9phone portable<\/li>\n<li>ATX<\/li>\n<li>UEFI<\/li>\n<\/ul>\n<\/li>\n<li>Profondeur: 244 mm<\/li>\n<li>Bluetooth: Oui<\/li>\n<li>Chipset: Intel B860<\/li>\n<li>Bloc d\u2019Alimentation: ATX<\/li>\n<li>USB 2.0: 4<\/li>\n<li>Connectivit\u00e9:\n<ul>\n<li>WI-FI 7<\/li>\n<li>2,5 Gigabit Ethernet<\/li>\n<li>Bluetooth 5.4<\/li>\n<li>Bluetooth<\/li>\n<li>Wi-Fi<\/li>\n<\/ul>\n<\/li>\n<li>Connexions:\n<ul>\n<li>USB 2.0 x 2<\/li>\n<li>S\/PDIF<\/li>\n<li>DIMM x 4<\/li>\n<li>HDMI x 1<\/li>\n<li>2 x USB 2.0<\/li>\n<li>USB 2.0 x 4<\/li>\n<li>Ethernet LAN<\/li>\n<li>SATA x 4<\/li>\n<li>M.2 x 3<\/li>\n<li>HDMI 2.1 x 1<\/li>\n<li>DIMM<\/li>\n<li>4 x USB 3.2 Gen 1 (3.1 Gen 1)<\/li>\n<li>2 x USB 3.2 Gen 2 (3.1 Gen 2)<\/li>\n<li>DisplayPort x 1<\/li>\n<li>USB 3.2 x 1<\/li>\n<li>RJ45 x 1<\/li>\n<\/ul>\n<\/li>\n<li>M\u00e9moire RAM maximale: 256 GB<\/li>\n<li>\u00c9lev\u00e9: 3,5 cm<\/li>\n<li>Couleur: Blanc<\/li>\n<li>Facteur de forme: ATX<\/li>\n<li>Interface:\n<ul>\n<li>Gigabit Ethernet<\/li>\n<li>DirectX 12.0<\/li>\n<\/ul>\n<\/li>\n<li>Batterie: CR2032<\/li>\n<li>M\u00e9moire: 256 MB<\/li>\n<li>Nombre d&#8217;emplacements m\u00e9moire: 4<\/li>\n<li>Piles incluses: Oui<\/li>\n<li>Haut-parleurs: 7.1<\/li>\n<li>Compatible:\n<ul>\n<li>HDD\/SSD<\/li>\n<li>PC<\/li>\n<\/ul>\n<\/li>\n<li>Inclut: Vis<\/li>\n<li>Largeur: 30,5 cm<\/li>\n<li>Son: Realtek ALC897<\/li>\n<li>M\u00e9moire interne: 256 GB<\/li>\n<li>Type de m\u00e9moire: DDR5<\/li>\n<li>Famille de processeurs: Intel<\/li>\n<li>R\u00e9solution (px): 4096 x 2160 px<\/li>\n<li>Socket: LGA 1851<\/li>\n<\/ul>","protected":false},"excerpt":{"rendered":"<p>Si vous \u00eates \u00e0 la recherche de nouvelles tendances sur le march\u00e9, nous vous pr\u00e9sentons Carte M\u00e8re Gigabyte LGA 1851 ! La carte m\u00e8re Gigabyte avec chipset Intel B860 offre une solution robuste et fiable con\u00e7ue pour monter des syst\u00e8mes de bureau compatibles avec les processeurs socket LGA 1851, proposant une plateforme moderne et optimis\u00e9e [&hellip;]<\/p>\n","protected":false},"featured_media":45140,"comment_status":"open","ping_status":"closed","template":"","meta":[],"product_brand":[1147],"product_cat":[736,65,584],"product_tag":[59,106],"class_list":{"0":"post-45165","1":"product","2":"type-product","3":"status-publish","4":"has-post-thumbnail","6":"product_brand-brandp_550","7":"product_cat-cartes-meres","8":"product_cat-informatique-electronique","9":"product_cat-informatique-reseaux-et-composants","10":"product_tag-tag_1304","11":"product_tag-tag_1295","13":"first","14":"instock","15":"taxable","16":"shipping-taxable","17":"purchasable","18":"product-type-simple"},"_links":{"self":[{"href":"https:\/\/bigbuy.tupique.com\/en\/wp-json\/wp\/v2\/product\/45165","targetHints":{"allow":["GET"]}}],"collection":[{"href":"https:\/\/bigbuy.tupique.com\/en\/wp-json\/wp\/v2\/product"}],"about":[{"href":"https:\/\/bigbuy.tupique.com\/en\/wp-json\/wp\/v2\/types\/product"}],"replies":[{"embeddable":true,"href":"https:\/\/bigbuy.tupique.com\/en\/wp-json\/wp\/v2\/comments?post=45165"}],"wp:featuredmedia":[{"embeddable":true,"href":"https:\/\/bigbuy.tupique.com\/en\/wp-json\/wp\/v2\/media\/45140"}],"wp:attachment":[{"href":"https:\/\/bigbuy.tupique.com\/en\/wp-json\/wp\/v2\/media?parent=45165"}],"wp:term":[{"taxonomy":"product_brand","embeddable":true,"href":"https:\/\/bigbuy.tupique.com\/en\/wp-json\/wp\/v2\/product_brand?post=45165"},{"taxonomy":"product_cat","embeddable":true,"href":"https:\/\/bigbuy.tupique.com\/en\/wp-json\/wp\/v2\/product_cat?post=45165"},{"taxonomy":"product_tag","embeddable":true,"href":"https:\/\/bigbuy.tupique.com\/en\/wp-json\/wp\/v2\/product_tag?post=45165"}],"curies":[{"name":"wp","href":"https:\/\/api.w.org\/{rel}","templated":true}]}}