{"id":45045,"date":"2026-03-30T18:33:54","date_gmt":"2026-03-30T17:33:54","guid":{"rendered":"https:\/\/bigbuy.tupique.com\/produto\/switch-axis-01535-001\/"},"modified":"2026-04-16T09:06:03","modified_gmt":"2026-04-16T08:06:03","slug":"switch-axis-01535-001","status":"publish","type":"product","link":"https:\/\/bigbuy.tupique.com\/en\/produto\/switch-axis-01535-001\/","title":{"rendered":"Switch Axis 01535-001"},"content":{"rendered":"<p>Si vous \u00eates \u00e0 la recherche de nouvelles tendances sur le march\u00e9, nous vous pr\u00e9sentons <b>Switch Axis 01535-001<\/b> !<\/p>\n<ul>\n<li>Produit \u00e0 brancher: Oui<\/li>\n<li>Type: Switch<\/li>\n<li>Type de prise: Prise EU<\/li>\n<li>Bloc d\u2019Alimentation: r\u00e9seau \u00e9lectrique<\/li>\n<li>Couleur: Aluminium<\/li>\n<li>Connexions:\n<ul>\n<li>RJ45<\/li>\n<li>PoE<\/li>\n<\/ul>\n<\/li>\n<li>Tension:\n<ul>\n<li>100-240 V<\/li>\n<li>24 V<\/li>\n<li>100 &#8211; 240 V<\/li>\n<\/ul>\n<\/li>\n<li>Mati\u00e8re: Aluminium<\/li>\n<li>puissance:\n<ul>\n<li>30 W<\/li>\n<li>120 W<\/li>\n<\/ul>\n<\/li>\n<\/ul>","protected":false},"excerpt":{"rendered":"<p>Si vous \u00eates \u00e0 la recherche de nouvelles tendances sur le march\u00e9, nous vous pr\u00e9sentons Switch Axis 01535-001 ! Produit \u00e0 brancher: Oui Type: Switch Type de prise: Prise EU Bloc d\u2019Alimentation: r\u00e9seau \u00e9lectrique Couleur: Aluminium Connexions: RJ45 PoE Tension: 100-240 V 24 V 100 &#8211; 240 V Mati\u00e8re: Aluminium puissance: 30 W 120 W<\/p>","protected":false},"featured_media":45042,"comment_status":"open","ping_status":"closed","template":"","meta":[],"product_brand":[645],"product_cat":[65,584,585],"product_tag":[106],"class_list":{"0":"post-45045","1":"product","2":"type-product","3":"status-publish","4":"has-post-thumbnail","6":"product_brand-brandp_4776","7":"product_cat-informatique-electronique","8":"product_cat-informatique-reseaux-et-composants","9":"product_cat-switch","10":"product_tag-tag_1295","12":"first","13":"instock","14":"taxable","15":"shipping-taxable","16":"purchasable","17":"product-type-simple"},"_links":{"self":[{"href":"https:\/\/bigbuy.tupique.com\/en\/wp-json\/wp\/v2\/product\/45045","targetHints":{"allow":["GET"]}}],"collection":[{"href":"https:\/\/bigbuy.tupique.com\/en\/wp-json\/wp\/v2\/product"}],"about":[{"href":"https:\/\/bigbuy.tupique.com\/en\/wp-json\/wp\/v2\/types\/product"}],"replies":[{"embeddable":true,"href":"https:\/\/bigbuy.tupique.com\/en\/wp-json\/wp\/v2\/comments?post=45045"}],"wp:featuredmedia":[{"embeddable":true,"href":"https:\/\/bigbuy.tupique.com\/en\/wp-json\/wp\/v2\/media\/45042"}],"wp:attachment":[{"href":"https:\/\/bigbuy.tupique.com\/en\/wp-json\/wp\/v2\/media?parent=45045"}],"wp:term":[{"taxonomy":"product_brand","embeddable":true,"href":"https:\/\/bigbuy.tupique.com\/en\/wp-json\/wp\/v2\/product_brand?post=45045"},{"taxonomy":"product_cat","embeddable":true,"href":"https:\/\/bigbuy.tupique.com\/en\/wp-json\/wp\/v2\/product_cat?post=45045"},{"taxonomy":"product_tag","embeddable":true,"href":"https:\/\/bigbuy.tupique.com\/en\/wp-json\/wp\/v2\/product_tag?post=45045"}],"curies":[{"name":"wp","href":"https:\/\/api.w.org\/{rel}","templated":true}]}}