{"id":45041,"date":"2026-03-30T18:33:45","date_gmt":"2026-03-30T17:33:45","guid":{"rendered":"https:\/\/bigbuy.tupique.com\/produto\/network-storage-hewlett-packard-s1h42a\/"},"modified":"2026-04-15T07:02:09","modified_gmt":"2026-04-15T06:02:09","slug":"network-storage-hewlett-packard-s1h42a","status":"publish","type":"product","link":"https:\/\/bigbuy.tupique.com\/en\/produto\/network-storage-hewlett-packard-s1h42a\/","title":{"rendered":"Stockage r\u00e9seau Hewlett Packard S1H42A"},"content":{"rendered":"<p>Si vous \u00eates passionn\u00e9 d&#8217;<b>informatique et d&#8217;\u00e9lectronique<\/b>, si vous \u00eates \u00e0 la pointe de la technologie et qu&#8217;aucun d\u00e9tail ne vous \u00e9chappe, achetez <b>Stockage r\u00e9seau Hewlett Packard S1H42A<\/b> au meilleur prix.<\/p>\n<ul>\n<li>Compatible: Linux<\/li>\n<li>Taille: 2,5&#8243;<\/li>\n<li>Certificat: Certification ENERGY STAR<\/li>\n<li>Type: HDD\/SSD<\/li>\n<\/ul>","protected":false},"excerpt":{"rendered":"<p>Si vous \u00eates passionn\u00e9 d&#8217;informatique et d&#8217;\u00e9lectronique, si vous \u00eates \u00e0 la pointe de la technologie et qu&#8217;aucun d\u00e9tail ne vous \u00e9chappe, achetez Stockage r\u00e9seau Hewlett Packard S1H42A au meilleur prix. Compatible: Linux Taille: 2,5&#8243; Certificat: Certification ENERGY STAR Type: HDD\/SSD<\/p>","protected":false},"featured_media":45037,"comment_status":"open","ping_status":"closed","template":"","meta":[],"product_brand":[1401],"product_cat":[588,65,584],"product_tag":[106],"class_list":{"0":"post-45041","1":"product","2":"type-product","3":"status-publish","4":"has-post-thumbnail","6":"product_brand-brandp_553","7":"product_cat-disques-durs","8":"product_cat-informatique-electronique","9":"product_cat-informatique-reseaux-et-composants","10":"product_tag-tag_1295","12":"first","13":"instock","14":"taxable","15":"shipping-taxable","16":"purchasable","17":"product-type-simple"},"_links":{"self":[{"href":"https:\/\/bigbuy.tupique.com\/en\/wp-json\/wp\/v2\/product\/45041","targetHints":{"allow":["GET"]}}],"collection":[{"href":"https:\/\/bigbuy.tupique.com\/en\/wp-json\/wp\/v2\/product"}],"about":[{"href":"https:\/\/bigbuy.tupique.com\/en\/wp-json\/wp\/v2\/types\/product"}],"replies":[{"embeddable":true,"href":"https:\/\/bigbuy.tupique.com\/en\/wp-json\/wp\/v2\/comments?post=45041"}],"wp:featuredmedia":[{"embeddable":true,"href":"https:\/\/bigbuy.tupique.com\/en\/wp-json\/wp\/v2\/media\/45037"}],"wp:attachment":[{"href":"https:\/\/bigbuy.tupique.com\/en\/wp-json\/wp\/v2\/media?parent=45041"}],"wp:term":[{"taxonomy":"product_brand","embeddable":true,"href":"https:\/\/bigbuy.tupique.com\/en\/wp-json\/wp\/v2\/product_brand?post=45041"},{"taxonomy":"product_cat","embeddable":true,"href":"https:\/\/bigbuy.tupique.com\/en\/wp-json\/wp\/v2\/product_cat?post=45041"},{"taxonomy":"product_tag","embeddable":true,"href":"https:\/\/bigbuy.tupique.com\/en\/wp-json\/wp\/v2\/product_tag?post=45041"}],"curies":[{"name":"wp","href":"https:\/\/api.w.org\/{rel}","templated":true}]}}