{"id":44622,"date":"2026-03-30T17:49:56","date_gmt":"2026-03-30T16:49:56","guid":{"rendered":"https:\/\/bigbuy.tupique.com\/produto\/screen-protector-startech-armstscornr\/"},"modified":"2026-05-11T19:59:09","modified_gmt":"2026-05-11T17:59:09","slug":"screen-protector-startech-armstscornr","status":"publish","type":"product","link":"https:\/\/bigbuy.tupique.com\/en\/produto\/screen-protector-startech-armstscornr\/","title":{"rendered":"Protection pour \u00c9cran Startech ARMSTSCORNR"},"content":{"rendered":"<p>Si vous \u00eates passionn\u00e9 d&#8217;<b>informatique et d&#8217;\u00e9lectronique<\/b>, si vous \u00eates \u00e0 la pointe de la technologie et qu&#8217;aucun d\u00e9tail ne vous \u00e9chappe, achetez <b>Protection pour \u00c9cran Startech ARMSTSCORNR         <\/b>au meilleur prix.<\/p>\n<ul>\n<li>Couleur: Noir<\/li>\n<li>Hauteur: R\u00e9glable<\/li>\n<li>Certificat: CE &#8211; RoHS<\/li>\n<li>Contient: Manuel de l&#8217;utilisateur<\/li>\n<li>\u00c9lev\u00e9: 220 cm<\/li>\n<\/ul>","protected":false},"excerpt":{"rendered":"<p>Si vous \u00eates passionn\u00e9 d&#8217;informatique et d&#8217;\u00e9lectronique, si vous \u00eates \u00e0 la pointe de la technologie et qu&#8217;aucun d\u00e9tail ne vous \u00e9chappe, achetez Protection pour \u00c9cran Startech ARMSTSCORNR au meilleur prix. Couleur: Noir Hauteur: R\u00e9glable Certificat: CE &#8211; RoHS Contient: Manuel de l&#8217;utilisateur \u00c9lev\u00e9: 220 cm<\/p>","protected":false},"featured_media":44621,"comment_status":"open","ping_status":"closed","template":"","meta":[],"product_brand":[634],"product_cat":[575,65,1399],"product_tag":[566],"class_list":{"0":"post-44622","1":"product","2":"type-product","3":"status-publish","4":"has-post-thumbnail","6":"product_brand-brandp_4771","7":"product_cat-electronique-telephonie-et-tablettes","8":"product_cat-informatique-electronique","9":"product_cat-protections-pour-ecran","10":"product_tag-tag_547","12":"first","13":"instock","14":"taxable","15":"shipping-taxable","16":"purchasable","17":"product-type-simple"},"_links":{"self":[{"href":"https:\/\/bigbuy.tupique.com\/en\/wp-json\/wp\/v2\/product\/44622","targetHints":{"allow":["GET"]}}],"collection":[{"href":"https:\/\/bigbuy.tupique.com\/en\/wp-json\/wp\/v2\/product"}],"about":[{"href":"https:\/\/bigbuy.tupique.com\/en\/wp-json\/wp\/v2\/types\/product"}],"replies":[{"embeddable":true,"href":"https:\/\/bigbuy.tupique.com\/en\/wp-json\/wp\/v2\/comments?post=44622"}],"wp:featuredmedia":[{"embeddable":true,"href":"https:\/\/bigbuy.tupique.com\/en\/wp-json\/wp\/v2\/media\/44621"}],"wp:attachment":[{"href":"https:\/\/bigbuy.tupique.com\/en\/wp-json\/wp\/v2\/media?parent=44622"}],"wp:term":[{"taxonomy":"product_brand","embeddable":true,"href":"https:\/\/bigbuy.tupique.com\/en\/wp-json\/wp\/v2\/product_brand?post=44622"},{"taxonomy":"product_cat","embeddable":true,"href":"https:\/\/bigbuy.tupique.com\/en\/wp-json\/wp\/v2\/product_cat?post=44622"},{"taxonomy":"product_tag","embeddable":true,"href":"https:\/\/bigbuy.tupique.com\/en\/wp-json\/wp\/v2\/product_tag?post=44622"}],"curies":[{"name":"wp","href":"https:\/\/api.w.org\/{rel}","templated":true}]}}