{"id":44620,"date":"2026-03-30T17:49:53","date_gmt":"2026-03-30T16:49:53","guid":{"rendered":"https:\/\/bigbuy.tupique.com\/produto\/card-reader-elo-touch-systems-e924077\/"},"modified":"2026-04-15T07:01:19","modified_gmt":"2026-04-15T06:01:19","slug":"card-reader-elo-touch-systems-e924077","status":"publish","type":"product","link":"https:\/\/bigbuy.tupique.com\/en\/produto\/card-reader-elo-touch-systems-e924077\/","title":{"rendered":"Lecteur de Cartes Elo Touch Systems E924077"},"content":{"rendered":"<p>Si vous \u00eates passionn\u00e9 d&#8217;<b>informatique et d&#8217;\u00e9lectronique<\/b>, si vous \u00eates \u00e0 la pointe de la technologie et qu&#8217;aucun d\u00e9tail ne vous \u00e9chappe, achetez <b>Lecteur de Cartes Elo Touch Systems E924077<\/b> au meilleur prix.<\/p>\n<ul>\n<li>Couleur: Noir<\/li>\n<li>Connexions: HDMI<\/li>\n<li>Rapport d&#8217;aspect: 16:9<\/li>\n<li>Ann\u00e9e: 2016<\/li>\n<li>R\u00e9solution: LCD<\/li>\n<li>Compatible: VESA 75 x 75, 100 x 100<\/li>\n<li>Diagonale de l&#8217;\u00e9cran (cm): 38,1 cm<\/li>\n<\/ul>","protected":false},"excerpt":{"rendered":"<p>Si vous \u00eates passionn\u00e9 d&#8217;informatique et d&#8217;\u00e9lectronique, si vous \u00eates \u00e0 la pointe de la technologie et qu&#8217;aucun d\u00e9tail ne vous \u00e9chappe, achetez Lecteur de Cartes Elo Touch Systems E924077 au meilleur prix. Couleur: Noir Connexions: HDMI Rapport d&#8217;aspect: 16:9 Ann\u00e9e: 2016 R\u00e9solution: LCD Compatible: VESA 75 x 75, 100 x 100 Diagonale de l&#8217;\u00e9cran [&hellip;]<\/p>\n","protected":false},"featured_media":44619,"comment_status":"open","ping_status":"closed","template":"","meta":[],"product_brand":[980],"product_cat":[65,584,625],"product_tag":[210],"class_list":{"0":"post-44620","1":"product","2":"type-product","3":"status-publish","4":"has-post-thumbnail","6":"product_brand-brandp_4775","7":"product_cat-informatique-electronique","8":"product_cat-informatique-reseaux-et-composants","9":"product_cat-multilecteurs","10":"product_tag-tag_25","12":"first","13":"instock","14":"taxable","15":"shipping-taxable","16":"purchasable","17":"product-type-simple"},"_links":{"self":[{"href":"https:\/\/bigbuy.tupique.com\/en\/wp-json\/wp\/v2\/product\/44620","targetHints":{"allow":["GET"]}}],"collection":[{"href":"https:\/\/bigbuy.tupique.com\/en\/wp-json\/wp\/v2\/product"}],"about":[{"href":"https:\/\/bigbuy.tupique.com\/en\/wp-json\/wp\/v2\/types\/product"}],"replies":[{"embeddable":true,"href":"https:\/\/bigbuy.tupique.com\/en\/wp-json\/wp\/v2\/comments?post=44620"}],"wp:featuredmedia":[{"embeddable":true,"href":"https:\/\/bigbuy.tupique.com\/en\/wp-json\/wp\/v2\/media\/44619"}],"wp:attachment":[{"href":"https:\/\/bigbuy.tupique.com\/en\/wp-json\/wp\/v2\/media?parent=44620"}],"wp:term":[{"taxonomy":"product_brand","embeddable":true,"href":"https:\/\/bigbuy.tupique.com\/en\/wp-json\/wp\/v2\/product_brand?post=44620"},{"taxonomy":"product_cat","embeddable":true,"href":"https:\/\/bigbuy.tupique.com\/en\/wp-json\/wp\/v2\/product_cat?post=44620"},{"taxonomy":"product_tag","embeddable":true,"href":"https:\/\/bigbuy.tupique.com\/en\/wp-json\/wp\/v2\/product_tag?post=44620"}],"curies":[{"name":"wp","href":"https:\/\/api.w.org\/{rel}","templated":true}]}}