{"id":44611,"date":"2026-03-30T17:49:37","date_gmt":"2026-03-30T16:49:37","guid":{"rendered":"https:\/\/bigbuy.tupique.com\/produto\/unisex-watch-oris-divers-o-38-mm\/"},"modified":"2026-04-15T07:01:17","modified_gmt":"2026-04-15T06:01:17","slug":"unisex-watch-oris-divers-o-38-mm","status":"publish","type":"product","link":"https:\/\/bigbuy.tupique.com\/en\/produto\/unisex-watch-oris-divers-o-38-mm\/","title":{"rendered":"Montre Unisexe Oris DIVERS (\u00d8 38 mm)"},"content":{"rendered":"<p>Si vous aimez suivre les derni\u00e8res tendances en mati\u00e8re de mode et accessoires, achetez <b>Montre Unisexe Oris DIVERS (\u00d8 38 mm)<\/b> au meilleur prix.<\/p>\n<ul>\n<li>Liens suppl\u00e9mentaires: Non<\/li>\n<li>Type de montre: Montre-bracelet<\/li>\n<li>Couleur du bracelet: Noir<\/li>\n<li>Couleur du cadran: Noir<\/li>\n<li>Couleur du bo\u00eetier de l&#8217;horloge: Dor\u00e9<\/li>\n<li>Fonctions: Date<\/li>\n<li>Genre: Unisexe<\/li>\n<li>Inclut: Inclut un \u00e9tui ou une housse de la marque<\/li>\n<li>Imperm\u00e9abilit\u00e9: 10 atm<\/li>\n<li>Verre: Saphir<\/li>\n<li>Type de mouvement: Automatique<\/li>\n<li>Diam\u00e8tre du bo\u00eetier de la montre: \u00d8 38 mm<\/li>\n<\/ul>","protected":false},"excerpt":{"rendered":"<p>Si vous aimez suivre les derni\u00e8res tendances en mati\u00e8re de mode et accessoires, achetez Montre Unisexe Oris DIVERS (\u00d8 38 mm) au meilleur prix. Liens suppl\u00e9mentaires: Non Type de montre: Montre-bracelet Couleur du bracelet: Noir Couleur du cadran: Noir Couleur du bo\u00eetier de l&#8217;horloge: Dor\u00e9 Fonctions: Date Genre: Unisexe Inclut: Inclut un \u00e9tui ou une [&hellip;]<\/p>\n","protected":false},"featured_media":44610,"comment_status":"open","ping_status":"closed","template":"","meta":[],"product_brand":[1387],"product_cat":[544,744,545],"product_tag":[103,543],"class_list":{"0":"post-44611","1":"product","2":"type-product","3":"status-publish","4":"has-post-thumbnail","6":"product_brand-brandp_10363","7":"product_cat-mode-accessoires","8":"product_cat-montres-unisexe","9":"product_cat-montres-bracelets","10":"product_tag-tag_1261","11":"product_tag-tag_61","13":"first","14":"instock","15":"taxable","16":"shipping-taxable","17":"purchasable","18":"product-type-simple"},"_links":{"self":[{"href":"https:\/\/bigbuy.tupique.com\/en\/wp-json\/wp\/v2\/product\/44611","targetHints":{"allow":["GET"]}}],"collection":[{"href":"https:\/\/bigbuy.tupique.com\/en\/wp-json\/wp\/v2\/product"}],"about":[{"href":"https:\/\/bigbuy.tupique.com\/en\/wp-json\/wp\/v2\/types\/product"}],"replies":[{"embeddable":true,"href":"https:\/\/bigbuy.tupique.com\/en\/wp-json\/wp\/v2\/comments?post=44611"}],"wp:featuredmedia":[{"embeddable":true,"href":"https:\/\/bigbuy.tupique.com\/en\/wp-json\/wp\/v2\/media\/44610"}],"wp:attachment":[{"href":"https:\/\/bigbuy.tupique.com\/en\/wp-json\/wp\/v2\/media?parent=44611"}],"wp:term":[{"taxonomy":"product_brand","embeddable":true,"href":"https:\/\/bigbuy.tupique.com\/en\/wp-json\/wp\/v2\/product_brand?post=44611"},{"taxonomy":"product_cat","embeddable":true,"href":"https:\/\/bigbuy.tupique.com\/en\/wp-json\/wp\/v2\/product_cat?post=44611"},{"taxonomy":"product_tag","embeddable":true,"href":"https:\/\/bigbuy.tupique.com\/en\/wp-json\/wp\/v2\/product_tag?post=44611"}],"curies":[{"name":"wp","href":"https:\/\/api.w.org\/{rel}","templated":true}]}}