{"id":44508,"date":"2026-03-30T17:45:30","date_gmt":"2026-03-30T16:45:30","guid":{"rendered":"https:\/\/bigbuy.tupique.com\/produto\/tablet-apple-ipad-air-11-m3-8-gb-ram-256-gb-blue\/"},"modified":"2026-04-15T07:01:13","modified_gmt":"2026-04-15T06:01:13","slug":"tablet-apple-ipad-air-11-m3-8-gb-ram-256-gb-blue","status":"publish","type":"product","link":"https:\/\/bigbuy.tupique.com\/en\/produto\/tablet-apple-ipad-air-11-m3-8-gb-ram-256-gb-blue\/","title":{"rendered":"Tablette Apple iPad Air 11&#8243; M3 8 GB RAM 256 GB Bleu"},"content":{"rendered":"<p>Si vous \u00eates passionn\u00e9 d&#8217;<b>informatique et d&#8217;\u00e9lectronique<\/b>, si vous \u00eates \u00e0 la pointe de la technologie et qu&#8217;aucun d\u00e9tail ne vous \u00e9chappe, achetez <b>Tablette Apple iPad Air 11&#8243; M3 8 GB RAM 256 GB Bleu<\/b> au meilleur prix.<\/p>\n<p>L\u2019<b>iPad Air<\/b> d\u2019Apple est une <b>tablette<\/b> de derni\u00e8re g\u00e9n\u00e9ration qui associe un design l\u00e9ger et \u00e9l\u00e9gant \u00e0 des performances \u00e9lev\u00e9es, id\u00e9ale pour ceux qui recherchent productivit\u00e9 et divertissement dans un seul appareil. Ce mod\u00e8le est disponible dans des finitions sophistiqu\u00e9es <b>bleu<\/b> et <b>gris<\/b>, fabriqu\u00e9 en <b>aluminium<\/b> de haute qualit\u00e9 offrant r\u00e9sistance et style. Il dispose d\u2019un large <b>\u00e9cran de 11 pouces<\/b> qui affiche des images nettes et des couleurs vives, parfait pour le multim\u00e9dia, la navigation et le travail cr\u00e9atif. Sa configuration puissante comprend <b>8 Go de RAM<\/b> ainsi qu\u2019un g\u00e9n\u00e9reux <b>stockage interne de 256 Go<\/b>, garantissant fluidit\u00e9 m\u00eame avec des applications exigeantes et suffisamment d\u2019espace pour stocker fichiers, photos et applications. L\u2019iPad Air est \u00e9quip\u00e9 d\u2019un <b>appareil photo arri\u00e8re de 12 MP<\/b> et d\u2019une <b>cam\u00e9ra frontale<\/b>, assurant des photos de qualit\u00e9 et des appels vid\u00e9o clairs pour un usage professionnel ou personnel. Il int\u00e8gre \u00e9galement un <b>flash<\/b> pour am\u00e9liorer les prises de vue en faible luminosit\u00e9. L\u2019\u00e9quilibre entre mat\u00e9riel avanc\u00e9 et l\u2019\u00e9cosyst\u00e8me unique d\u2019Apple fait de cet appareil une r\u00e9f\u00e9rence dans la gamme des tablettes milieu-haut de gamme, convenant aussi bien aux \u00e9tudiants qu\u2019aux cr\u00e9atifs et professionnels ayant besoin de polyvalence et de portabilit\u00e9 dans un format compact. Avec des performances fiables et une esth\u00e9tique soign\u00e9e, l\u2019iPad Air est un choix s\u00fbr dans le segment des tablettes premium.<\/p>\n<ul>\n<li>Type:\n<ul>\n<li>Tablette<\/li>\n<li>Flash<\/li>\n<\/ul>\n<\/li>\n<li>Type de prise: Prise EU<\/li>\n<li>Produit \u00e0 brancher: Oui<\/li>\n<li>Couleur:\n<ul>\n<li>Gris<\/li>\n<li>Bleu<\/li>\n<\/ul>\n<\/li>\n<li>Caract\u00e9ristiques:\n<ul>\n<li>Anti-trace<\/li>\n<li>Cam\u00e9ra frontale<\/li>\n<li>Microphone int\u00e9gr\u00e9<\/li>\n<li>Autofocus<\/li>\n<li>2 Haut-parleurs<\/li>\n<li>4 Haut-parleurs<\/li>\n<li>Lecteur d&#8217;empreintes<\/li>\n<li>Connexion au r\u00e9seau mobile<\/li>\n<li>Boussole \u00e9lectronique<\/li>\n<li>\u00c9cran avec coins arrondis<\/li>\n<\/ul>\n<\/li>\n<li>Zoom Num\u00e9rique: 5x<\/li>\n<li>Rapport d&#8217;aspect: 4:3<\/li>\n<li>Connectivit\u00e9:\n<ul>\n<li>Airplay<\/li>\n<li>4G LTE<\/li>\n<li>Wi-Fi 6E ghz<\/li>\n<li>Wi-Fi<\/li>\n<li>Bluetooth<\/li>\n<li>GPS<\/li>\n<li>5G<\/li>\n<li>eSIM<\/li>\n<li>Wi-Fi 6 GHz<\/li>\n<li>Bluetooth 5.3<\/li>\n<\/ul>\n<\/li>\n<li>Poids approx.: 460 g<\/li>\n<li>Compatible:\n<ul>\n<li>Windows 10<\/li>\n<li>Windows 11<\/li>\n<li>MAC OS X 10.13 HIGH SIERRA<\/li>\n<li>MAC OS X 10.14 MOJAVE<\/li>\n<li>MAC OS X 10.15 CATALINA<\/li>\n<li>MAC OS X 10.15.3 CATALINA<\/li>\n<li>MAC OS X 11.0 BIG SUR<\/li>\n<li>iPadOS<\/li>\n<\/ul>\n<\/li>\n<li>Inclut:\n<ul>\n<li>C\u00e2ble USB-C<\/li>\n<li>2 Haut-parleurs<\/li>\n<\/ul>\n<\/li>\n<li>Gyroscope: Oui<\/li>\n<li>Stabilisateur d&#8217;image: Oui<\/li>\n<li>Acc\u00e9l\u00e9rom\u00e8tre: Oui<\/li>\n<li>Ne contient pas: Mercure<\/li>\n<li>Connexions:\n<ul>\n<li>USB-C 3.2 x 1<\/li>\n<li>USB-C<\/li>\n<li>USB-C 3.2 Gen 2 (3.1 Gen 2)<\/li>\n<\/ul>\n<\/li>\n<li>Formats: AAC<\/li>\n<li>Technologie:\n<ul>\n<li>IPS<\/li>\n<li>LED<\/li>\n<li>Mime<\/li>\n<\/ul>\n<\/li>\n<li>Batterie: Polym\u00e8re de lithium<\/li>\n<li>Syst\u00e8me d&#8217;exploitation:\n<ul>\n<li>iPadOS<\/li>\n<li>iPadOS 15<\/li>\n<li>iOS<\/li>\n<\/ul>\n<\/li>\n<li>Certificat:\n<ul>\n<li>ENERGY STAR<\/li>\n<li>Certification ENERGY STAR<\/li>\n<\/ul>\n<\/li>\n<li>Processeur:\n<ul>\n<li>M3-8100Y<\/li>\n<li>Octa Core<\/li>\n<li>M3<\/li>\n<\/ul>\n<\/li>\n<li>R\u00e9solution:\n<ul>\n<li>264 PPP<\/li>\n<li>12 MP<\/li>\n<li>2360 x 1640 px<\/li>\n<\/ul>\n<\/li>\n<li>R\u00e9solution (px):\n<ul>\n<li>2360 X 1640 PX<\/li>\n<li>3840 x 2160 px<\/li>\n<li>2160 px<\/li>\n<\/ul>\n<\/li>\n<li>Interface: Wi-Fi<\/li>\n<li>Bloc d\u2019Alimentation:\n<ul>\n<li>r\u00e9seau \u00e9lectrique<\/li>\n<li>USB<\/li>\n<\/ul>\n<\/li>\n<li>Cam\u00e9ra\/Appareil Photo:\n<ul>\n<li>12 mpx<\/li>\n<li>12 MP<\/li>\n<li>Arri\u00e8re<\/li>\n<\/ul>\n<\/li>\n<li>Ecran: 11&#8243;<\/li>\n<li>M\u00e9moire RAM: 8 GB RAM<\/li>\n<li>M\u00e9moire interne: 256 GB<\/li>\n<li>Mati\u00e8re: Aluminium<\/li>\n<li>Fonctions:\n<ul>\n<li>Barom\u00e8tre<\/li>\n<li>Acc\u00e9l\u00e9rom\u00e8tre<\/li>\n<li>G\u00e9olocalisation<\/li>\n<\/ul>\n<\/li>\n<li>Classification \u00e9nerg\u00e9tique: G<\/li>\n<li>Ouverture: F\/1,8<\/li>\n<li>Brille: 500 cd\/m2<\/li>\n<li>Non Inclus: Adaptateur AC<\/li>\n<li>Type de batterie: Litio Ion<\/li>\n<li>Noyaux:\n<ul>\n<li>8 Noyaux<\/li>\n<li>16 Noyaux<\/li>\n<\/ul>\n<\/li>\n<li>Diagonale de l&#8217;\u00e9cran (cm): 27,9 cm<\/li>\n<li>Autonomie approx.: 10 heures<\/li>\n<li>Dispositif intelligent: Apple Intelligence<\/li>\n<\/ul>","protected":false},"excerpt":{"rendered":"<p>Si vous \u00eates passionn\u00e9 d&#8217;informatique et d&#8217;\u00e9lectronique, si vous \u00eates \u00e0 la pointe de la technologie et qu&#8217;aucun d\u00e9tail ne vous \u00e9chappe, achetez Tablette Apple iPad Air 11&#8243; M3 8 GB RAM 256 GB Bleu au meilleur prix. L\u2019iPad Air d\u2019Apple est une tablette de derni\u00e8re g\u00e9n\u00e9ration qui associe un design l\u00e9ger et \u00e9l\u00e9gant \u00e0 [&hellip;]<\/p>\n","protected":false},"featured_media":44478,"comment_status":"open","ping_status":"closed","template":"","meta":[],"product_brand":[979],"product_cat":[575,65,1052],"product_tag":[566,106],"class_list":{"0":"post-44508","1":"product","2":"type-product","3":"status-publish","4":"has-post-thumbnail","6":"product_brand-brandp_533","7":"product_cat-electronique-telephonie-et-tablettes","8":"product_cat-informatique-electronique","9":"product_cat-tablettes","10":"product_tag-tag_547","11":"product_tag-tag_1295","13":"first","14":"instock","15":"taxable","16":"shipping-taxable","17":"purchasable","18":"product-type-simple"},"_links":{"self":[{"href":"https:\/\/bigbuy.tupique.com\/en\/wp-json\/wp\/v2\/product\/44508","targetHints":{"allow":["GET"]}}],"collection":[{"href":"https:\/\/bigbuy.tupique.com\/en\/wp-json\/wp\/v2\/product"}],"about":[{"href":"https:\/\/bigbuy.tupique.com\/en\/wp-json\/wp\/v2\/types\/product"}],"replies":[{"embeddable":true,"href":"https:\/\/bigbuy.tupique.com\/en\/wp-json\/wp\/v2\/comments?post=44508"}],"wp:featuredmedia":[{"embeddable":true,"href":"https:\/\/bigbuy.tupique.com\/en\/wp-json\/wp\/v2\/media\/44478"}],"wp:attachment":[{"href":"https:\/\/bigbuy.tupique.com\/en\/wp-json\/wp\/v2\/media?parent=44508"}],"wp:term":[{"taxonomy":"product_brand","embeddable":true,"href":"https:\/\/bigbuy.tupique.com\/en\/wp-json\/wp\/v2\/product_brand?post=44508"},{"taxonomy":"product_cat","embeddable":true,"href":"https:\/\/bigbuy.tupique.com\/en\/wp-json\/wp\/v2\/product_cat?post=44508"},{"taxonomy":"product_tag","embeddable":true,"href":"https:\/\/bigbuy.tupique.com\/en\/wp-json\/wp\/v2\/product_tag?post=44508"}],"curies":[{"name":"wp","href":"https:\/\/api.w.org\/{rel}","templated":true}]}}