{"id":44415,"date":"2026-03-30T17:34:29","date_gmt":"2026-03-30T16:34:29","guid":{"rendered":"https:\/\/bigbuy.tupique.com\/produto\/cable-rs-232-eaton-5p1150irng2\/"},"modified":"2026-04-15T16:49:41","modified_gmt":"2026-04-15T15:49:41","slug":"cable-rs-232-eaton-5p1150irng2","status":"publish","type":"product","link":"https:\/\/bigbuy.tupique.com\/en\/produto\/cable-rs-232-eaton-5p1150irng2\/","title":{"rendered":"C\u00e2ble RS-232 Eaton 5P1150IRNG2"},"content":{"rendered":"<p>Si vous \u00eates \u00e0 la recherche de nouvelles tendances sur le march\u00e9, nous vous pr\u00e9sentons <b>C\u00e2ble RS-232 Eaton 5P1150IRNG2<\/b> !<\/p>\n<ul>\n<li>Type:\n<ul>\n<li>Syst\u00e8me d&#8217;Alimentation Sans Interruption Interactif<\/li>\n<li>C13<\/li>\n<li>Tour<\/li>\n<\/ul>\n<\/li>\n<li>Produit \u00e0 brancher: Oui<\/li>\n<li>Type de prise: Prise EU<\/li>\n<li>Bloc d\u2019Alimentation: r\u00e9seau \u00e9lectrique<\/li>\n<li>Couleur:\n<ul>\n<li>Noir<\/li>\n<li>Argent\u00e9<\/li>\n<\/ul>\n<\/li>\n<li>Largeur: 438 mm<\/li>\n<li>Connexions:\n<ul>\n<li>RS-232<\/li>\n<li>C14 x 1<\/li>\n<li>AC x 6<\/li>\n<li>USB<\/li>\n<li>C14<\/li>\n<\/ul>\n<\/li>\n<li>Capacit\u00e9 de la batterie: 9 Ah<\/li>\n<li>Technologie:\n<ul>\n<li>VRLA<\/li>\n<li>LCD<\/li>\n<\/ul>\n<\/li>\n<li>Niveau sonore: 35 dB<\/li>\n<li>Caract\u00e9ristiques:\n<ul>\n<li>Interactif<\/li>\n<li>Guide d&#8217;installation inclus<\/li>\n<li>T\u00e9moin de fonctionnement LED<\/li>\n<\/ul>\n<\/li>\n<li>Fonctions: Hot Swap<\/li>\n<li>Tension: 6 V<\/li>\n<li>Tension de sortie: 240 V<\/li>\n<li>Montage en rack: 1U<\/li>\n<li>Fr\u00e9quence: 50\/60 Hz<\/li>\n<li>Pr\u00e9cision (humidit\u00e9 relative): 0 % &#8211; 90 %<\/li>\n<\/ul>","protected":false},"excerpt":{"rendered":"<p>Si vous \u00eates \u00e0 la recherche de nouvelles tendances sur le march\u00e9, nous vous pr\u00e9sentons C\u00e2ble RS-232 Eaton 5P1150IRNG2 ! Type: Syst\u00e8me d&#8217;Alimentation Sans Interruption Interactif C13 Tour Produit \u00e0 brancher: Oui Type de prise: Prise EU Bloc d\u2019Alimentation: r\u00e9seau \u00e9lectrique Couleur: Noir Argent\u00e9 Largeur: 438 mm Connexions: RS-232 C14 x 1 AC x 6 [&hellip;]<\/p>\n","protected":false},"featured_media":189927,"comment_status":"open","ping_status":"closed","template":"","meta":[],"product_brand":[652],"product_cat":[65,581,603],"product_tag":[106],"class_list":{"0":"post-44415","1":"product","2":"type-product","3":"status-publish","4":"has-post-thumbnail","6":"product_brand-brandp_4815","7":"product_cat-informatique-electronique","8":"product_cat-informatique-peripheriques-et-consommables","9":"product_cat-ups","10":"product_tag-tag_1295","12":"first","13":"instock","14":"taxable","15":"shipping-taxable","16":"purchasable","17":"product-type-simple"},"_links":{"self":[{"href":"https:\/\/bigbuy.tupique.com\/en\/wp-json\/wp\/v2\/product\/44415","targetHints":{"allow":["GET"]}}],"collection":[{"href":"https:\/\/bigbuy.tupique.com\/en\/wp-json\/wp\/v2\/product"}],"about":[{"href":"https:\/\/bigbuy.tupique.com\/en\/wp-json\/wp\/v2\/types\/product"}],"replies":[{"embeddable":true,"href":"https:\/\/bigbuy.tupique.com\/en\/wp-json\/wp\/v2\/comments?post=44415"}],"wp:featuredmedia":[{"embeddable":true,"href":"https:\/\/bigbuy.tupique.com\/en\/wp-json\/wp\/v2\/media\/189927"}],"wp:attachment":[{"href":"https:\/\/bigbuy.tupique.com\/en\/wp-json\/wp\/v2\/media?parent=44415"}],"wp:term":[{"taxonomy":"product_brand","embeddable":true,"href":"https:\/\/bigbuy.tupique.com\/en\/wp-json\/wp\/v2\/product_brand?post=44415"},{"taxonomy":"product_cat","embeddable":true,"href":"https:\/\/bigbuy.tupique.com\/en\/wp-json\/wp\/v2\/product_cat?post=44415"},{"taxonomy":"product_tag","embeddable":true,"href":"https:\/\/bigbuy.tupique.com\/en\/wp-json\/wp\/v2\/product_tag?post=44415"}],"curies":[{"name":"wp","href":"https:\/\/api.w.org\/{rel}","templated":true}]}}