{"id":44196,"date":"2026-03-30T17:15:33","date_gmt":"2026-03-30T16:15:33","guid":{"rendered":"https:\/\/bigbuy.tupique.com\/produto\/mens-watch-oris-aquis\/"},"modified":"2026-04-15T07:01:07","modified_gmt":"2026-04-15T06:01:07","slug":"mens-watch-oris-aquis","status":"publish","type":"product","link":"https:\/\/bigbuy.tupique.com\/en\/produto\/mens-watch-oris-aquis\/","title":{"rendered":"Montre Homme Oris AQUIS"},"content":{"rendered":"<p>Si vous aimez suivre les derni\u00e8res tendances en mati\u00e8re de mode et accessoires, achetez <b>Montre Homme Oris AQUIS<\/b> au meilleur prix.<\/p>\n<ul>\n<li>Couleur du cadran: Vert<\/li>\n<li>Genre:\n<ul>\n<li>Homme<\/li>\n<li>Unisexe<\/li>\n<\/ul>\n<\/li>\n<li>Liens suppl\u00e9mentaires: Non<\/li>\n<li>Type de montre: Montre-bracelet<\/li>\n<li>Fonctions: M\u00e9t\u00e9o<\/li>\n<li>Mat\u00e9riau du bracelet: Acier inoxydable<\/li>\n<li>Inclut: Inclut un \u00e9tui ou une housse de la marque<\/li>\n<li>Imperm\u00e9abilit\u00e9: 30 ATM<\/li>\n<li>Verre: Saphir<\/li>\n<li>Type de mouvement: Automatique<\/li>\n<\/ul>","protected":false},"excerpt":{"rendered":"<p>Si vous aimez suivre les derni\u00e8res tendances en mati\u00e8re de mode et accessoires, achetez Montre Homme Oris AQUIS au meilleur prix. Couleur du cadran: Vert Genre: Homme Unisexe Liens suppl\u00e9mentaires: Non Type de montre: Montre-bracelet Fonctions: M\u00e9t\u00e9o Mat\u00e9riau du bracelet: Acier inoxydable Inclut: Inclut un \u00e9tui ou une housse de la marque Imperm\u00e9abilit\u00e9: 30 ATM [&hellip;]<\/p>\n","protected":false},"featured_media":44194,"comment_status":"open","ping_status":"closed","template":"","meta":[],"product_brand":[1387],"product_cat":[544,574,545],"product_tag":[103,543],"class_list":{"0":"post-44196","1":"product","2":"type-product","3":"status-publish","4":"has-post-thumbnail","6":"product_brand-brandp_10363","7":"product_cat-mode-accessoires","8":"product_cat-montres-homme","9":"product_cat-montres-bracelets","10":"product_tag-tag_1261","11":"product_tag-tag_61","13":"first","14":"instock","15":"taxable","16":"shipping-taxable","17":"purchasable","18":"product-type-simple"},"_links":{"self":[{"href":"https:\/\/bigbuy.tupique.com\/en\/wp-json\/wp\/v2\/product\/44196","targetHints":{"allow":["GET"]}}],"collection":[{"href":"https:\/\/bigbuy.tupique.com\/en\/wp-json\/wp\/v2\/product"}],"about":[{"href":"https:\/\/bigbuy.tupique.com\/en\/wp-json\/wp\/v2\/types\/product"}],"replies":[{"embeddable":true,"href":"https:\/\/bigbuy.tupique.com\/en\/wp-json\/wp\/v2\/comments?post=44196"}],"wp:featuredmedia":[{"embeddable":true,"href":"https:\/\/bigbuy.tupique.com\/en\/wp-json\/wp\/v2\/media\/44194"}],"wp:attachment":[{"href":"https:\/\/bigbuy.tupique.com\/en\/wp-json\/wp\/v2\/media?parent=44196"}],"wp:term":[{"taxonomy":"product_brand","embeddable":true,"href":"https:\/\/bigbuy.tupique.com\/en\/wp-json\/wp\/v2\/product_brand?post=44196"},{"taxonomy":"product_cat","embeddable":true,"href":"https:\/\/bigbuy.tupique.com\/en\/wp-json\/wp\/v2\/product_cat?post=44196"},{"taxonomy":"product_tag","embeddable":true,"href":"https:\/\/bigbuy.tupique.com\/en\/wp-json\/wp\/v2\/product_tag?post=44196"}],"curies":[{"name":"wp","href":"https:\/\/api.w.org\/{rel}","templated":true}]}}