{"id":44028,"date":"2026-03-30T17:03:27","date_gmt":"2026-03-30T16:03:27","guid":{"rendered":"https:\/\/bigbuy.tupique.com\/produto\/smartwatch-apple-watch-series-10-gps-cellular-pink-177\/"},"modified":"2026-05-11T19:55:51","modified_gmt":"2026-05-11T17:55:51","slug":"smartwatch-apple-watch-series-10-gps-cellular-pink-177","status":"publish","type":"product","link":"https:\/\/bigbuy.tupique.com\/en\/produto\/smartwatch-apple-watch-series-10-gps-cellular-pink-177\/","title":{"rendered":"Montre intelligente Apple Watch Series 10 GPS + Cellular Rose 1,77&#8243;"},"content":{"rendered":"<p>Si vous \u00eates \u00e0 la recherche de nouvelles tendances sur le march\u00e9, nous vous pr\u00e9sentons <b>Montre intelligente Apple Watch Series 10 GPS + Cellular Rose 1,77&#8243;<\/b> !<\/p>\n<p>La <b>Apple Watch Series 10 GPS<\/b> est une <b>smartwatch<\/b> avanc\u00e9e qui se distingue par son design moderne et ses fonctionnalit\u00e9s innovantes, con\u00e7ues pour le suivi de l\u2019activit\u00e9 quotidienne et la connectivit\u00e9 intelligente. Elle dispose d\u2019un <b>bo\u00eetier en aluminium<\/b> r\u00e9sistant avec une finition <b>or rose<\/b> \u00e9l\u00e9gante, accompagn\u00e9e d\u2019un bracelet en <b>caoutchouc<\/b> confortable, adapt\u00e9 \u00e0 un usage sportif et quotidien. Son <b>\u00e9cran tactile de 1,77 pouces<\/b> offre une visualisation claire et intuitive des donn\u00e9es, notifications et applications sp\u00e9cialis\u00e9es. Parmi ses principales caract\u00e9ristiques techniques, on retrouve un <b>acc\u00e9l\u00e9rom\u00e8tre<\/b> pour un suivi pr\u00e9cis des mouvements, des <b>haut-parleurs int\u00e9gr\u00e9s<\/b> permettant de recevoir des appels ou d\u2019\u00e9couter du contenu sans casque, ainsi que des capteurs sp\u00e9cifiques \u00e0 la cat\u00e9gorie, faisant de cette montre un alli\u00e9 id\u00e9al pour le suivi de la sant\u00e9, incluant la mesure du rythme cardiaque et d\u2019autres indicateurs physiques. L\u2019Apple Watch Series 10 GPS propose des fonctions adapt\u00e9es au sport et au bien-\u00eatre, assurant une exp\u00e9rience utilisateur fluide au sein de l\u2019\u00e9cosyst\u00e8me Apple, avec acc\u00e8s \u00e0 des applications compatibles et \u00e0 des services de connectivit\u00e9 en temps r\u00e9el. Il s\u2019agit d\u2019un choix robuste et \u00e9l\u00e9gant pour ceux qui recherchent un \u00e9quilibre entre technologie de pointe et design attractif, s\u2019imposant comme une r\u00e9f\u00e9rence dans la gamme premium des wearables intelligents.<\/p>\n<ul>\n<li>Type de prise: Prise EU<\/li>\n<li>Type de montre: Montre intelligente<\/li>\n<li>Produit \u00e0 brancher: Oui<\/li>\n<li>Bloc d\u2019Alimentation: r\u00e9seau \u00e9lectrique<\/li>\n<li>Couleur:\n<ul>\n<li>Rose<\/li>\n<li>Rose Or<\/li>\n<\/ul>\n<\/li>\n<li>M\u00e9moire interne: 64 GB<\/li>\n<li>Processeur: Dual Core<\/li>\n<li>Ecran: 1,77&#8243;<\/li>\n<li>Dimensions approx.: 4,2 x 3,6 x 1 cm<\/li>\n<li>Mati\u00e8re:\n<ul>\n<li>Caoutchouc<\/li>\n<li>Aluminium<\/li>\n<\/ul>\n<\/li>\n<li>Caract\u00e9ristiques:\n<ul>\n<li>Acc\u00e9l\u00e9rom\u00e8tre<\/li>\n<li>Haut-parleurs int\u00e9gr\u00e9s<\/li>\n<li>Ecran tactile<\/li>\n<li>Capteur de lumi\u00e8re ambiante<\/li>\n<li>Gyroscope<\/li>\n<li>R\u00e9sistant \u00e0 l&#8217;eau et \u00e0 la poussi\u00e8re<\/li>\n<li>Altim\u00e8tre<\/li>\n<li>Microphone int\u00e9gr\u00e9<\/li>\n<li>Moniteur de Sommeil<\/li>\n<li>SMS<\/li>\n<li>Connexion au r\u00e9seau mobile<\/li>\n<li>Charge magn\u00e9tique<\/li>\n<li>\u00c9cran avec coins arrondis<\/li>\n<\/ul>\n<\/li>\n<li>Connexions: 4G<\/li>\n<li>Type de batterie:\n<ul>\n<li>Int\u00e9gr\u00e9e<\/li>\n<li>Litio Ion<\/li>\n<\/ul>\n<\/li>\n<li>Connectivit\u00e9:\n<ul>\n<li>Bluetooth<\/li>\n<li>Wi-Fi<\/li>\n<li>GPS<\/li>\n<li>NFC<\/li>\n<li>BeiDou<\/li>\n<li>Galileo<\/li>\n<li>LTE<\/li>\n<li>Bluetooth 5.3<\/li>\n<\/ul>\n<\/li>\n<li>Compatible:\n<ul>\n<li>Siri<\/li>\n<li>Smartphone<\/li>\n<\/ul>\n<\/li>\n<li>Forme: Rectangulaire<\/li>\n<li>Cam\u00e9ra\/Appareil Photo: Non<\/li>\n<li>Fonctions:\n<ul>\n<li>Moniteur de Sommeil<\/li>\n<li>Moniteur de fr\u00e9quence cardiaque<\/li>\n<\/ul>\n<\/li>\n<li>Chargeur sans fil: Oui<\/li>\n<li>Radio FM: Non<\/li>\n<li>R\u00e9sistant \u00e0 l&#8217;eau: 50 m<\/li>\n<li>Technologie: OLED<\/li>\n<li>Connexion USB: Non<\/li>\n<li>Inclut: Chargeur<\/li>\n<li>Sangle: Amovible<\/li>\n<li>M\u00e9moire Flash: 64 MB<\/li>\n<li>Noyaux: 2 Noyaux<\/li>\n<\/ul>","protected":false},"excerpt":{"rendered":"<p>Si vous \u00eates \u00e0 la recherche de nouvelles tendances sur le march\u00e9, nous vous pr\u00e9sentons Montre intelligente Apple Watch Series 10 GPS + Cellular Rose 1,77&#8243; ! La Apple Watch Series 10 GPS est une smartwatch avanc\u00e9e qui se distingue par son design moderne et ses fonctionnalit\u00e9s innovantes, con\u00e7ues pour le suivi de l\u2019activit\u00e9 quotidienne [&hellip;]<\/p>\n","protected":false},"featured_media":44026,"comment_status":"open","ping_status":"closed","template":"","meta":[],"product_brand":[979],"product_cat":[575,65,748],"product_tag":[103,566,106],"class_list":{"0":"post-44028","1":"product","2":"type-product","3":"status-publish","4":"has-post-thumbnail","6":"product_brand-brandp_533","7":"product_cat-electronique-telephonie-et-tablettes","8":"product_cat-informatique-electronique","9":"product_cat-smartwatches","10":"product_tag-tag_1261","11":"product_tag-tag_547","12":"product_tag-tag_1295","14":"first","15":"instock","16":"taxable","17":"shipping-taxable","18":"purchasable","19":"product-type-simple"},"_links":{"self":[{"href":"https:\/\/bigbuy.tupique.com\/en\/wp-json\/wp\/v2\/product\/44028","targetHints":{"allow":["GET"]}}],"collection":[{"href":"https:\/\/bigbuy.tupique.com\/en\/wp-json\/wp\/v2\/product"}],"about":[{"href":"https:\/\/bigbuy.tupique.com\/en\/wp-json\/wp\/v2\/types\/product"}],"replies":[{"embeddable":true,"href":"https:\/\/bigbuy.tupique.com\/en\/wp-json\/wp\/v2\/comments?post=44028"}],"wp:featuredmedia":[{"embeddable":true,"href":"https:\/\/bigbuy.tupique.com\/en\/wp-json\/wp\/v2\/media\/44026"}],"wp:attachment":[{"href":"https:\/\/bigbuy.tupique.com\/en\/wp-json\/wp\/v2\/media?parent=44028"}],"wp:term":[{"taxonomy":"product_brand","embeddable":true,"href":"https:\/\/bigbuy.tupique.com\/en\/wp-json\/wp\/v2\/product_brand?post=44028"},{"taxonomy":"product_cat","embeddable":true,"href":"https:\/\/bigbuy.tupique.com\/en\/wp-json\/wp\/v2\/product_cat?post=44028"},{"taxonomy":"product_tag","embeddable":true,"href":"https:\/\/bigbuy.tupique.com\/en\/wp-json\/wp\/v2\/product_tag?post=44028"}],"curies":[{"name":"wp","href":"https:\/\/api.w.org\/{rel}","templated":true}]}}