{"id":44018,"date":"2026-03-30T17:03:01","date_gmt":"2026-03-30T16:03:01","guid":{"rendered":"https:\/\/bigbuy.tupique.com\/produto\/multifunction-printer-hp-3302fdw\/"},"modified":"2026-05-11T20:00:45","modified_gmt":"2026-05-11T18:00:45","slug":"multifunction-printer-hp-3302fdw","status":"publish","type":"product","link":"https:\/\/bigbuy.tupique.com\/en\/produto\/multifunction-printer-hp-3302fdw\/","title":{"rendered":"Imprimante Multifonction HP 3302FDW"},"content":{"rendered":"<p>Si vous \u00eates passionn\u00e9 d&#8217;<b>informatique et d&#8217;\u00e9lectronique<\/b>, si vous \u00eates \u00e0 la pointe de la technologie et qu&#8217;aucun d\u00e9tail ne vous \u00e9chappe, achetez <b>Imprimante Multifonction HP 3302FDW<\/b> au meilleur prix.<\/p>\n<p>La <b>HP 499Q8F<\/b> est une <b>imprimante multifonction<\/b> laser sp\u00e9cialement con\u00e7ue pour r\u00e9pondre aux besoins des bureaux et des environnements domestiques avec des volumes de travail moyens, se distinguant par sa polyvalence <b>tout-en-un<\/b> permettant d\u2019imprimer, de copier et de num\u00e9riser avec un seul appareil. Elle int\u00e8gre une <b>technologie d\u2019impression laser avanc\u00e9e<\/b>, id\u00e9ale pour obtenir des documents texte et graphiques de haute qualit\u00e9, avec une grande efficacit\u00e9 et une nettet\u00e9 remarquable \u00e0 chaque page. Gr\u00e2ce \u00e0 sa <b>vitesse d\u2019impression allant jusqu\u2019\u00e0 25 ppm<\/b> au format A4, elle assure des travaux rapides, m\u00eame en p\u00e9riode de forte demande. Son <b>\u00e9cran couleur int\u00e9gr\u00e9<\/b> facilite la navigation intuitive entre les fonctions, permettant aux utilisateurs de configurer et de surveiller les t\u00e2ches directement depuis l\u2019appareil. Ce mod\u00e8le est id\u00e9al pour traiter des <b>documents en couleur<\/b> et prend en charge des formats jusqu\u2019au A4, ce qui en fait une solution polyvalente pour la plupart des t\u00e2ches quotidiennes de bureau. La connectivit\u00e9 est un autre de ses atouts, gr\u00e2ce \u00e0 l\u2019int\u00e9gration du <b>Wi-Fi<\/b> et de la <b>carte r\u00e9seau<\/b>, permettant l\u2019impression partag\u00e9e et la gestion \u00e0 distance depuis plusieurs appareils, y compris ordinateurs et smartphones. Le <b>recto verso automatique<\/b> optimise l\u2019utilisation du papier et l\u2019efficacit\u00e9 environnementale en permettant l\u2019impression recto verso sans intervention manuelle. De plus, son cycle de travail mensuel robuste allant jusqu\u2019\u00e0 <b>40 000 pages<\/b> en fait une alternative fiable et r\u00e9sistante pour les utilisateurs ayant des besoins d\u2019impression \u00e9lev\u00e9s. Fabriqu\u00e9e en plastique r\u00e9sistant, la HP 499Q8F allie fonctionnalit\u00e9 et design compact, adapt\u00e9e aux espaces de travail restreints sans sacrifier des capacit\u00e9s avanc\u00e9es. En somme, cette imprimante multifonction laser HP offre une solution compl\u00e8te et efficace \u00e0 ceux qui recherchent performance, praticit\u00e9 et connectivit\u00e9 dans un seul appareil.<\/p>\n<ul>\n<li>Type:\n<ul>\n<li>Couleur<\/li>\n<li>Tout en un<\/li>\n<\/ul>\n<\/li>\n<li>Couleur:\n<ul>\n<li>Bleu<\/li>\n<li>Blanc<\/li>\n<li>Noir<\/li>\n<\/ul>\n<\/li>\n<li>Caract\u00e9ristiques:\n<ul>\n<li>\u00c9cran integr\u00e9<\/li>\n<li>Scanner Double Face<\/li>\n<li>\u00c9cran couleur<\/li>\n<li>Impression recto verso<\/li>\n<li>Commande tactile<\/li>\n<\/ul>\n<\/li>\n<li>Connexions:\n<ul>\n<li>USB<\/li>\n<li>USB 2.0 x 2<\/li>\n<li>USB 3.0 x 2<\/li>\n<\/ul>\n<\/li>\n<li>Connectivit\u00e9:\n<ul>\n<li>Wi-Fi<\/li>\n<li>Ethernet LAN<\/li>\n<\/ul>\n<\/li>\n<li>M\u00e9moire interne: 512 MB<\/li>\n<li>R\u00e9solution d&#8217;image maximale: 600 x 600 dpi<\/li>\n<li>Ecran:\n<ul>\n<li>4,3&#8221;<\/li>\n<li>4,3&#8243;<\/li>\n<\/ul>\n<\/li>\n<li>Technologie: Laser<\/li>\n<li>Mati\u00e8re: Plastique<\/li>\n<li>Fonctions: Rappel automatique<\/li>\n<li>Format: PDF<\/li>\n<li>R\u00e9solution: 600 x 600 dpi<\/li>\n<li>Bloc d\u2019Alimentation: Cordon d&#8217;alimentation CA<\/li>\n<li>vitesse:\n<ul>\n<li>8 ppm<\/li>\n<li>19 ppm<\/li>\n<li>25 ppm<\/li>\n<li>10\/100\/1000 Mbps<\/li>\n<li>10\/100 Mbps<\/li>\n<\/ul>\n<\/li>\n<li>Impression couleur: Oui<\/li>\n<li>Scanner: 1200 x 1200 dpi<\/li>\n<li>Papier: A4<\/li>\n<li>Impression recto verso: Automatique<\/li>\n<li>Niveau sonore: 51 dB<\/li>\n<li>Fr\u00e9quence: 1200 Hz<\/li>\n<li>Inclut:\n<ul>\n<li>Manuel de l&#8217;utilisateur<\/li>\n<li>Cartouche<\/li>\n<\/ul>\n<\/li>\n<li>Utilisation recommand\u00e9e: Entreprise et commerce<\/li>\n<li>Plateau: 2<\/li>\n<li>Diagonale de l&#8217;\u00e9cran (cm): 10,9 cm<\/li>\n<\/ul>","protected":false},"excerpt":{"rendered":"<p>Si vous \u00eates passionn\u00e9 d&#8217;informatique et d&#8217;\u00e9lectronique, si vous \u00eates \u00e0 la pointe de la technologie et qu&#8217;aucun d\u00e9tail ne vous \u00e9chappe, achetez Imprimante Multifonction HP 3302FDW au meilleur prix. La HP 499Q8F est une imprimante multifonction laser sp\u00e9cialement con\u00e7ue pour r\u00e9pondre aux besoins des bureaux et des environnements domestiques avec des volumes de travail [&hellip;]<\/p>\n","protected":false},"featured_media":44005,"comment_status":"open","ping_status":"closed","template":"","meta":[],"product_brand":[630],"product_cat":[592,65,581],"product_tag":[213,106],"class_list":{"0":"post-44018","1":"product","2":"type-product","3":"status-publish","4":"has-post-thumbnail","6":"product_brand-brandp_909","7":"product_cat-imprimantes","8":"product_cat-informatique-electronique","9":"product_cat-informatique-peripheriques-et-consommables","10":"product_tag-tag_933","11":"product_tag-tag_1295","13":"first","14":"instock","15":"taxable","16":"shipping-taxable","17":"purchasable","18":"product-type-simple"},"_links":{"self":[{"href":"https:\/\/bigbuy.tupique.com\/en\/wp-json\/wp\/v2\/product\/44018","targetHints":{"allow":["GET"]}}],"collection":[{"href":"https:\/\/bigbuy.tupique.com\/en\/wp-json\/wp\/v2\/product"}],"about":[{"href":"https:\/\/bigbuy.tupique.com\/en\/wp-json\/wp\/v2\/types\/product"}],"replies":[{"embeddable":true,"href":"https:\/\/bigbuy.tupique.com\/en\/wp-json\/wp\/v2\/comments?post=44018"}],"wp:featuredmedia":[{"embeddable":true,"href":"https:\/\/bigbuy.tupique.com\/en\/wp-json\/wp\/v2\/media\/44005"}],"wp:attachment":[{"href":"https:\/\/bigbuy.tupique.com\/en\/wp-json\/wp\/v2\/media?parent=44018"}],"wp:term":[{"taxonomy":"product_brand","embeddable":true,"href":"https:\/\/bigbuy.tupique.com\/en\/wp-json\/wp\/v2\/product_brand?post=44018"},{"taxonomy":"product_cat","embeddable":true,"href":"https:\/\/bigbuy.tupique.com\/en\/wp-json\/wp\/v2\/product_cat?post=44018"},{"taxonomy":"product_tag","embeddable":true,"href":"https:\/\/bigbuy.tupique.com\/en\/wp-json\/wp\/v2\/product_tag?post=44018"}],"curies":[{"name":"wp","href":"https:\/\/api.w.org\/{rel}","templated":true}]}}