{"id":43883,"date":"2026-03-30T16:56:51","date_gmt":"2026-03-30T15:56:51","guid":{"rendered":"https:\/\/bigbuy.tupique.com\/produto\/network-video-recorder-axis-02810-003-6-tb\/"},"modified":"2026-05-11T19:59:57","modified_gmt":"2026-05-11T17:59:57","slug":"network-video-recorder-axis-02810-003-6-tb","status":"publish","type":"product","link":"https:\/\/bigbuy.tupique.com\/en\/produto\/network-video-recorder-axis-02810-003-6-tb\/","title":{"rendered":"Enregistreur Vid\u00e9o de R\u00e9seau Axis 02810-003 6 TB"},"content":{"rendered":"<p>Si vous \u00eates passionn\u00e9 d&#8217;<b>informatique et d&#8217;\u00e9lectronique<\/b>, si vous \u00eates \u00e0 la pointe de la technologie et qu&#8217;aucun d\u00e9tail ne vous \u00e9chappe, achetez <b>Enregistreur Vid\u00e9o de R\u00e9seau Axis 02810-003 6 TB<\/b> au meilleur prix.<\/p>\n<ul>\n<li>Produit \u00e0 brancher: Oui<\/li>\n<li>Type: Enregistreur Vid\u00e9o de R\u00e9seau<\/li>\n<li>Type de prise: Prise EU<\/li>\n<li>Bloc d\u2019Alimentation:\n<ul>\n<li>r\u00e9seau \u00e9lectrique<\/li>\n<li>Cordon d&#8217;alimentation CA<\/li>\n<\/ul>\n<\/li>\n<li>Couleur: Noir<\/li>\n<li>Connexions:\n<ul>\n<li>USB 2.0<\/li>\n<li>2<\/li>\n<li>RJ45 x 24<\/li>\n<li>HDMI x 2<\/li>\n<\/ul>\n<\/li>\n<li>Disque dur:\n<ul>\n<li>6 TB<\/li>\n<li>256 GB SSD<\/li>\n<li>6 TB HDD<\/li>\n<\/ul>\n<\/li>\n<li>M\u00e9moire RAM: 16 GB RAM<\/li>\n<li>Fr\u00e9quence d&#8217;entr\u00e9e AC: 50-60 Hz<\/li>\n<li>consommation d&#8217;\u00e9nergie: 130 kWh<\/li>\n<li>Plage d&#8217;humidit\u00e9 de travail: 10 % &#8211; 90 %<\/li>\n<li>Montage en rack: 1U<\/li>\n<li>Tension d&#8217;entr\u00e9e AC: 100 &#8211; 240 V<\/li>\n<\/ul>","protected":false},"excerpt":{"rendered":"<p>Si vous \u00eates passionn\u00e9 d&#8217;informatique et d&#8217;\u00e9lectronique, si vous \u00eates \u00e0 la pointe de la technologie et qu&#8217;aucun d\u00e9tail ne vous \u00e9chappe, achetez Enregistreur Vid\u00e9o de R\u00e9seau Axis 02810-003 6 TB au meilleur prix. Produit \u00e0 brancher: Oui Type: Enregistreur Vid\u00e9o de R\u00e9seau Type de prise: Prise EU Bloc d\u2019Alimentation: r\u00e9seau \u00e9lectrique Cordon d&#8217;alimentation CA [&hellip;]<\/p>\n","protected":false},"featured_media":43879,"comment_status":"open","ping_status":"closed","template":"","meta":[],"product_brand":[645],"product_cat":[580,239,579],"product_tag":[567,210],"class_list":{"0":"post-43883","1":"product","2":"type-product","3":"status-publish","4":"has-post-thumbnail","6":"product_brand-brandp_4776","7":"product_cat-cameras-de-surveillance-video","8":"product_cat-maison-jardin","9":"product_cat-securite-a-la-maison","10":"product_tag-tag_556","11":"product_tag-tag_25","13":"first","14":"instock","15":"taxable","16":"shipping-taxable","17":"purchasable","18":"product-type-simple"},"_links":{"self":[{"href":"https:\/\/bigbuy.tupique.com\/en\/wp-json\/wp\/v2\/product\/43883","targetHints":{"allow":["GET"]}}],"collection":[{"href":"https:\/\/bigbuy.tupique.com\/en\/wp-json\/wp\/v2\/product"}],"about":[{"href":"https:\/\/bigbuy.tupique.com\/en\/wp-json\/wp\/v2\/types\/product"}],"replies":[{"embeddable":true,"href":"https:\/\/bigbuy.tupique.com\/en\/wp-json\/wp\/v2\/comments?post=43883"}],"wp:featuredmedia":[{"embeddable":true,"href":"https:\/\/bigbuy.tupique.com\/en\/wp-json\/wp\/v2\/media\/43879"}],"wp:attachment":[{"href":"https:\/\/bigbuy.tupique.com\/en\/wp-json\/wp\/v2\/media?parent=43883"}],"wp:term":[{"taxonomy":"product_brand","embeddable":true,"href":"https:\/\/bigbuy.tupique.com\/en\/wp-json\/wp\/v2\/product_brand?post=43883"},{"taxonomy":"product_cat","embeddable":true,"href":"https:\/\/bigbuy.tupique.com\/en\/wp-json\/wp\/v2\/product_cat?post=43883"},{"taxonomy":"product_tag","embeddable":true,"href":"https:\/\/bigbuy.tupique.com\/en\/wp-json\/wp\/v2\/product_tag?post=43883"}],"curies":[{"name":"wp","href":"https:\/\/api.w.org\/{rel}","templated":true}]}}