{"id":43220,"date":"2026-03-30T16:01:48","date_gmt":"2026-03-30T15:01:48","guid":{"rendered":"https:\/\/bigbuy.tupique.com\/produto\/unisex-watch-oris-75477413161set-o-40-mm\/"},"modified":"2026-04-15T06:27:40","modified_gmt":"2026-04-15T05:27:40","slug":"unisex-watch-oris-75477413161set-o-40-mm","status":"publish","type":"product","link":"https:\/\/bigbuy.tupique.com\/en\/produto\/unisex-watch-oris-75477413161set-o-40-mm\/","title":{"rendered":"Montre Unisexe Oris 75477413161SET (\u00d8 40 mm)"},"content":{"rendered":"<p>Si vous aimez suivre les derni\u00e8res tendances en mati\u00e8re de mode et accessoires, achetez <b>Montre Unisexe Oris 75477413161SET (\u00d8 40 mm)<\/b> au meilleur prix.<\/p>\n<ul>\n<li>Liens suppl\u00e9mentaires: Non<\/li>\n<li>Type de montre: Montre-bracelet<\/li>\n<li>Fonctions: M\u00e9t\u00e9o<\/li>\n<li>Genre: Unisexe<\/li>\n<li>Mat\u00e9riau du bracelet: Cuir<\/li>\n<li>Inclut: Inclut un \u00e9tui ou une housse de la marque<\/li>\n<li>Imperm\u00e9abilit\u00e9: 5 atm<\/li>\n<li>Verre: Saphir<\/li>\n<li>Type de mouvement: Automatique<\/li>\n<li>Diam\u00e8tre du bo\u00eetier de la montre: \u00d8 40 mm<\/li>\n<\/ul>","protected":false},"excerpt":{"rendered":"<p>Si vous aimez suivre les derni\u00e8res tendances en mati\u00e8re de mode et accessoires, achetez Montre Unisexe Oris 75477413161SET (\u00d8 40 mm) au meilleur prix. Liens suppl\u00e9mentaires: Non Type de montre: Montre-bracelet Fonctions: M\u00e9t\u00e9o Genre: Unisexe Mat\u00e9riau du bracelet: Cuir Inclut: Inclut un \u00e9tui ou une housse de la marque Imperm\u00e9abilit\u00e9: 5 atm Verre: Saphir Type [&hellip;]<\/p>\n","protected":false},"featured_media":43219,"comment_status":"open","ping_status":"closed","template":"","meta":[],"product_brand":[1387],"product_cat":[544,744,545],"product_tag":[103,543],"class_list":{"0":"post-43220","1":"product","2":"type-product","3":"status-publish","4":"has-post-thumbnail","6":"product_brand-brandp_10363","7":"product_cat-mode-accessoires","8":"product_cat-montres-unisexe","9":"product_cat-montres-bracelets","10":"product_tag-tag_1261","11":"product_tag-tag_61","13":"first","14":"instock","15":"taxable","16":"shipping-taxable","17":"purchasable","18":"product-type-simple"},"_links":{"self":[{"href":"https:\/\/bigbuy.tupique.com\/en\/wp-json\/wp\/v2\/product\/43220","targetHints":{"allow":["GET"]}}],"collection":[{"href":"https:\/\/bigbuy.tupique.com\/en\/wp-json\/wp\/v2\/product"}],"about":[{"href":"https:\/\/bigbuy.tupique.com\/en\/wp-json\/wp\/v2\/types\/product"}],"replies":[{"embeddable":true,"href":"https:\/\/bigbuy.tupique.com\/en\/wp-json\/wp\/v2\/comments?post=43220"}],"wp:featuredmedia":[{"embeddable":true,"href":"https:\/\/bigbuy.tupique.com\/en\/wp-json\/wp\/v2\/media\/43219"}],"wp:attachment":[{"href":"https:\/\/bigbuy.tupique.com\/en\/wp-json\/wp\/v2\/media?parent=43220"}],"wp:term":[{"taxonomy":"product_brand","embeddable":true,"href":"https:\/\/bigbuy.tupique.com\/en\/wp-json\/wp\/v2\/product_brand?post=43220"},{"taxonomy":"product_cat","embeddable":true,"href":"https:\/\/bigbuy.tupique.com\/en\/wp-json\/wp\/v2\/product_cat?post=43220"},{"taxonomy":"product_tag","embeddable":true,"href":"https:\/\/bigbuy.tupique.com\/en\/wp-json\/wp\/v2\/product_tag?post=43220"}],"curies":[{"name":"wp","href":"https:\/\/api.w.org\/{rel}","templated":true}]}}