{"id":43196,"date":"2026-03-30T16:01:00","date_gmt":"2026-03-30T15:01:00","guid":{"rendered":"https:\/\/bigbuy.tupique.com\/produto\/mens-watch-police-pewgk0082003\/"},"modified":"2026-04-15T06:27:39","modified_gmt":"2026-04-15T05:27:39","slug":"mens-watch-police-pewgk0082003","status":"publish","type":"product","link":"https:\/\/bigbuy.tupique.com\/en\/produto\/mens-watch-police-pewgk0082003\/","title":{"rendered":"Montre Homme Police PEWGK0082003"},"content":{"rendered":"<p>Si vous aimez suivre les derni\u00e8res tendances en mati\u00e8re de mode et accessoires, achetez <b>Montre Homme Police PEWGK0082003<\/b> au meilleur prix.<\/p>\n<ul>\n<li>Couleur du bracelet: Dor\u00e9<\/li>\n<li>Fonctionne \u00e0 piles: Oui<\/li>\n<li>Liens suppl\u00e9mentaires: Non<\/li>\n<li>Type de montre: Montre-bracelet<\/li>\n<li>Genre: Homme<\/li>\n<li>Type de batterie: LR44<\/li>\n<\/ul>","protected":false},"excerpt":{"rendered":"<p>Si vous aimez suivre les derni\u00e8res tendances en mati\u00e8re de mode et accessoires, achetez Montre Homme Police PEWGK0082003 au meilleur prix. Couleur du bracelet: Dor\u00e9 Fonctionne \u00e0 piles: Oui Liens suppl\u00e9mentaires: Non Type de montre: Montre-bracelet Genre: Homme Type de batterie: LR44<\/p>","protected":false},"featured_media":43190,"comment_status":"open","ping_status":"closed","template":"","meta":[],"product_brand":[823],"product_cat":[544,574,545],"product_tag":[103,543],"class_list":{"0":"post-43196","1":"product","2":"type-product","3":"status-publish","4":"has-post-thumbnail","6":"product_brand-brandp_867","7":"product_cat-mode-accessoires","8":"product_cat-montres-homme","9":"product_cat-montres-bracelets","10":"product_tag-tag_1261","11":"product_tag-tag_61","13":"first","14":"instock","15":"taxable","16":"shipping-taxable","17":"purchasable","18":"product-type-simple"},"_links":{"self":[{"href":"https:\/\/bigbuy.tupique.com\/en\/wp-json\/wp\/v2\/product\/43196","targetHints":{"allow":["GET"]}}],"collection":[{"href":"https:\/\/bigbuy.tupique.com\/en\/wp-json\/wp\/v2\/product"}],"about":[{"href":"https:\/\/bigbuy.tupique.com\/en\/wp-json\/wp\/v2\/types\/product"}],"replies":[{"embeddable":true,"href":"https:\/\/bigbuy.tupique.com\/en\/wp-json\/wp\/v2\/comments?post=43196"}],"wp:featuredmedia":[{"embeddable":true,"href":"https:\/\/bigbuy.tupique.com\/en\/wp-json\/wp\/v2\/media\/43190"}],"wp:attachment":[{"href":"https:\/\/bigbuy.tupique.com\/en\/wp-json\/wp\/v2\/media?parent=43196"}],"wp:term":[{"taxonomy":"product_brand","embeddable":true,"href":"https:\/\/bigbuy.tupique.com\/en\/wp-json\/wp\/v2\/product_brand?post=43196"},{"taxonomy":"product_cat","embeddable":true,"href":"https:\/\/bigbuy.tupique.com\/en\/wp-json\/wp\/v2\/product_cat?post=43196"},{"taxonomy":"product_tag","embeddable":true,"href":"https:\/\/bigbuy.tupique.com\/en\/wp-json\/wp\/v2\/product_tag?post=43196"}],"curies":[{"name":"wp","href":"https:\/\/api.w.org\/{rel}","templated":true}]}}