{"id":43127,"date":"2026-03-30T15:58:16","date_gmt":"2026-03-30T14:58:16","guid":{"rendered":"https:\/\/bigbuy.tupique.com\/produto\/tablet-cover-compulocks-140b11gswl9b-white\/"},"modified":"2026-04-16T10:15:06","modified_gmt":"2026-04-16T09:15:06","slug":"tablet-cover-compulocks-140b11gswl9b-white","status":"publish","type":"product","link":"https:\/\/bigbuy.tupique.com\/en\/produto\/tablet-cover-compulocks-140b11gswl9b-white\/","title":{"rendered":"Housse pour Tablette Compulocks 140B11GSWL9B Blanc"},"content":{"rendered":"<p>Si vous \u00eates passionn\u00e9 d&#8217;<b>informatique et d&#8217;\u00e9lectronique<\/b>, si vous \u00eates \u00e0 la pointe de la technologie et qu&#8217;aucun d\u00e9tail ne vous \u00e9chappe, achetez <b>Housse pour Tablette Compulocks 140B11GSWL9B Blanc<\/b> au meilleur prix.<\/p>\n<ul>\n<li>Type: Housse pour Tablette<\/li>\n<li>Pays \/ r\u00e9gion de fabrication: Chine<\/li>\n<li>Couleur: Blanc<\/li>\n<li>Mat\u00e9riel: Aluminium<\/li>\n<li>Compatible:\n<ul>\n<li>VESA 75 x 75, 100 x 100<\/li>\n<li>Apple<\/li>\n<\/ul>\n<\/li>\n<li>Diagonale de l&#8217;\u00e9cran (cm): 27,7 cm<\/li>\n<\/ul>","protected":false},"excerpt":{"rendered":"<p>Si vous \u00eates passionn\u00e9 d&#8217;informatique et d&#8217;\u00e9lectronique, si vous \u00eates \u00e0 la pointe de la technologie et qu&#8217;aucun d\u00e9tail ne vous \u00e9chappe, achetez Housse pour Tablette Compulocks 140B11GSWL9B Blanc au meilleur prix. Type: Housse pour Tablette Pays \/ r\u00e9gion de fabrication: Chine Couleur: Blanc Mat\u00e9riel: Aluminium Compatible: VESA 75 x 75, 100 x 100 Apple [&hellip;]<\/p>\n","protected":false},"featured_media":43125,"comment_status":"open","ping_status":"closed","template":"","meta":[],"product_brand":[999],"product_cat":[575,971,65],"product_tag":[566,106],"class_list":{"0":"post-43127","1":"product","2":"type-product","3":"status-publish","4":"has-post-thumbnail","6":"product_brand-brandp_4787","7":"product_cat-electronique-telephonie-et-tablettes","8":"product_cat-housse-de-tablette","9":"product_cat-informatique-electronique","10":"product_tag-tag_547","11":"product_tag-tag_1295","13":"first","14":"instock","15":"taxable","16":"shipping-taxable","17":"purchasable","18":"product-type-simple"},"_links":{"self":[{"href":"https:\/\/bigbuy.tupique.com\/en\/wp-json\/wp\/v2\/product\/43127","targetHints":{"allow":["GET"]}}],"collection":[{"href":"https:\/\/bigbuy.tupique.com\/en\/wp-json\/wp\/v2\/product"}],"about":[{"href":"https:\/\/bigbuy.tupique.com\/en\/wp-json\/wp\/v2\/types\/product"}],"replies":[{"embeddable":true,"href":"https:\/\/bigbuy.tupique.com\/en\/wp-json\/wp\/v2\/comments?post=43127"}],"wp:featuredmedia":[{"embeddable":true,"href":"https:\/\/bigbuy.tupique.com\/en\/wp-json\/wp\/v2\/media\/43125"}],"wp:attachment":[{"href":"https:\/\/bigbuy.tupique.com\/en\/wp-json\/wp\/v2\/media?parent=43127"}],"wp:term":[{"taxonomy":"product_brand","embeddable":true,"href":"https:\/\/bigbuy.tupique.com\/en\/wp-json\/wp\/v2\/product_brand?post=43127"},{"taxonomy":"product_cat","embeddable":true,"href":"https:\/\/bigbuy.tupique.com\/en\/wp-json\/wp\/v2\/product_cat?post=43127"},{"taxonomy":"product_tag","embeddable":true,"href":"https:\/\/bigbuy.tupique.com\/en\/wp-json\/wp\/v2\/product_tag?post=43127"}],"curies":[{"name":"wp","href":"https:\/\/api.w.org\/{rel}","templated":true}]}}