{"id":43034,"date":"2026-03-30T15:46:48","date_gmt":"2026-03-30T14:46:48","guid":{"rendered":"https:\/\/bigbuy.tupique.com\/produto\/unisex-sunglasses-etro-etro-0033_s\/"},"modified":"2026-04-15T06:27:28","modified_gmt":"2026-04-15T05:27:28","slug":"unisex-sunglasses-etro-etro-0033_s","status":"publish","type":"product","link":"https:\/\/bigbuy.tupique.com\/en\/produto\/unisex-sunglasses-etro-etro-0033_s\/","title":{"rendered":"Lunettes de soleil Unisexe Etro ETRO 0033_S"},"content":{"rendered":"<p>Si vous aimez avoir les derni\u00e8res nouveaut\u00e9s en<b>mode et accessoires<\/b> et si les accessoires sont indispensables pour l&#8217;ensemble de votre image, ne passez pas \u00e0 c\u00f4t\u00e9 de <b>Lunettes de soleil Unisexe Etro ETRO 0033_S<\/b> ! B\u00e9n\u00e9ficiez des meilleures marques de <b>lunettes de soleil<\/b>.<\/p>\n<ul>\n<li>Genre: Unisexe<\/li>\n<li>Protection: Prot\u00e8gent contre 100 % des rayons UV (UV400)<\/li>\n<li>Design: \u00c9l\u00e9gant<\/li>\n<li>Type:\n<ul>\n<li>Lunettes de soleil<\/li>\n<li>Collier Femme<\/li>\n<li>Lunettes de soleil Unisexe<\/li>\n<\/ul>\n<\/li>\n<li>Couleur: Rose Gold<\/li>\n<li>Mati\u00e8re: Acier inoxydable<\/li>\n<\/ul>","protected":false},"excerpt":{"rendered":"<p>Si vous aimez avoir les derni\u00e8res nouveaut\u00e9s enmode et accessoires et si les accessoires sont indispensables pour l&#8217;ensemble de votre image, ne passez pas \u00e0 c\u00f4t\u00e9 de Lunettes de soleil Unisexe Etro ETRO 0033_S ! B\u00e9n\u00e9ficiez des meilleures marques de lunettes de soleil. Genre: Unisexe Protection: Prot\u00e8gent contre 100 % des rayons UV (UV400) Design: [&hellip;]<\/p>\n","protected":false},"featured_media":43032,"comment_status":"open","ping_status":"closed","template":"","meta":[],"product_brand":[1090],"product_cat":[773,775,544],"product_tag":[103,721,543],"class_list":{"0":"post-43034","1":"product","2":"type-product","3":"status-publish","4":"has-post-thumbnail","6":"product_brand-brandp_3168","7":"product_cat-lunettes-de-soleil","8":"product_cat-lunettes-de-soleil-homme","9":"product_cat-mode-accessoires","10":"product_tag-tag_1261","11":"product_tag-tag_124","12":"product_tag-tag_61","14":"first","15":"instock","16":"taxable","17":"shipping-taxable","18":"purchasable","19":"product-type-simple"},"_links":{"self":[{"href":"https:\/\/bigbuy.tupique.com\/en\/wp-json\/wp\/v2\/product\/43034","targetHints":{"allow":["GET"]}}],"collection":[{"href":"https:\/\/bigbuy.tupique.com\/en\/wp-json\/wp\/v2\/product"}],"about":[{"href":"https:\/\/bigbuy.tupique.com\/en\/wp-json\/wp\/v2\/types\/product"}],"replies":[{"embeddable":true,"href":"https:\/\/bigbuy.tupique.com\/en\/wp-json\/wp\/v2\/comments?post=43034"}],"wp:featuredmedia":[{"embeddable":true,"href":"https:\/\/bigbuy.tupique.com\/en\/wp-json\/wp\/v2\/media\/43032"}],"wp:attachment":[{"href":"https:\/\/bigbuy.tupique.com\/en\/wp-json\/wp\/v2\/media?parent=43034"}],"wp:term":[{"taxonomy":"product_brand","embeddable":true,"href":"https:\/\/bigbuy.tupique.com\/en\/wp-json\/wp\/v2\/product_brand?post=43034"},{"taxonomy":"product_cat","embeddable":true,"href":"https:\/\/bigbuy.tupique.com\/en\/wp-json\/wp\/v2\/product_cat?post=43034"},{"taxonomy":"product_tag","embeddable":true,"href":"https:\/\/bigbuy.tupique.com\/en\/wp-json\/wp\/v2\/product_tag?post=43034"}],"curies":[{"name":"wp","href":"https:\/\/api.w.org\/{rel}","templated":true}]}}