{"id":42931,"date":"2026-03-30T15:43:08","date_gmt":"2026-03-30T14:43:08","guid":{"rendered":"https:\/\/bigbuy.tupique.com\/produto\/mens-watch-oris-divers-sixty-five-o-40-mm\/"},"modified":"2026-05-11T20:03:43","modified_gmt":"2026-05-11T18:03:43","slug":"mens-watch-oris-divers-sixty-five-o-40-mm","status":"publish","type":"product","link":"https:\/\/bigbuy.tupique.com\/en\/produto\/mens-watch-oris-divers-sixty-five-o-40-mm\/","title":{"rendered":"Montre Homme Oris DIVERS SIXTY-FIVE (\u00d8 40 mm)"},"content":{"rendered":"<p>Si vous aimez suivre les derni\u00e8res tendances en mati\u00e8re de mode et accessoires, achetez <b>Montre Homme Oris DIVERS SIXTY-FIVE (\u00d8 40 mm)<\/b> au meilleur prix.<\/p>\n<p>La <b>Oris 4053-07-5-20-89<\/b> est une <b>montre pour homme<\/b> de haute horlogerie suisse qui allie pr\u00e9cision m\u00e9canique et \u00e9l\u00e9gance intemporelle dans chaque d\u00e9tail. Fabriqu\u00e9e par Oris, maison horlog\u00e8re suisse r\u00e9put\u00e9e, ce mod\u00e8le se distingue par son <b>mouvement automatique<\/b>, ce qui signifie qu\u2019il ne n\u00e9cessite pas de pile et fonctionne gr\u00e2ce au mouvement naturel du poignet, offrant fiabilit\u00e9 et confort au quotidien. Le bo\u00eetier est compl\u00e9t\u00e9 par un <b>bracelet en cuir<\/b> raffin\u00e9, id\u00e9al pour ceux qui appr\u00e9cient la sophistication classique et la douceur au toucher, convenant aussi bien \u00e0 un usage formel que quotidien. Son cadran est prot\u00e9g\u00e9 par un <b>verre saphir<\/b> r\u00e9sistant aux rayures, garantissant une durabilit\u00e9 maximale et une lecture toujours claire de l\u2019heure. La montre offre \u00e9galement une <b>\u00e9tanch\u00e9it\u00e9 jusqu\u2019\u00e0 10 atm (100 m\u00e8tres)<\/b>, la rendant adapt\u00e9e aux activit\u00e9s aquatiques mod\u00e9r\u00e9es comme la natation ou la douche, sans risque de dommages li\u00e9s \u00e0 l\u2019eau. Gr\u00e2ce \u00e0 ses mat\u00e9riaux premium et \u00e0 l\u2019h\u00e9ritage artisanal d\u2019Oris, ce mod\u00e8le constitue un choix durable et distingu\u00e9 pour l\u2019homme moderne qui valorise la tradition horlog\u00e8re suisse et la fonctionnalit\u00e9 pratique. En r\u00e9sum\u00e9, il s\u2019agit d\u2019une montre-bracelet qui \u00e9quilibre technologie, design et robustesse, repr\u00e9sentant un choix solide dans l\u2019univers de l\u2019horlogerie masculine.<\/p>\n<ul>\n<li>Liens suppl\u00e9mentaires: Non<\/li>\n<li>Type de montre: Montre-bracelet<\/li>\n<li>Genre: Homme<\/li>\n<li>Design: \u00c9l\u00e9gant<\/li>\n<li>Mat\u00e9riau du bracelet: Cuir<\/li>\n<li>Inclut: Inclut un \u00e9tui ou une housse de la marque<\/li>\n<li>Imperm\u00e9abilit\u00e9: 10 atm<\/li>\n<li>Verre: Saphir<\/li>\n<li>Type de mouvement: Automatique<\/li>\n<li>Diam\u00e8tre du bo\u00eetier de la montre: \u00d8 40 mm<\/li>\n<\/ul>","protected":false},"excerpt":{"rendered":"<p>Si vous aimez suivre les derni\u00e8res tendances en mati\u00e8re de mode et accessoires, achetez Montre Homme Oris DIVERS SIXTY-FIVE (\u00d8 40 mm) au meilleur prix. La Oris 4053-07-5-20-89 est une montre pour homme de haute horlogerie suisse qui allie pr\u00e9cision m\u00e9canique et \u00e9l\u00e9gance intemporelle dans chaque d\u00e9tail. Fabriqu\u00e9e par Oris, maison horlog\u00e8re suisse r\u00e9put\u00e9e, ce [&hellip;]<\/p>\n","protected":false},"featured_media":42929,"comment_status":"open","ping_status":"closed","template":"","meta":[],"product_brand":[1387],"product_cat":[544,574,545],"product_tag":[103,543],"class_list":{"0":"post-42931","1":"product","2":"type-product","3":"status-publish","4":"has-post-thumbnail","6":"product_brand-brandp_10363","7":"product_cat-mode-accessoires","8":"product_cat-montres-homme","9":"product_cat-montres-bracelets","10":"product_tag-tag_1261","11":"product_tag-tag_61","13":"first","14":"instock","15":"taxable","16":"shipping-taxable","17":"purchasable","18":"product-type-simple"},"_links":{"self":[{"href":"https:\/\/bigbuy.tupique.com\/en\/wp-json\/wp\/v2\/product\/42931","targetHints":{"allow":["GET"]}}],"collection":[{"href":"https:\/\/bigbuy.tupique.com\/en\/wp-json\/wp\/v2\/product"}],"about":[{"href":"https:\/\/bigbuy.tupique.com\/en\/wp-json\/wp\/v2\/types\/product"}],"replies":[{"embeddable":true,"href":"https:\/\/bigbuy.tupique.com\/en\/wp-json\/wp\/v2\/comments?post=42931"}],"wp:featuredmedia":[{"embeddable":true,"href":"https:\/\/bigbuy.tupique.com\/en\/wp-json\/wp\/v2\/media\/42929"}],"wp:attachment":[{"href":"https:\/\/bigbuy.tupique.com\/en\/wp-json\/wp\/v2\/media?parent=42931"}],"wp:term":[{"taxonomy":"product_brand","embeddable":true,"href":"https:\/\/bigbuy.tupique.com\/en\/wp-json\/wp\/v2\/product_brand?post=42931"},{"taxonomy":"product_cat","embeddable":true,"href":"https:\/\/bigbuy.tupique.com\/en\/wp-json\/wp\/v2\/product_cat?post=42931"},{"taxonomy":"product_tag","embeddable":true,"href":"https:\/\/bigbuy.tupique.com\/en\/wp-json\/wp\/v2\/product_tag?post=42931"}],"curies":[{"name":"wp","href":"https:\/\/api.w.org\/{rel}","templated":true}]}}