{"id":42840,"date":"2026-03-30T15:40:31","date_gmt":"2026-03-30T14:40:31","guid":{"rendered":"https:\/\/bigbuy.tupique.com\/produto\/processor-amd-100-100001084wof-amd-ryzen-7-9800x3d-amd-am5\/"},"modified":"2026-04-15T22:37:56","modified_gmt":"2026-04-15T21:37:56","slug":"processor-amd-100-100001084wof-amd-ryzen-7-9800x3d-amd-am5","status":"publish","type":"product","link":"https:\/\/bigbuy.tupique.com\/en\/produto\/processor-amd-100-100001084wof-amd-ryzen-7-9800x3d-amd-am5\/","title":{"rendered":"Processeur AMD 100-100001084WOF AMD Ryzen 7 9800X3D AMD AM5"},"content":{"rendered":"<p>Si vous \u00eates passionn\u00e9 d&#8217;<b>informatique et d&#8217;\u00e9lectronique<\/b>, si vous \u00eates \u00e0 la pointe de la technologie et qu&#8217;aucun d\u00e9tail ne vous \u00e9chappe, achetez <b>Processeur AMD 100-100001084WOF AMD Ryzen 7 9800X3D AMD AM5<\/b> au meilleur prix.<\/p>\n<p>Le <b>processeur AMD Ryzen 7<\/b> est un composant avanc\u00e9 con\u00e7u pour offrir des performances \u00e9lev\u00e9es dans les applications exigeantes, aussi bien en usage domestique que professionnel. \u00c9quip\u00e9 de <b>8 c\u0153urs<\/b>, ce processeur permet une gestion efficace des t\u00e2ches multiples et des processus simultan\u00e9s, optimisant les performances dans les logiciels de montage, de design, les jeux et le d\u00e9veloppement. Il fait partie de la famille <b>AMD Ryzen 7<\/b>, reconnue pour son \u00e9quilibre entre puissance et efficacit\u00e9 \u00e9nerg\u00e9tique, et utilise le socket <b>AMD AM5<\/b>, garantissant la compatibilit\u00e9 avec les derni\u00e8res cartes m\u00e8res et technologies du march\u00e9, facilitant les mises \u00e0 jour et extensions futures. Gr\u00e2ce \u00e0 cette configuration, le processeur offre des vitesses de traitement \u00e9lev\u00e9es et une capacit\u00e9 optimale pour g\u00e9rer des charges intensives, particuli\u00e8rement utile pour les configurations PC orient\u00e9es productivit\u00e9 ou divertissement avanc\u00e9. Son architecture moderne et sa technologie int\u00e9gr\u00e9e assurent une r\u00e9ponse rapide et stable, am\u00e9liorant les performances globales du syst\u00e8me. Ce <b>processeur AMD<\/b> est une solution fiable et polyvalente pour les utilisateurs recherchant un bon \u00e9quilibre entre puissance, compatibilit\u00e9 et multit\u00e2che sur la plateforme AMD AM5.<\/p>\n<ul>\n<li>vitesse:\n<ul>\n<li>4.7 GHz<\/li>\n<li>5.2 Ghz<\/li>\n<\/ul>\n<\/li>\n<li>Cha\u00eenes: 2<\/li>\n<li>Utilisation recommand\u00e9e: PC de bureau<\/li>\n<li>Noyaux:\n<ul>\n<li>2 Noyaux<\/li>\n<li>1 c\u0153ur<\/li>\n<li>8 Noyaux<\/li>\n<\/ul>\n<\/li>\n<li>Compatible:\n<ul>\n<li>pci express 5.0<\/li>\n<li>Windows<\/li>\n<\/ul>\n<\/li>\n<li>Non Inclus:\n<ul>\n<li>Dissipateur<\/li>\n<li>Adaptateur graphique discret<\/li>\n<\/ul>\n<\/li>\n<li>Vitesse de m\u00e9moire support\u00e9e: 3600 mhz<\/li>\n<li>Couleur: Gris<\/li>\n<li>Processeur:\n<ul>\n<li>AMD<\/li>\n<li>AMD Ryzen 7 9800X3D<\/li>\n<\/ul>\n<\/li>\n<li>consommation d&#8217;\u00e9nergie: 120 W<\/li>\n<li>Dimensions approx.:\n<ul>\n<li>13 X 4 X 15 CM<\/li>\n<li>12,7 cm<\/li>\n<\/ul>\n<\/li>\n<li>Fr\u00e9quence: 4,7 GHz<\/li>\n<li>Tension: 220 V<\/li>\n<li>puissance: 120 W<\/li>\n<li>Exigences: 64 bits<\/li>\n<li>Caract\u00e9ristiques: Adaptateur graphique int\u00e9gr\u00e9<\/li>\n<li>Socket: AMD AM5<\/li>\n<li>Famille de processeurs:\n<ul>\n<li>AMD Ryzen 7<\/li>\n<li>AMD<\/li>\n<\/ul>\n<\/li>\n<li>Contr\u00f4leur graphique: AMD RADEON GRAPHICS<\/li>\n<\/ul>","protected":false},"excerpt":{"rendered":"<p>Si vous \u00eates passionn\u00e9 d&#8217;informatique et d&#8217;\u00e9lectronique, si vous \u00eates \u00e0 la pointe de la technologie et qu&#8217;aucun d\u00e9tail ne vous \u00e9chappe, achetez Processeur AMD 100-100001084WOF AMD Ryzen 7 9800X3D AMD AM5 au meilleur prix. Le processeur AMD Ryzen 7 est un composant avanc\u00e9 con\u00e7u pour offrir des performances \u00e9lev\u00e9es dans les applications exigeantes, aussi [&hellip;]<\/p>\n","protected":false},"featured_media":191490,"comment_status":"open","ping_status":"closed","template":"","meta":[],"product_brand":[801],"product_cat":[65,584,743],"product_tag":[106],"class_list":{"0":"post-42840","1":"product","2":"type-product","3":"status-publish","4":"has-post-thumbnail","6":"product_brand-brandp_531","7":"product_cat-informatique-electronique","8":"product_cat-informatique-reseaux-et-composants","9":"product_cat-processeurs","10":"product_tag-tag_1295","12":"first","13":"instock","14":"taxable","15":"shipping-taxable","16":"purchasable","17":"product-type-simple"},"_links":{"self":[{"href":"https:\/\/bigbuy.tupique.com\/en\/wp-json\/wp\/v2\/product\/42840","targetHints":{"allow":["GET"]}}],"collection":[{"href":"https:\/\/bigbuy.tupique.com\/en\/wp-json\/wp\/v2\/product"}],"about":[{"href":"https:\/\/bigbuy.tupique.com\/en\/wp-json\/wp\/v2\/types\/product"}],"replies":[{"embeddable":true,"href":"https:\/\/bigbuy.tupique.com\/en\/wp-json\/wp\/v2\/comments?post=42840"}],"wp:featuredmedia":[{"embeddable":true,"href":"https:\/\/bigbuy.tupique.com\/en\/wp-json\/wp\/v2\/media\/191490"}],"wp:attachment":[{"href":"https:\/\/bigbuy.tupique.com\/en\/wp-json\/wp\/v2\/media?parent=42840"}],"wp:term":[{"taxonomy":"product_brand","embeddable":true,"href":"https:\/\/bigbuy.tupique.com\/en\/wp-json\/wp\/v2\/product_brand?post=42840"},{"taxonomy":"product_cat","embeddable":true,"href":"https:\/\/bigbuy.tupique.com\/en\/wp-json\/wp\/v2\/product_cat?post=42840"},{"taxonomy":"product_tag","embeddable":true,"href":"https:\/\/bigbuy.tupique.com\/en\/wp-json\/wp\/v2\/product_tag?post=42840"}],"curies":[{"name":"wp","href":"https:\/\/api.w.org\/{rel}","templated":true}]}}