{"id":42796,"date":"2026-03-30T15:34:36","date_gmt":"2026-03-30T14:34:36","guid":{"rendered":"https:\/\/bigbuy.tupique.com\/produto\/videowall-monitor-lg-led-cabinet-1-5-4k-ultra-hd\/"},"modified":"2026-04-15T06:27:10","modified_gmt":"2026-04-15T05:27:10","slug":"videowall-monitor-lg-led-cabinet-1-5-4k-ultra-hd","status":"publish","type":"product","link":"https:\/\/bigbuy.tupique.com\/en\/produto\/videowall-monitor-lg-led-cabinet-1-5-4k-ultra-hd\/","title":{"rendered":"Moniteur Videowall LG LED CABINET 1.5 4K Ultra HD"},"content":{"rendered":"<p>Si vous \u00eates passionn\u00e9 d&#8217;<b>informatique et d&#8217;\u00e9lectronique<\/b>, si vous \u00eates \u00e0 la pointe de la technologie et qu&#8217;aucun d\u00e9tail ne vous \u00e9chappe, achetez <b>Moniteur Videowall LG LED CABINET 1.5 4K Ultra HD<\/b> au meilleur prix.<\/p>\n<ul>\n<li>Type: Moniteur Videowall<\/li>\n<li>R\u00e9solution (px): 1920 x 1080 px<\/li>\n<li>Classification IP: IP30<\/li>\n<li>Couleur: Noir<\/li>\n<li>R\u00e9solution: 4K Ultra HD<\/li>\n<li>Montage: Montage mural<\/li>\n<li>Tension:\n<ul>\n<li>100-240 V<\/li>\n<li>100 &#8211; 240 V<\/li>\n<\/ul>\n<\/li>\n<li>Brille: 800 cd\/m\u00b2<\/li>\n<li>Ecran tactile: Non<\/li>\n<li>Technologie: LED<\/li>\n<li>Fr\u00e9quence: 50-60 Hz<\/li>\n<li>Caract\u00e9ristiques: HDR<\/li>\n<li>Rapport de contraste: 5000:1<\/li>\n<li>Fr\u00e9quence d&#8217;entr\u00e9e AC: 50-60 Hz<\/li>\n<li>Flux lumineux: 800 lm<\/li>\n<li>Angle: 160\u00ba<\/li>\n<\/ul>","protected":false},"excerpt":{"rendered":"<p>Si vous \u00eates passionn\u00e9 d&#8217;informatique et d&#8217;\u00e9lectronique, si vous \u00eates \u00e0 la pointe de la technologie et qu&#8217;aucun d\u00e9tail ne vous \u00e9chappe, achetez Moniteur Videowall LG LED CABINET 1.5 4K Ultra HD au meilleur prix. Type: Moniteur Videowall R\u00e9solution (px): 1920 x 1080 px Classification IP: IP30 Couleur: Noir R\u00e9solution: 4K Ultra HD Montage: Montage [&hellip;]<\/p>\n","protected":false},"featured_media":42793,"comment_status":"open","ping_status":"closed","template":"","meta":[],"product_brand":[662],"product_cat":[65,581,616],"product_tag":[213,106],"class_list":{"0":"post-42796","1":"product","2":"type-product","3":"status-publish","4":"has-post-thumbnail","6":"product_brand-brandp_559","7":"product_cat-informatique-electronique","8":"product_cat-informatique-peripheriques-et-consommables","9":"product_cat-moniteurs","10":"product_tag-tag_933","11":"product_tag-tag_1295","13":"first","14":"instock","15":"taxable","16":"shipping-taxable","17":"purchasable","18":"product-type-simple"},"_links":{"self":[{"href":"https:\/\/bigbuy.tupique.com\/en\/wp-json\/wp\/v2\/product\/42796","targetHints":{"allow":["GET"]}}],"collection":[{"href":"https:\/\/bigbuy.tupique.com\/en\/wp-json\/wp\/v2\/product"}],"about":[{"href":"https:\/\/bigbuy.tupique.com\/en\/wp-json\/wp\/v2\/types\/product"}],"replies":[{"embeddable":true,"href":"https:\/\/bigbuy.tupique.com\/en\/wp-json\/wp\/v2\/comments?post=42796"}],"wp:featuredmedia":[{"embeddable":true,"href":"https:\/\/bigbuy.tupique.com\/en\/wp-json\/wp\/v2\/media\/42793"}],"wp:attachment":[{"href":"https:\/\/bigbuy.tupique.com\/en\/wp-json\/wp\/v2\/media?parent=42796"}],"wp:term":[{"taxonomy":"product_brand","embeddable":true,"href":"https:\/\/bigbuy.tupique.com\/en\/wp-json\/wp\/v2\/product_brand?post=42796"},{"taxonomy":"product_cat","embeddable":true,"href":"https:\/\/bigbuy.tupique.com\/en\/wp-json\/wp\/v2\/product_cat?post=42796"},{"taxonomy":"product_tag","embeddable":true,"href":"https:\/\/bigbuy.tupique.com\/en\/wp-json\/wp\/v2\/product_tag?post=42796"}],"curies":[{"name":"wp","href":"https:\/\/api.w.org\/{rel}","templated":true}]}}