{"id":42715,"date":"2026-03-30T15:31:19","date_gmt":"2026-03-30T14:31:19","guid":{"rendered":"https:\/\/bigbuy.tupique.com\/produto\/tablet-samsung-galaxy-tab-s10-fe-x626b-131-13-octa-core-12-gb-ram-256-gb-grey\/"},"modified":"2026-04-15T22:35:23","modified_gmt":"2026-04-15T21:35:23","slug":"tablet-samsung-galaxy-tab-s10-fe-x626b-131-13-octa-core-12-gb-ram-256-gb-grey","status":"publish","type":"product","link":"https:\/\/bigbuy.tupique.com\/en\/produto\/tablet-samsung-galaxy-tab-s10-fe-x626b-131-13-octa-core-12-gb-ram-256-gb-grey\/","title":{"rendered":"Tablette Samsung Galaxy Tab S10 FE+ X626B 13,1&#8243; 13&#8243; Octa Core 12 GB RAM 256 GB Gris"},"content":{"rendered":"<p>Si vous \u00eates passionn\u00e9 d&#8217;<b>informatique et d&#8217;\u00e9lectronique<\/b>, si vous \u00eates \u00e0 la pointe de la technologie et qu&#8217;aucun d\u00e9tail ne vous \u00e9chappe, achetez <b>Tablette Samsung Galaxy Tab S10 FE+ X626B 13,1&#8243; 13&#8243; Octa Core 12 GB RAM 256 GB Gris<\/b> au meilleur prix.<\/p>\n<p>La <b>tablette Samsung Galaxy Tab S10 FE+ 5G mod\u00e8le SM-X626BZAPEUB<\/b> est un appareil puissant con\u00e7u pour les utilisateurs recherchant un \u00e9quilibre entre performance et connectivit\u00e9 avanc\u00e9e dans un format \u00e9l\u00e9gant et fonctionnel. Elle dispose d\u2019une g\u00e9n\u00e9reuse <b>m\u00e9moire RAM de 12 Go<\/b> permettant de g\u00e9rer plusieurs applications et t\u00e2ches simultan\u00e9ment avec fluidit\u00e9, ainsi qu\u2019une large <b>capacit\u00e9 de stockage interne de 256 Go<\/b> pour sauvegarder tous types de documents, m\u00e9dias et applications sans souci. Sa finition en <b>gris<\/b> offre un design sobre et moderne, id\u00e9al pour un usage professionnel et personnel. Parmi ses options de connectivit\u00e9, on note la compatibilit\u00e9 avec la <b>5G<\/b>, ainsi que des technologies essentielles comme le <b>Bluetooth<\/b>, le <b>Wi-Fi<\/b> et le <b>GPS<\/b>, garantissant des connexions rapides, polyvalentes et une localisation pr\u00e9cise pour tous les besoins. \u00c9quip\u00e9e d\u2019une <b>cam\u00e9ra frontale \u00e0 autofocus<\/b>, ce mod\u00e8le facilite les appels vid\u00e9o et les prises de vue de haute qualit\u00e9, s\u2019adaptant \u00e0 diff\u00e9rentes conditions d\u2019\u00e9clairage pour des images nettes. La pr\u00e9sence d\u2019un port <b>USB-C<\/b> permet une charge rapide et un transfert de donn\u00e9es efficace, tandis que le lecteur de cartes offre la possibilit\u00e9 d\u2019\u00e9tendre le stockage ou d\u2019acc\u00e9der facilement \u00e0 des informations externes. Cette tablette repr\u00e9sente une solution \u00e9quilibr\u00e9e pour ceux qui recherchent mobilit\u00e9, puissance de traitement et connectivit\u00e9 dans un appareil fiable, soutenu par la garantie de la marque reconnue Samsung.<\/p>\n<ul>\n<li>Type: Tablette<\/li>\n<li>Type de prise: Prise EU<\/li>\n<li>Produit \u00e0 brancher: Oui<\/li>\n<li>GPS: Oui<\/li>\n<li>Gyroscope: Oui<\/li>\n<li>Glonass: Oui<\/li>\n<li>Acc\u00e9l\u00e9rom\u00e8tre: Oui<\/li>\n<li>Technologie:\n<ul>\n<li>TFT<\/li>\n<li>IPS LCD<\/li>\n<\/ul>\n<\/li>\n<li>Capacit\u00e9 de la batterie: 10090 mAh<\/li>\n<li>Processeur: Octa Core<\/li>\n<li>Diagonale de l&#8217;\u00e9cran (cm):\n<ul>\n<li>33 cm<\/li>\n<li>33,3 cm<\/li>\n<\/ul>\n<\/li>\n<li>Bloc d\u2019Alimentation:\n<ul>\n<li>r\u00e9seau \u00e9lectrique<\/li>\n<li>USB<\/li>\n<\/ul>\n<\/li>\n<li>Connexions:\n<ul>\n<li>USB-C<\/li>\n<li>USB-C 2.0<\/li>\n<\/ul>\n<\/li>\n<li>Cam\u00e9ra\/Appareil Photo:\n<ul>\n<li>12 mpx<\/li>\n<li>13 mpx<\/li>\n<li>13 MP<\/li>\n<li>Arri\u00e8re<\/li>\n<\/ul>\n<\/li>\n<li>Syst\u00e8me d&#8217;exploitation: Android<\/li>\n<li>Ecran:\n<ul>\n<li>13,1&#8243;<\/li>\n<li>13&#8243;<\/li>\n<\/ul>\n<\/li>\n<li>M\u00e9moire RAM: 12 GB RAM<\/li>\n<li>M\u00e9moire interne: 256 GB<\/li>\n<li>Couleur: Gris<\/li>\n<li>Caract\u00e9ristiques:\n<ul>\n<li>Cam\u00e9ra frontale<\/li>\n<li>Autofocus<\/li>\n<li>Lecteur de Cartes<\/li>\n<li>Lecteur d&#8217;empreintes<\/li>\n<li>Connexion au r\u00e9seau mobile<\/li>\n<li>Boussole \u00e9lectronique<\/li>\n<\/ul>\n<\/li>\n<li>Rapport d&#8217;aspect: 16:9<\/li>\n<li>Connectivit\u00e9:\n<ul>\n<li>Bluetooth<\/li>\n<li>Wi-Fi<\/li>\n<li>GPS<\/li>\n<li>Galileo<\/li>\n<li>5G<\/li>\n<li>Wi-Fi 6 GHz<\/li>\n<li>Bluetooth 5.3<\/li>\n<\/ul>\n<\/li>\n<li>Classification IP: IP68<\/li>\n<li>Fonctions: Acc\u00e9l\u00e9rom\u00e8tre<\/li>\n<li>Autonomie de reproduction approx.: 20 heures<\/li>\n<li>Non Inclus: Adaptateur AC<\/li>\n<li>Taille maximale de la carte m\u00e9moire: 2 TB<\/li>\n<li>Cartes M\u00e9moire Compatibles: MicroSD (TransFlash)<\/li>\n<li>R\u00e9solution:\n<ul>\n<li>2880 x 1800 px<\/li>\n<li>WQXGA+<\/li>\n<\/ul>\n<\/li>\n<li>Batterie au lithium rechargeable: 10090 mAh<\/li>\n<li>Inclut: Crayon tactile<\/li>\n<li>Noyaux: 8 Noyaux<\/li>\n<li>R\u00e9solution (px):\n<ul>\n<li>1080 px<\/li>\n<li>3840 x 2160 px<\/li>\n<\/ul>\n<\/li>\n<\/ul>","protected":false},"excerpt":{"rendered":"<p>Si vous \u00eates passionn\u00e9 d&#8217;informatique et d&#8217;\u00e9lectronique, si vous \u00eates \u00e0 la pointe de la technologie et qu&#8217;aucun d\u00e9tail ne vous \u00e9chappe, achetez Tablette Samsung Galaxy Tab S10 FE+ X626B 13,1&#8243; 13&#8243; Octa Core 12 GB RAM 256 GB Gris au meilleur prix. La tablette Samsung Galaxy Tab S10 FE+ 5G mod\u00e8le SM-X626BZAPEUB est un [&hellip;]<\/p>\n","protected":false},"featured_media":42705,"comment_status":"open","ping_status":"closed","template":"","meta":[],"product_brand":[183],"product_cat":[575,65,1052],"product_tag":[566,106],"class_list":{"0":"post-42715","1":"product","2":"type-product","3":"status-publish","4":"has-post-thumbnail","6":"product_brand-brandp_576","7":"product_cat-electronique-telephonie-et-tablettes","8":"product_cat-informatique-electronique","9":"product_cat-tablettes","10":"product_tag-tag_547","11":"product_tag-tag_1295","13":"first","14":"instock","15":"taxable","16":"shipping-taxable","17":"purchasable","18":"product-type-simple"},"_links":{"self":[{"href":"https:\/\/bigbuy.tupique.com\/en\/wp-json\/wp\/v2\/product\/42715","targetHints":{"allow":["GET"]}}],"collection":[{"href":"https:\/\/bigbuy.tupique.com\/en\/wp-json\/wp\/v2\/product"}],"about":[{"href":"https:\/\/bigbuy.tupique.com\/en\/wp-json\/wp\/v2\/types\/product"}],"replies":[{"embeddable":true,"href":"https:\/\/bigbuy.tupique.com\/en\/wp-json\/wp\/v2\/comments?post=42715"}],"wp:featuredmedia":[{"embeddable":true,"href":"https:\/\/bigbuy.tupique.com\/en\/wp-json\/wp\/v2\/media\/42705"}],"wp:attachment":[{"href":"https:\/\/bigbuy.tupique.com\/en\/wp-json\/wp\/v2\/media?parent=42715"}],"wp:term":[{"taxonomy":"product_brand","embeddable":true,"href":"https:\/\/bigbuy.tupique.com\/en\/wp-json\/wp\/v2\/product_brand?post=42715"},{"taxonomy":"product_cat","embeddable":true,"href":"https:\/\/bigbuy.tupique.com\/en\/wp-json\/wp\/v2\/product_cat?post=42715"},{"taxonomy":"product_tag","embeddable":true,"href":"https:\/\/bigbuy.tupique.com\/en\/wp-json\/wp\/v2\/product_tag?post=42715"}],"curies":[{"name":"wp","href":"https:\/\/api.w.org\/{rel}","templated":true}]}}