{"id":42612,"date":"2026-03-30T15:15:37","date_gmt":"2026-03-30T14:15:37","guid":{"rendered":"https:\/\/bigbuy.tupique.com\/produto\/motherboard-msi-lga-1700-2\/"},"modified":"2026-04-16T19:46:12","modified_gmt":"2026-04-16T18:46:12","slug":"motherboard-msi-lga-1700-2","status":"publish","type":"product","link":"https:\/\/bigbuy.tupique.com\/en\/produto\/motherboard-msi-lga-1700-2\/","title":{"rendered":"Carte M\u00e8re MSI LGA 1700"},"content":{"rendered":"<p>Si vous \u00eates \u00e0 la recherche de nouvelles tendances sur le march\u00e9, nous vous pr\u00e9sentons <b>Carte M\u00e8re MSI LGA 1700<\/b> !<\/p>\n<ul>\n<li>Type:\n<ul>\n<li>Carte M\u00e8re<\/li>\n<li>ATX<\/li>\n<li>UEFI<\/li>\n<\/ul>\n<\/li>\n<li>Connexions:\n<ul>\n<li>HDMI<\/li>\n<li>USB<\/li>\n<li>USB-C<\/li>\n<li>USB 2.0<\/li>\n<li>VGA<\/li>\n<li>RJ45<\/li>\n<li>Jack 3.5 mm<\/li>\n<li>DisplayPort<\/li>\n<li>SATA<\/li>\n<li>MIni Jack 3.5 mm x 1<\/li>\n<li>COM x 1<\/li>\n<li>24 PIN x 1<\/li>\n<li>PCI Express 3.0<\/li>\n<li>USB 3.2<\/li>\n<li>HDMI 2.1<\/li>\n<li>M.2<\/li>\n<li>DisplayPort 1.4<\/li>\n<li>USB-C 3.2<\/li>\n<li>PS\/2 x 2<\/li>\n<li>Sortie audio<\/li>\n<li>TPM<\/li>\n<li>HDMI x 1<\/li>\n<li>Microphone<\/li>\n<li>USB 2.0 x 4<\/li>\n<li>Ethernet LAN<\/li>\n<li>SATA x 4<\/li>\n<li>M.2 x 2<\/li>\n<li>USB-C 3.2 x 1<\/li>\n<li>HDMI 1.4<\/li>\n<li>DisplayPort x 1<\/li>\n<li>USB 3.2 x 3<\/li>\n<li>USB 3.2 x 1<\/li>\n<li>RJ45 x 1<\/li>\n<\/ul>\n<\/li>\n<li>Type de m\u00e9moire:\n<ul>\n<li>DDR5 SDRAM<\/li>\n<li>DDR5<\/li>\n<\/ul>\n<\/li>\n<li>Connectivit\u00e9:\n<ul>\n<li>Bluetooth<\/li>\n<li>Wi-Fi 6 GHz<\/li>\n<li>REALTEK RTL8111H<\/li>\n<li>Bluetooth 5.3<\/li>\n<li>Realtek 8111H<\/li>\n<\/ul>\n<\/li>\n<li>Cha\u00eenes: 7.1<\/li>\n<li>Compartiments 3,5&#8243;: 4<\/li>\n<li>Bloc d\u2019Alimentation: ATX<\/li>\n<li>Compatible:\n<ul>\n<li>Windows 10<\/li>\n<li>Intel Celeron<\/li>\n<li>Windows 11<\/li>\n<li>raid 0<\/li>\n<li>raid 1<\/li>\n<li>Raid 10<\/li>\n<li>Raid 5<\/li>\n<li>Bandes LED<\/li>\n<li>Intel Pentium Gold<\/li>\n<li>HDD\/SSD<\/li>\n<li>Sata III<\/li>\n<li>PC<\/li>\n<\/ul>\n<\/li>\n<li>Facteur de forme:\n<ul>\n<li>mATX<\/li>\n<li>MicroATX<\/li>\n<\/ul>\n<\/li>\n<li>Emplacements d&#8217;extension: 6<\/li>\n<li>vitesse:\n<ul>\n<li>6000 MHz<\/li>\n<li>4800 MHz<\/li>\n<li>5200 MHz<\/li>\n<li>5600 MHz<\/li>\n<li>6400 MHz<\/li>\n<li>6200 MHz<\/li>\n<li>6800 MHz<\/li>\n<li>6600 MHZ<\/li>\n<li>5000 MHZ<\/li>\n<li>5400 mhz<\/li>\n<li>5800 mhz<\/li>\n<\/ul>\n<\/li>\n<li>Chipset: Intel B760<\/li>\n<li>Bluetooth: Oui<\/li>\n<li>DisplayPort: Oui<\/li>\n<li>Couleur:\n<ul>\n<li>Blanc<\/li>\n<li>Noir<\/li>\n<\/ul>\n<\/li>\n<li>M\u00e9moire interne: 64 GB<\/li>\n<li>Interface: Gigabit Ethernet<\/li>\n<li>M\u00e9moire: 256 MB<\/li>\n<li>Nombre d&#8217;emplacements m\u00e9moire: 4<\/li>\n<li>Haut-parleurs: 7.1<\/li>\n<li>Non Inclus: Wi-Fi<\/li>\n<li>Inclut: SATA<\/li>\n<li>Son: Realtek ALC897<\/li>\n<li>Socket: LGA 1700<\/li>\n<li>Famille de processeurs: Intel<\/li>\n<\/ul>","protected":false},"excerpt":{"rendered":"<p>Si vous \u00eates \u00e0 la recherche de nouvelles tendances sur le march\u00e9, nous vous pr\u00e9sentons Carte M\u00e8re MSI LGA 1700 ! Type: Carte M\u00e8re ATX UEFI Connexions: HDMI USB USB-C USB 2.0 VGA RJ45 Jack 3.5 mm DisplayPort SATA MIni Jack 3.5 mm x 1 COM x 1 24 PIN x 1 PCI Express 3.0 [&hellip;]<\/p>\n","protected":false},"featured_media":42586,"comment_status":"open","ping_status":"closed","template":"","meta":[],"product_brand":[975],"product_cat":[736,65,584],"product_tag":[59,106],"class_list":{"0":"post-42612","1":"product","2":"type-product","3":"status-publish","4":"has-post-thumbnail","6":"product_brand-brandp_565","7":"product_cat-cartes-meres","8":"product_cat-informatique-electronique","9":"product_cat-informatique-reseaux-et-composants","10":"product_tag-tag_1304","11":"product_tag-tag_1295","13":"first","14":"instock","15":"taxable","16":"shipping-taxable","17":"purchasable","18":"product-type-simple"},"_links":{"self":[{"href":"https:\/\/bigbuy.tupique.com\/en\/wp-json\/wp\/v2\/product\/42612","targetHints":{"allow":["GET"]}}],"collection":[{"href":"https:\/\/bigbuy.tupique.com\/en\/wp-json\/wp\/v2\/product"}],"about":[{"href":"https:\/\/bigbuy.tupique.com\/en\/wp-json\/wp\/v2\/types\/product"}],"replies":[{"embeddable":true,"href":"https:\/\/bigbuy.tupique.com\/en\/wp-json\/wp\/v2\/comments?post=42612"}],"wp:featuredmedia":[{"embeddable":true,"href":"https:\/\/bigbuy.tupique.com\/en\/wp-json\/wp\/v2\/media\/42586"}],"wp:attachment":[{"href":"https:\/\/bigbuy.tupique.com\/en\/wp-json\/wp\/v2\/media?parent=42612"}],"wp:term":[{"taxonomy":"product_brand","embeddable":true,"href":"https:\/\/bigbuy.tupique.com\/en\/wp-json\/wp\/v2\/product_brand?post=42612"},{"taxonomy":"product_cat","embeddable":true,"href":"https:\/\/bigbuy.tupique.com\/en\/wp-json\/wp\/v2\/product_cat?post=42612"},{"taxonomy":"product_tag","embeddable":true,"href":"https:\/\/bigbuy.tupique.com\/en\/wp-json\/wp\/v2\/product_tag?post=42612"}],"curies":[{"name":"wp","href":"https:\/\/api.w.org\/{rel}","templated":true}]}}