{"id":42415,"date":"2026-03-30T15:03:27","date_gmt":"2026-03-30T14:03:27","guid":{"rendered":"https:\/\/bigbuy.tupique.com\/produto\/toner-hp-cf373am-yellow-multicolour\/"},"modified":"2026-04-16T18:55:36","modified_gmt":"2026-04-16T17:55:36","slug":"toner-hp-cf373am-yellow-multicolour","status":"publish","type":"product","link":"https:\/\/bigbuy.tupique.com\/en\/produto\/toner-hp-cf373am-yellow-multicolour\/","title":{"rendered":"Toner HP CF373AM Jaune Multicouleur"},"content":{"rendered":"<p>Retournez au bureau sans rien oublier ! Achetez <b>Toner HP CF373AM Jaune Multicouleur<\/b> et faites envie \u00e0 vos coll\u00e8gues!<\/p>\n<ul>\n<li>Type: Toner<\/li>\n<li>Couleur:\n<ul>\n<li>Multicouleur<\/li>\n<li>Magenta<\/li>\n<li>Jaune<\/li>\n<li>Cyan<\/li>\n<li>Bleu<\/li>\n<\/ul>\n<\/li>\n<li>Technologie: Laser<\/li>\n<li>Nombre de pi\u00e8ces: 3 Pi\u00e8ces<\/li>\n<li>Pr\u00e9cision (humidit\u00e9 relative): 20 % &#8211; 80 %<\/li>\n<li>Compatible: HP<\/li>\n<li>Temp\u00e9rature approximative: -20\u00ba \/ 40\u00ba<\/li>\n<li>Caract\u00e9ristiques: Original<\/li>\n<\/ul>\n<p><\/p>\n<p>Id\u00e9al pour les clients qui impriment d\u2019importants volumes en couleur, des utilisateurs \u00e0 domicile, personnels, auto-entrepreneurs, aux petits groupes et \u00e9quipes de travail des PME.<br \/>\nEn imprimant plus, vous \u00e9conomisez plus sans sacrifier l\u2019impression fiable sans faille gr\u00e2ce aux cartouches HP authentiques. Les nouveaux lots de trois cartouches HP LaserJet 125A, con\u00e7us pour une impression de qualit\u00e9 photo de grands volumes, constituent une option pratique \u00e0 forte valeur.<\/p>\n<p><\/p>\n<ul>\n<li>Type: Original<\/li>\n<li>Couleurs d&#8217;impression: Cyan, Magenta, Jaune<\/li>\n<li>Compatibilit\u00e9 de marque: HP<\/li>\n<li>Technologie d&#8217;impression: Impression laser<\/li>\n<li>Compatibilit\u00e9: HP LaserJet CM1312, CP1215, CP1515, CP1518<\/li>\n<li>Quantit\u00e9: 3 pi\u00e8ce(s)<\/li>\n<li>Type de cartouche d&#8217;encre: Rendement standard<\/li>\n<li>Rendement par page de toner de couleur: 1400 pages<\/li>\n<li>Code OEM: CF373AM<\/li>\n<li>Segment HP: Maison, Home office<\/li>\n<li>Temp\u00e9rature d&#8217;op\u00e9ration: 10 &#8211; 40 \u00b0C<\/li>\n<li>Humidit\u00e9 relative de fonctionnement (H-H): 20 &#8211; 80%<\/li>\n<li>Temp\u00e9rature hors fonctionnement: -20 &#8211; 40 \u00b0C<\/li>\n<li>Taux d&#8217;humidit\u00e9 relative (stockage): 10 &#8211; 60%<\/li>\n<li>Largeur: 365 mm<\/li>\n<li>Profondeur: 300 mm<\/li>\n<li>Hauteur: 110 mm<\/li>\n<li>Poids: 1,8 kg<\/li>\n<li>Largeur du colis: 365 mm<\/li>\n<li>Profondeur du colis: 300 mm<\/li>\n<li>Hauteur du colis: 110 mm<\/li>\n<li>Poids du paquet: 2,4 kg<\/li>\n<li>Type d&#8217;emballage: Bo\u00eete<\/li>\n<\/ul>","protected":false},"excerpt":{"rendered":"<p>Retournez au bureau sans rien oublier ! Achetez Toner HP CF373AM Jaune Multicouleur et faites envie \u00e0 vos coll\u00e8gues! Type: Toner Couleur: Multicouleur Magenta Jaune Cyan Bleu Technologie: Laser Nombre de pi\u00e8ces: 3 Pi\u00e8ces Pr\u00e9cision (humidit\u00e9 relative): 20 % &#8211; 80 % Compatible: HP Temp\u00e9rature approximative: -20\u00ba \/ 40\u00ba Caract\u00e9ristiques: Original Id\u00e9al pour les clients [&hellip;]<\/p>\n","protected":false},"featured_media":42414,"comment_status":"open","ping_status":"closed","template":"","meta":[],"product_brand":[630],"product_cat":[65,581,582],"product_tag":[213,59,106],"class_list":{"0":"post-42415","1":"product","2":"type-product","3":"status-publish","4":"has-post-thumbnail","6":"product_brand-brandp_909","7":"product_cat-informatique-electronique","8":"product_cat-informatique-peripheriques-et-consommables","9":"product_cat-toners-originaux","10":"product_tag-tag_933","11":"product_tag-tag_1304","12":"product_tag-tag_1295","14":"first","15":"instock","16":"taxable","17":"shipping-taxable","18":"purchasable","19":"product-type-simple"},"_links":{"self":[{"href":"https:\/\/bigbuy.tupique.com\/en\/wp-json\/wp\/v2\/product\/42415","targetHints":{"allow":["GET"]}}],"collection":[{"href":"https:\/\/bigbuy.tupique.com\/en\/wp-json\/wp\/v2\/product"}],"about":[{"href":"https:\/\/bigbuy.tupique.com\/en\/wp-json\/wp\/v2\/types\/product"}],"replies":[{"embeddable":true,"href":"https:\/\/bigbuy.tupique.com\/en\/wp-json\/wp\/v2\/comments?post=42415"}],"wp:featuredmedia":[{"embeddable":true,"href":"https:\/\/bigbuy.tupique.com\/en\/wp-json\/wp\/v2\/media\/42414"}],"wp:attachment":[{"href":"https:\/\/bigbuy.tupique.com\/en\/wp-json\/wp\/v2\/media?parent=42415"}],"wp:term":[{"taxonomy":"product_brand","embeddable":true,"href":"https:\/\/bigbuy.tupique.com\/en\/wp-json\/wp\/v2\/product_brand?post=42415"},{"taxonomy":"product_cat","embeddable":true,"href":"https:\/\/bigbuy.tupique.com\/en\/wp-json\/wp\/v2\/product_cat?post=42415"},{"taxonomy":"product_tag","embeddable":true,"href":"https:\/\/bigbuy.tupique.com\/en\/wp-json\/wp\/v2\/product_tag?post=42415"}],"curies":[{"name":"wp","href":"https:\/\/api.w.org\/{rel}","templated":true}]}}