{"id":42408,"date":"2026-03-30T15:03:12","date_gmt":"2026-03-30T14:03:12","guid":{"rendered":"https:\/\/bigbuy.tupique.com\/produto\/projector-epson-v11hb76640\/"},"modified":"2026-05-11T20:00:42","modified_gmt":"2026-05-11T18:00:42","slug":"projector-epson-v11hb76640","status":"publish","type":"product","link":"https:\/\/bigbuy.tupique.com\/en\/produto\/projector-epson-v11hb76640\/","title":{"rendered":"Projecteur Epson V11HB76640"},"content":{"rendered":"<p>Si vous \u00eates \u00e0 la recherche de nouvelles tendances sur le march\u00e9, nous vous pr\u00e9sentons <b>Projecteur Epson V11HB76640<\/b> !<\/p>\n<ul>\n<li>Type: Projecteur<\/li>\n<li>Caract\u00e9ristiques:\n<ul>\n<li>\u00c9cran integr\u00e9<\/li>\n<li>Haut-parleurs int\u00e9gr\u00e9s<\/li>\n<\/ul>\n<\/li>\n<li>Connexions:\n<ul>\n<li>HDMI<\/li>\n<li>USB 2.0<\/li>\n<li>USB-C 2.0<\/li>\n<li>USB B 2.0 x 1<\/li>\n<\/ul>\n<\/li>\n<li>Connectivit\u00e9:\n<ul>\n<li>Bluetooth<\/li>\n<li>Wi-Fi<\/li>\n<\/ul>\n<\/li>\n<li>Puissance RMS: 10 W<\/li>\n<li>Poids approx.: 4 Kg<\/li>\n<li>Inclut: T\u00e9l\u00e9commande<\/li>\n<li>puissance: 350 W<\/li>\n<li>Technologie:\n<ul>\n<li>HDR<\/li>\n<li>LCD<\/li>\n<\/ul>\n<\/li>\n<li>Tension: 100 &#8211; 240 V<\/li>\n<li>Niveau sonore:\n<ul>\n<li>22 dB<\/li>\n<li>28 dB<\/li>\n<\/ul>\n<\/li>\n<li>Fr\u00e9quence d&#8217;entr\u00e9e AC: 50-60 Hz<\/li>\n<li>Pr\u00e9cision (humidit\u00e9 relative): 20 % &#8211; 80 %<\/li>\n<li>Utilisation recommand\u00e9e: R\u00e9cepteur de ome cinema<\/li>\n<\/ul>","protected":false},"excerpt":{"rendered":"<p>Si vous \u00eates \u00e0 la recherche de nouvelles tendances sur le march\u00e9, nous vous pr\u00e9sentons Projecteur Epson V11HB76640 ! Type: Projecteur Caract\u00e9ristiques: \u00c9cran integr\u00e9 Haut-parleurs int\u00e9gr\u00e9s Connexions: HDMI USB 2.0 USB-C 2.0 USB B 2.0 x 1 Connectivit\u00e9: Bluetooth Wi-Fi Puissance RMS: 10 W Poids approx.: 4 Kg Inclut: T\u00e9l\u00e9commande puissance: 350 W Technologie: HDR [&hellip;]<\/p>\n","protected":false},"featured_media":42395,"comment_status":"open","ping_status":"closed","template":"","meta":[],"product_brand":[632],"product_cat":[65,581,583],"product_tag":[],"class_list":{"0":"post-42408","1":"product","2":"type-product","3":"status-publish","4":"has-post-thumbnail","6":"product_brand-brandp_547","7":"product_cat-informatique-electronique","8":"product_cat-informatique-peripheriques-et-consommables","9":"product_cat-projecteurs","11":"first","12":"instock","13":"taxable","14":"shipping-taxable","15":"purchasable","16":"product-type-simple"},"_links":{"self":[{"href":"https:\/\/bigbuy.tupique.com\/en\/wp-json\/wp\/v2\/product\/42408","targetHints":{"allow":["GET"]}}],"collection":[{"href":"https:\/\/bigbuy.tupique.com\/en\/wp-json\/wp\/v2\/product"}],"about":[{"href":"https:\/\/bigbuy.tupique.com\/en\/wp-json\/wp\/v2\/types\/product"}],"replies":[{"embeddable":true,"href":"https:\/\/bigbuy.tupique.com\/en\/wp-json\/wp\/v2\/comments?post=42408"}],"wp:featuredmedia":[{"embeddable":true,"href":"https:\/\/bigbuy.tupique.com\/en\/wp-json\/wp\/v2\/media\/42395"}],"wp:attachment":[{"href":"https:\/\/bigbuy.tupique.com\/en\/wp-json\/wp\/v2\/media?parent=42408"}],"wp:term":[{"taxonomy":"product_brand","embeddable":true,"href":"https:\/\/bigbuy.tupique.com\/en\/wp-json\/wp\/v2\/product_brand?post=42408"},{"taxonomy":"product_cat","embeddable":true,"href":"https:\/\/bigbuy.tupique.com\/en\/wp-json\/wp\/v2\/product_cat?post=42408"},{"taxonomy":"product_tag","embeddable":true,"href":"https:\/\/bigbuy.tupique.com\/en\/wp-json\/wp\/v2\/product_tag?post=42408"}],"curies":[{"name":"wp","href":"https:\/\/api.w.org\/{rel}","templated":true}]}}