{"id":42322,"date":"2026-03-30T14:59:16","date_gmt":"2026-03-30T13:59:16","guid":{"rendered":"https:\/\/bigbuy.tupique.com\/produto\/external-hard-drive-kingston-spsd-2tb-black-2-tb-ssd\/"},"modified":"2026-05-11T20:00:44","modified_gmt":"2026-05-11T18:00:44","slug":"external-hard-drive-kingston-spsd-2tb-black-2-tb-ssd","status":"publish","type":"product","link":"https:\/\/bigbuy.tupique.com\/en\/produto\/external-hard-drive-kingston-spsd-2tb-black-2-tb-ssd\/","title":{"rendered":"Disque Dur Externe Kingston SPSD\/2TB Noir 2 TB SSD"},"content":{"rendered":"<p>Si vous \u00eates passionn\u00e9 d&#8217;<b>informatique et d&#8217;\u00e9lectronique<\/b>, si vous \u00eates \u00e0 la pointe de la technologie et qu&#8217;aucun d\u00e9tail ne vous \u00e9chappe, achetez <b>Disque Dur Externe Kingston SPSD\/2TB Noir 2 TB SSD<\/b> au meilleur prix.<\/p>\n<ul>\n<li>Disque dur:\n<ul>\n<li>2 TB<\/li>\n<li>2 TB SSD<\/li>\n<\/ul>\n<\/li>\n<li>Type: Disque Dur Externe<\/li>\n<li>Couleur: Noir<\/li>\n<li>Connexions:\n<ul>\n<li>USB<\/li>\n<li>USB 3.2<\/li>\n<\/ul>\n<\/li>\n<li>Compatible: Linux<\/li>\n<li>vitesse: 1050 MB\/s<\/li>\n<li>Non Inclus: Wi-Fi<\/li>\n<li>Type de stockage: SSD<\/li>\n<\/ul>","protected":false},"excerpt":{"rendered":"<p>Si vous \u00eates passionn\u00e9 d&#8217;informatique et d&#8217;\u00e9lectronique, si vous \u00eates \u00e0 la pointe de la technologie et qu&#8217;aucun d\u00e9tail ne vous \u00e9chappe, achetez Disque Dur Externe Kingston SPSD\/2TB Noir 2 TB SSD au meilleur prix. Disque dur: 2 TB 2 TB SSD Type: Disque Dur Externe Couleur: Noir Connexions: USB USB 3.2 Compatible: Linux vitesse: [&hellip;]<\/p>\n","protected":false},"featured_media":42315,"comment_status":"open","ping_status":"closed","template":"","meta":[],"product_brand":[638],"product_cat":[588,65,584],"product_tag":[106],"class_list":{"0":"post-42322","1":"product","2":"type-product","3":"status-publish","4":"has-post-thumbnail","6":"product_brand-brandp_557","7":"product_cat-disques-durs","8":"product_cat-informatique-electronique","9":"product_cat-informatique-reseaux-et-composants","10":"product_tag-tag_1295","12":"first","13":"instock","14":"taxable","15":"shipping-taxable","16":"purchasable","17":"product-type-simple"},"_links":{"self":[{"href":"https:\/\/bigbuy.tupique.com\/en\/wp-json\/wp\/v2\/product\/42322","targetHints":{"allow":["GET"]}}],"collection":[{"href":"https:\/\/bigbuy.tupique.com\/en\/wp-json\/wp\/v2\/product"}],"about":[{"href":"https:\/\/bigbuy.tupique.com\/en\/wp-json\/wp\/v2\/types\/product"}],"replies":[{"embeddable":true,"href":"https:\/\/bigbuy.tupique.com\/en\/wp-json\/wp\/v2\/comments?post=42322"}],"wp:featuredmedia":[{"embeddable":true,"href":"https:\/\/bigbuy.tupique.com\/en\/wp-json\/wp\/v2\/media\/42315"}],"wp:attachment":[{"href":"https:\/\/bigbuy.tupique.com\/en\/wp-json\/wp\/v2\/media?parent=42322"}],"wp:term":[{"taxonomy":"product_brand","embeddable":true,"href":"https:\/\/bigbuy.tupique.com\/en\/wp-json\/wp\/v2\/product_brand?post=42322"},{"taxonomy":"product_cat","embeddable":true,"href":"https:\/\/bigbuy.tupique.com\/en\/wp-json\/wp\/v2\/product_cat?post=42322"},{"taxonomy":"product_tag","embeddable":true,"href":"https:\/\/bigbuy.tupique.com\/en\/wp-json\/wp\/v2\/product_tag?post=42322"}],"curies":[{"name":"wp","href":"https:\/\/api.w.org\/{rel}","templated":true}]}}