{"id":42236,"date":"2026-03-30T14:46:07","date_gmt":"2026-03-30T13:46:07","guid":{"rendered":"https:\/\/bigbuy.tupique.com\/produto\/modelling-clay-game-safta\/"},"modified":"2026-04-15T06:26:52","modified_gmt":"2026-04-15T05:26:52","slug":"modelling-clay-game-safta","status":"publish","type":"product","link":"https:\/\/bigbuy.tupique.com\/en\/produto\/modelling-clay-game-safta\/","title":{"rendered":"P\u00e2te \u00e0 modeler en argile Safta"},"content":{"rendered":"<p>Si vous \u00eates \u00e0 la recherche de nouvelles tendances sur le march\u00e9, nous vous pr\u00e9sentons <b>P\u00e2te \u00e0 modeler en argile Safta<\/b> !<\/p>\n<ul>\n<li>Genre: Jeunes<\/li>\n<li>Dimensions approx.: 42 x 160 x 42 cm<\/li>\n<li>Couleur: Marsala<\/li>\n<li>Type: P\u00e2te \u00e0 modeler en argile<\/li>\n<\/ul>","protected":false},"excerpt":{"rendered":"<p>Si vous \u00eates \u00e0 la recherche de nouvelles tendances sur le march\u00e9, nous vous pr\u00e9sentons P\u00e2te \u00e0 modeler en argile Safta ! Genre: Jeunes Dimensions approx.: 42 x 160 x 42 cm Couleur: Marsala Type: P\u00e2te \u00e0 modeler en argile<\/p>","protected":false},"featured_media":42228,"comment_status":"open","ping_status":"closed","template":"","meta":[],"product_brand":[128],"product_cat":[1376,157,158],"product_tag":[57],"class_list":{"0":"post-42236","1":"product","2":"type-product","3":"status-publish","4":"has-post-thumbnail","6":"product_brand-brandp_2634","7":"product_cat-jeux-educatifs","8":"product_cat-jouets-deguisements","9":"product_cat-jouets-et-jeux","10":"product_tag-tag_1275","12":"first","13":"instock","14":"taxable","15":"shipping-taxable","16":"purchasable","17":"product-type-simple"},"_links":{"self":[{"href":"https:\/\/bigbuy.tupique.com\/en\/wp-json\/wp\/v2\/product\/42236","targetHints":{"allow":["GET"]}}],"collection":[{"href":"https:\/\/bigbuy.tupique.com\/en\/wp-json\/wp\/v2\/product"}],"about":[{"href":"https:\/\/bigbuy.tupique.com\/en\/wp-json\/wp\/v2\/types\/product"}],"replies":[{"embeddable":true,"href":"https:\/\/bigbuy.tupique.com\/en\/wp-json\/wp\/v2\/comments?post=42236"}],"wp:featuredmedia":[{"embeddable":true,"href":"https:\/\/bigbuy.tupique.com\/en\/wp-json\/wp\/v2\/media\/42228"}],"wp:attachment":[{"href":"https:\/\/bigbuy.tupique.com\/en\/wp-json\/wp\/v2\/media?parent=42236"}],"wp:term":[{"taxonomy":"product_brand","embeddable":true,"href":"https:\/\/bigbuy.tupique.com\/en\/wp-json\/wp\/v2\/product_brand?post=42236"},{"taxonomy":"product_cat","embeddable":true,"href":"https:\/\/bigbuy.tupique.com\/en\/wp-json\/wp\/v2\/product_cat?post=42236"},{"taxonomy":"product_tag","embeddable":true,"href":"https:\/\/bigbuy.tupique.com\/en\/wp-json\/wp\/v2\/product_tag?post=42236"}],"curies":[{"name":"wp","href":"https:\/\/api.w.org\/{rel}","templated":true}]}}