{"id":42227,"date":"2026-03-30T14:45:47","date_gmt":"2026-03-30T13:45:47","guid":{"rendered":"https:\/\/bigbuy.tupique.com\/produto\/school-set-safta-40-x-190-x-38-cm-2\/"},"modified":"2026-04-15T06:26:51","modified_gmt":"2026-04-15T05:26:51","slug":"school-set-safta-40-x-190-x-38-cm-2","status":"publish","type":"product","link":"https:\/\/bigbuy.tupique.com\/en\/produto\/school-set-safta-40-x-190-x-38-cm-2\/","title":{"rendered":"Kit fourniture scolaire Safta 40 x 190 x 38 cm"},"content":{"rendered":"<p>Si vous \u00eates \u00e0 la recherche de nouvelles tendances sur le march\u00e9, nous vous pr\u00e9sentons <b>Kit fourniture scolaire Safta 40 x 190 x 38 cm<\/b> !<\/p>\n<ul>\n<li>Type: Scolaire<\/li>\n<li>Couleur: Gris fonc\u00e9<\/li>\n<li>\u00c2ge recommand\u00e9: + 3 ans<\/li>\n<li>Dimensions approx.: 40 x 190 x 38 cm<\/li>\n<\/ul>","protected":false},"excerpt":{"rendered":"<p>Si vous \u00eates \u00e0 la recherche de nouvelles tendances sur le march\u00e9, nous vous pr\u00e9sentons Kit fourniture scolaire Safta 40 x 190 x 38 cm ! Type: Scolaire Couleur: Gris fonc\u00e9 \u00c2ge recommand\u00e9: + 3 ans Dimensions approx.: 40 x 190 x 38 cm<\/p>","protected":false},"featured_media":42223,"comment_status":"open","ping_status":"closed","template":"","meta":[],"product_brand":[128],"product_cat":[1375,157,962],"product_tag":[213,212],"class_list":{"0":"post-42227","1":"product","2":"type-product","3":"status-publish","4":"has-post-thumbnail","6":"product_brand-brandp_2634","7":"product_cat-autres-fournitures-scolaires","8":"product_cat-jouets-deguisements","9":"product_cat-materiel-scolaire","10":"product_tag-tag_933","11":"product_tag-tag_71","13":"first","14":"instock","15":"taxable","16":"shipping-taxable","17":"purchasable","18":"product-type-simple"},"_links":{"self":[{"href":"https:\/\/bigbuy.tupique.com\/en\/wp-json\/wp\/v2\/product\/42227","targetHints":{"allow":["GET"]}}],"collection":[{"href":"https:\/\/bigbuy.tupique.com\/en\/wp-json\/wp\/v2\/product"}],"about":[{"href":"https:\/\/bigbuy.tupique.com\/en\/wp-json\/wp\/v2\/types\/product"}],"replies":[{"embeddable":true,"href":"https:\/\/bigbuy.tupique.com\/en\/wp-json\/wp\/v2\/comments?post=42227"}],"wp:featuredmedia":[{"embeddable":true,"href":"https:\/\/bigbuy.tupique.com\/en\/wp-json\/wp\/v2\/media\/42223"}],"wp:attachment":[{"href":"https:\/\/bigbuy.tupique.com\/en\/wp-json\/wp\/v2\/media?parent=42227"}],"wp:term":[{"taxonomy":"product_brand","embeddable":true,"href":"https:\/\/bigbuy.tupique.com\/en\/wp-json\/wp\/v2\/product_brand?post=42227"},{"taxonomy":"product_cat","embeddable":true,"href":"https:\/\/bigbuy.tupique.com\/en\/wp-json\/wp\/v2\/product_cat?post=42227"},{"taxonomy":"product_tag","embeddable":true,"href":"https:\/\/bigbuy.tupique.com\/en\/wp-json\/wp\/v2\/product_tag?post=42227"}],"curies":[{"name":"wp","href":"https:\/\/api.w.org\/{rel}","templated":true}]}}