{"id":42097,"date":"2026-03-30T14:40:49","date_gmt":"2026-03-30T13:40:49","guid":{"rendered":"https:\/\/bigbuy.tupique.com\/produto\/smartwatch-apple-watch-series-11-gps-cellular-grey-196-46-mm\/"},"modified":"2026-05-11T19:55:48","modified_gmt":"2026-05-11T17:55:48","slug":"smartwatch-apple-watch-series-11-gps-cellular-grey-196-46-mm","status":"publish","type":"product","link":"https:\/\/bigbuy.tupique.com\/en\/produto\/smartwatch-apple-watch-series-11-gps-cellular-grey-196-46-mm\/","title":{"rendered":"Montre intelligente Apple Watch Series 11 GPS + Cellular Gris 1,96&#8243; 46 mm"},"content":{"rendered":"<p>Si vous \u00eates \u00e0 la recherche de nouvelles tendances sur le march\u00e9, nous vous pr\u00e9sentons <b>Montre intelligente Apple Watch Series 11 GPS + Cellular Gris 1,96&#8243; 46 mm<\/b> !<\/p>\n<p>La <b>smartwatch<\/b> d\u2019Apple est un appareil avanc\u00e9 qui allie design moderne et fonctionnalit\u00e9s intelligentes, se distinguant par son bo\u00eetier en <b>aluminium<\/b> de haute qualit\u00e9 et son <b>bracelet en caoutchouc<\/b> r\u00e9sistant, assurant confort et durabilit\u00e9 aussi bien au quotidien que lors d\u2019activit\u00e9s sportives. Disponible dans des couleurs \u00e9l\u00e9gantes <b>noir<\/b> et <b>gris<\/b>, cette montre connect\u00e9e s\u2019adapte \u00e0 tous les styles et \u00e0 toutes les occasions, garantissant une grande polyvalence \u00e0 l\u2019utilisateur. Son format de <b>30 mm de diam\u00e8tre<\/b> et le bracelet r\u00e9glable jusqu\u2019\u00e0 <b>240 mm de longueur<\/b> permettent un ajustement optimal \u00e0 diff\u00e9rents poignets, offrant une exp\u00e9rience personnalis\u00e9e et confortable. Con\u00e7ue pour s\u2019int\u00e9grer parfaitement \u00e0 l\u2019\u00e9cosyst\u00e8me Apple, la smartwatch propose les fonctionnalit\u00e9s embl\u00e9matiques de la marque, telles qu\u2019une synchronisation efficace avec l\u2019iPhone et une gestion intuitive des notifications et des applications de sant\u00e9. Fabriqu\u00e9e avec des mat\u00e9riaux haut de gamme et un design soign\u00e9, cette montre incarne l\u2019alliance parfaite entre technologie de pointe et style sophistiqu\u00e9, id\u00e9ale pour ceux qui recherchent contr\u00f4le et connectivit\u00e9 permanente dans un accessoire discret et \u00e9l\u00e9gant. En somme, il s\u2019agit d\u2019une solution compl\u00e8te pour ceux qui privil\u00e9gient fiabilit\u00e9, confort et compatibilit\u00e9 dans leur smartwatch.<\/p>\n<ul>\n<li>Type de montre: Montre intelligente<\/li>\n<li>Produit \u00e0 brancher: Oui<\/li>\n<li>Taille:\n<ul>\n<li>L<\/li>\n<li>M\/L<\/li>\n<li>39 mm<\/li>\n<li>77 mm<\/li>\n<li>30 mm<\/li>\n<li>240 mm<\/li>\n<\/ul>\n<\/li>\n<li>Largeur: 39 mm<\/li>\n<li>Dimensions approx.: 9 x 5 x 25 cm<\/li>\n<li>Type de prise: Prise EU<\/li>\n<li>Bloc d\u2019Alimentation: r\u00e9seau \u00e9lectrique<\/li>\n<li>Poids approx.: 300 g<\/li>\n<li>Couleur du cadran: Gris<\/li>\n<li>Couleur:\n<ul>\n<li>Gris<\/li>\n<li>Noir<\/li>\n<\/ul>\n<\/li>\n<li>M\u00e9moire interne: 64 GB<\/li>\n<li>Processeur: Dual Core<\/li>\n<li>Ecran: 1,96&#8243;<\/li>\n<li>Mati\u00e8re:\n<ul>\n<li>Caoutchouc<\/li>\n<li>Aluminium<\/li>\n<\/ul>\n<\/li>\n<li>Caract\u00e9ristiques:\n<ul>\n<li>Acc\u00e9l\u00e9rom\u00e8tre<\/li>\n<li>Haut-parleurs int\u00e9gr\u00e9s<\/li>\n<li>Ecran tactile<\/li>\n<li>Capteur de lumi\u00e8re ambiante<\/li>\n<li>Gyroscope<\/li>\n<li>Altim\u00e8tre<\/li>\n<li>Microphone int\u00e9gr\u00e9<\/li>\n<li>Distance parcourue<\/li>\n<li>Moniteur de Sommeil<\/li>\n<li>Connexion au r\u00e9seau mobile<\/li>\n<li>Charge magn\u00e9tique<\/li>\n<li>Multisport<\/li>\n<li>Capteur de niveau d&#8217;oxyg\u00e8ne dans le sang<\/li>\n<li>\u00c9cran avec coins arrondis<\/li>\n<\/ul>\n<\/li>\n<li>Fonctions:\n<ul>\n<li>\u00c9cran couleur<\/li>\n<li>Moniteur de Sommeil<\/li>\n<li>Moniteur de fr\u00e9quence cardiaque<\/li>\n<\/ul>\n<\/li>\n<li>Type de batterie:\n<ul>\n<li>Int\u00e9gr\u00e9e<\/li>\n<li>Litio Ion<\/li>\n<\/ul>\n<\/li>\n<li>Connectivit\u00e9:\n<ul>\n<li>Bluetooth<\/li>\n<li>Wi-Fi<\/li>\n<li>GPS<\/li>\n<li>NFC<\/li>\n<li>Glonass<\/li>\n<li>BeiDou<\/li>\n<li>Galileo<\/li>\n<li>5G<\/li>\n<li>Bluetooth Low Energy<\/li>\n<li>LTE<\/li>\n<li>Bluetooth 5.3<\/li>\n<\/ul>\n<\/li>\n<li>Compatible: Siri<\/li>\n<li>Caisse: 46 mm<\/li>\n<li>Forme: Rectangulaire<\/li>\n<li>Cam\u00e9ra\/Appareil Photo: Non<\/li>\n<li>Chargeur sans fil: Oui<\/li>\n<li>Radio FM: Non<\/li>\n<li>R\u00e9sistant \u00e0 l&#8217;eau: 50 m<\/li>\n<li>Technologie: OLED<\/li>\n<li>Connexion USB: Non<\/li>\n<li>Sangle: Amovible<\/li>\n<li>M\u00e9moire Flash: 64 MB<\/li>\n<li>Noyaux: 2 Noyaux<\/li>\n<\/ul>","protected":false},"excerpt":{"rendered":"<p><span class=\"unit-info\">9311.5584 &euro; \/ 1 m<\/span><\/p>","protected":false},"featured_media":42080,"comment_status":"open","ping_status":"closed","template":"","meta":[],"product_brand":[979],"product_cat":[575,65,748],"product_tag":[103,566,106],"class_list":{"0":"post-42097","1":"product","2":"type-product","3":"status-publish","4":"has-post-thumbnail","6":"product_brand-brandp_533","7":"product_cat-electronique-telephonie-et-tablettes","8":"product_cat-informatique-electronique","9":"product_cat-smartwatches","10":"product_tag-tag_1261","11":"product_tag-tag_547","12":"product_tag-tag_1295","14":"first","15":"instock","16":"taxable","17":"shipping-taxable","18":"purchasable","19":"product-type-simple"},"_links":{"self":[{"href":"https:\/\/bigbuy.tupique.com\/en\/wp-json\/wp\/v2\/product\/42097","targetHints":{"allow":["GET"]}}],"collection":[{"href":"https:\/\/bigbuy.tupique.com\/en\/wp-json\/wp\/v2\/product"}],"about":[{"href":"https:\/\/bigbuy.tupique.com\/en\/wp-json\/wp\/v2\/types\/product"}],"replies":[{"embeddable":true,"href":"https:\/\/bigbuy.tupique.com\/en\/wp-json\/wp\/v2\/comments?post=42097"}],"wp:featuredmedia":[{"embeddable":true,"href":"https:\/\/bigbuy.tupique.com\/en\/wp-json\/wp\/v2\/media\/42080"}],"wp:attachment":[{"href":"https:\/\/bigbuy.tupique.com\/en\/wp-json\/wp\/v2\/media?parent=42097"}],"wp:term":[{"taxonomy":"product_brand","embeddable":true,"href":"https:\/\/bigbuy.tupique.com\/en\/wp-json\/wp\/v2\/product_brand?post=42097"},{"taxonomy":"product_cat","embeddable":true,"href":"https:\/\/bigbuy.tupique.com\/en\/wp-json\/wp\/v2\/product_cat?post=42097"},{"taxonomy":"product_tag","embeddable":true,"href":"https:\/\/bigbuy.tupique.com\/en\/wp-json\/wp\/v2\/product_tag?post=42097"}],"curies":[{"name":"wp","href":"https:\/\/api.w.org\/{rel}","templated":true}]}}